{"id":10,"date":"2012-10-22T23:20:41","date_gmt":"2012-10-22T23:20:41","guid":{"rendered":"https:\/\/www.inet.edu.ar\/?page_id=10"},"modified":"2025-02-28T17:25:30","modified_gmt":"2025-02-28T20:25:30","slug":"conetyp","status":"publish","type":"page","link":"https:\/\/www.inet.edu.ar\/index.php\/conetyp\/","title":{"rendered":"CoNETyP"},"content":{"rendered":"\n<p>El <strong>Consejo Nacional de Educaci\u00f3n, Trabajo y Producci\u00f3n<\/strong> (CoNETyP) es un \u00f3rgano consultivo y propositivo (creado por la <a href=\"https:\/\/www.inet.edu.ar\/index.php\/institucional\/normativa\/ley-de-educacion-tecnico-profesional\/\">Ley de Educaci\u00f3n T\u00e9cnico Profesional N\u00b0 26.058<\/a> sobre la base del Consejo Nacional de Educaci\u00f3n-Trabajo) cuya finalidad es asesorar al secretario de Educaci\u00f3n en todos los aspectos relativos al desarrollo y fortalecimiento de la Educaci\u00f3n T\u00e9cnico Profesional, y articular sus&nbsp;pol\u00edticas con las de otras \u00e1reas del Estado.<\/p>\n\n\n\n<p>Sus principales funciones son:<\/p>\n\n\n\n<ul class=\"wp-block-list\">\n<li>Gestionar la colaboraci\u00f3n y conciliar los intereses de los sectores productivos y actores sociales en materia de Educaci\u00f3n T\u00e9cnico Profesional (ETP).<br><\/li>\n\n\n\n<li>Promover la vinculaci\u00f3n de la ETP con el mundo laboral a trav\u00e9s de las entidades que cada miembro representa, as\u00ed como la creaci\u00f3n de&nbsp;<a href=\"https:\/\/www.inet.edu.ar\/index.php\/conetyp\/consejos-provinciales\/\" target=\"_blank\" rel=\"noreferrer noopener\">Consejos Provinciales de Educaci\u00f3n, Trabajo y Producci\u00f3n&nbsp;(CoPETyP)<\/a>.<br><\/li>\n\n\n\n<li>Proponer orientaciones para la generaci\u00f3n y aplicaci\u00f3n de fuentes de financiamiento para el desarrollo de la ETP.<br><\/li>\n\n\n\n<li>Asesorar en los procesos de integraci\u00f3n regional de la ETP, en el Mercosur u otros acuerdos regionales o bloques regionales que se constituyan, tanto multilaterales como bilaterales.<\/li>\n<\/ul>\n","protected":false},"excerpt":{"rendered":"<p>El Consejo Nacional de Educaci\u00f3n, Trabajo y Producci\u00f3n (CoNETyP) es un \u00f3rgano consultivo y propositivo (creado por la Ley de Educaci\u00f3n T\u00e9cnico Profesional N\u00b0 26.058 sobre la base del Consejo Nacional de Educaci\u00f3n-Trabajo) cuya finalidad es asesorar al secretario de Educaci\u00f3n en todos los aspectos relativos al desarrollo y fortalecimiento de la Educaci\u00f3n T\u00e9cnico Profesional, [&hellip;]<\/p>\n","protected":false},"author":3,"featured_media":0,"parent":0,"menu_order":0,"comment_status":"open","ping_status":"open","template":"","meta":{"footnotes":""},"class_list":["post-10","page","type-page","status-publish","hentry"],"_links":{"self":[{"href":"https:\/\/www.inet.edu.ar\/index.php\/wp-json\/wp\/v2\/pages\/10","targetHints":{"allow":["GET"]}}],"collection":[{"href":"https:\/\/www.inet.edu.ar\/index.php\/wp-json\/wp\/v2\/pages"}],"about":[{"href":"https:\/\/www.inet.edu.ar\/index.php\/wp-json\/wp\/v2\/types\/page"}],"author":[{"embeddable":true,"href":"https:\/\/www.inet.edu.ar\/index.php\/wp-json\/wp\/v2\/users\/3"}],"replies":[{"embeddable":true,"href":"https:\/\/www.inet.edu.ar\/index.php\/wp-json\/wp\/v2\/comments?post=10"}],"version-history":[{"count":23,"href":"https:\/\/www.inet.edu.ar\/index.php\/wp-json\/wp\/v2\/pages\/10\/revisions"}],"predecessor-version":[{"id":40555,"href":"https:\/\/www.inet.edu.ar\/index.php\/wp-json\/wp\/v2\/pages\/10\/revisions\/40555"}],"wp:attachment":[{"href":"https:\/\/www.inet.edu.ar\/index.php\/wp-json\/wp\/v2\/media?parent=10"}],"curies":[{"name":"wp","href":"https:\/\/api.w.org\/{rel}","templated":true}]}}