{"id":10176,"date":"2016-04-15T12:17:44","date_gmt":"2016-04-15T15:17:44","guid":{"rendered":"https:\/\/www.inet.edu.ar\/?page_id=10176"},"modified":"2025-02-20T12:22:36","modified_gmt":"2025-02-20T15:22:36","slug":"asuntos-federales","status":"publish","type":"page","link":"https:\/\/www.inet.edu.ar\/index.php\/asuntos-federales\/","title":{"rendered":"Planeamiento"},"content":{"rendered":"\n<p><br>Asiste a la Direcci\u00f3n Ejecutiva del INET y a las autoridades nacionales y jurisdiccionales que lo requieran, en el dise\u00f1o, implementaci\u00f3n y evaluaci\u00f3n de planes educativos en materia de Educaci\u00f3n T\u00e9cnico Profesional, en funci\u00f3n de los ejes de gesti\u00f3n y prioridades pol\u00edticas.<\/p>\n\n\n\n<p>Sus principales funciones son:<\/p>\n\n\n\n<ul class=\"wp-block-list\">\n<li>Elaborar criterios, orientaciones e instrumentos para la planificaci\u00f3n estrat\u00e9gica jurisdiccional que apoyen la implementaci\u00f3n de acciones en los diferentes ejes estrat\u00e9gicos y l\u00edneas de acci\u00f3n definidas para el proceso de mejora de la calidad de la Educaci\u00f3n T\u00e9cnica Profesional.&nbsp;<br><\/li>\n\n\n\n<li>Brindar acompa\u00f1amiento y asistencia t\u00e9cnica a las jurisdicciones en la elaboraci\u00f3n e implementaci\u00f3n de los Planes Estrat\u00e9gicos Jurisdiccionales.<br><\/li>\n\n\n\n<li>Ofrecer a las jurisdicciones y a sus equipos t\u00e9cnicos, marcos conceptuales y herramientas de planificaci\u00f3n estrat\u00e9gica que aporten a la mejora de la calidad de la Educaci\u00f3n T\u00e9cnica Profesional.<br><\/li>\n\n\n\n<li>Gestionar el circuito de ingreso y evaluaci\u00f3n t\u00e9cnico-pedag\u00f3gica de los Planes de Mejora Jurisdiccionales e institucionales.<br><\/li>\n\n\n\n<li>Efectuar el seguimiento y monitoreo de las acciones planificadas por las provincias en sus respectivos Planes Estrat\u00e9gicos Anuales Jurisdiccionales y sus modos de operativizaci\u00f3n a trav\u00e9s de Planes de Mejora Jurisdiccionales e Institucionales.<\/li>\n<\/ul>\n","protected":false},"excerpt":{"rendered":"<p>Asiste a la Direcci\u00f3n Ejecutiva del INET y a las autoridades nacionales y jurisdiccionales que lo requieran, en el dise\u00f1o, implementaci\u00f3n y evaluaci\u00f3n de planes educativos en materia de Educaci\u00f3n T\u00e9cnico Profesional, en funci\u00f3n de los ejes de gesti\u00f3n y prioridades pol\u00edticas. Sus principales funciones son:<\/p>\n","protected":false},"author":3,"featured_media":0,"parent":0,"menu_order":0,"comment_status":"closed","ping_status":"closed","template":"","meta":{"footnotes":""},"class_list":["post-10176","page","type-page","status-publish","hentry"],"_links":{"self":[{"href":"https:\/\/www.inet.edu.ar\/index.php\/wp-json\/wp\/v2\/pages\/10176","targetHints":{"allow":["GET"]}}],"collection":[{"href":"https:\/\/www.inet.edu.ar\/index.php\/wp-json\/wp\/v2\/pages"}],"about":[{"href":"https:\/\/www.inet.edu.ar\/index.php\/wp-json\/wp\/v2\/types\/page"}],"author":[{"embeddable":true,"href":"https:\/\/www.inet.edu.ar\/index.php\/wp-json\/wp\/v2\/users\/3"}],"replies":[{"embeddable":true,"href":"https:\/\/www.inet.edu.ar\/index.php\/wp-json\/wp\/v2\/comments?post=10176"}],"version-history":[{"count":5,"href":"https:\/\/www.inet.edu.ar\/index.php\/wp-json\/wp\/v2\/pages\/10176\/revisions"}],"predecessor-version":[{"id":40464,"href":"https:\/\/www.inet.edu.ar\/index.php\/wp-json\/wp\/v2\/pages\/10176\/revisions\/40464"}],"wp:attachment":[{"href":"https:\/\/www.inet.edu.ar\/index.php\/wp-json\/wp\/v2\/media?parent=10176"}],"curies":[{"name":"wp","href":"https:\/\/api.w.org\/{rel}","templated":true}]}}