{"id":10307,"date":"2016-04-20T12:35:00","date_gmt":"2016-04-20T15:35:00","guid":{"rendered":"https:\/\/www.inet.edu.ar\/?page_id=10307"},"modified":"2024-07-11T11:45:39","modified_gmt":"2024-07-11T14:45:39","slug":"articulacion-terminalidad-educativa-y-fp","status":"publish","type":"page","link":"https:\/\/www.inet.edu.ar\/index.php\/niveles-educativos\/formacion-profesional\/articulacion-terminalidad-educativa-y-fp\/","title":{"rendered":"Articulaci\u00f3n Terminalidad Educativa y FP"},"content":{"rendered":"<p>En el marco de pol\u00edticas educativas de ampliaci\u00f3n de posibilidades para la inserci\u00f3n laboral de j\u00f3venes y adultos, y en funci\u00f3n de la din\u00e1mica del desarrollo socio-productivo-tecnol\u00f3gico local, regional y nacional, la finalizaci\u00f3n de los estudios secundarios es un tema que desaf\u00eda a la FP.<\/p>\n<p>En efecto, la problem\u00e1tica de j\u00f3venes y adultos sin finalizar sus estudios obligatorios\u00a0 es\u00a0 una\u00a0 realidad que se presenta en las Instituciones de FP\u00a0 de todo el pa\u00eds por lo que emerge la necesidad de construir estrategias de acci\u00f3n.<\/p>\n<p>En consecuencia, esta l\u00ednea de trabajo propone:<\/p>\n<p><strong>Objetivo:<\/strong> la articulaci\u00f3n de ofertas de formaci\u00f3n para el trabajo desarrolladas por la ETP, con ofertas educativas de formaci\u00f3n general de nivel secundario, en instituciones educativas<\/p>\n<p><strong>Destinatarios:<\/strong> J\u00f3venes y adultos que no concluyeron los estudios secundarios y se encuentran transitando espacios de Formaci\u00f3n Profesional.<\/p>\n","protected":false},"excerpt":{"rendered":"<p>En el marco de pol\u00edticas educativas de ampliaci\u00f3n de posibilidades para la inserci\u00f3n laboral de j\u00f3venes y adultos, y en funci\u00f3n de la din\u00e1mica del desarrollo socio-productivo-tecnol\u00f3gico local, regional y nacional, la finalizaci\u00f3n de los estudios secundarios es un tema que desaf\u00eda a la FP. En efecto, la problem\u00e1tica de j\u00f3venes y adultos sin finalizar [&hellip;]<\/p>\n","protected":false},"author":3,"featured_media":0,"parent":1429,"menu_order":6,"comment_status":"closed","ping_status":"closed","template":"","meta":{"footnotes":""},"class_list":["post-10307","page","type-page","status-publish","hentry"],"_links":{"self":[{"href":"https:\/\/www.inet.edu.ar\/index.php\/wp-json\/wp\/v2\/pages\/10307","targetHints":{"allow":["GET"]}}],"collection":[{"href":"https:\/\/www.inet.edu.ar\/index.php\/wp-json\/wp\/v2\/pages"}],"about":[{"href":"https:\/\/www.inet.edu.ar\/index.php\/wp-json\/wp\/v2\/types\/page"}],"author":[{"embeddable":true,"href":"https:\/\/www.inet.edu.ar\/index.php\/wp-json\/wp\/v2\/users\/3"}],"replies":[{"embeddable":true,"href":"https:\/\/www.inet.edu.ar\/index.php\/wp-json\/wp\/v2\/comments?post=10307"}],"version-history":[{"count":1,"href":"https:\/\/www.inet.edu.ar\/index.php\/wp-json\/wp\/v2\/pages\/10307\/revisions"}],"predecessor-version":[{"id":10308,"href":"https:\/\/www.inet.edu.ar\/index.php\/wp-json\/wp\/v2\/pages\/10307\/revisions\/10308"}],"up":[{"embeddable":true,"href":"https:\/\/www.inet.edu.ar\/index.php\/wp-json\/wp\/v2\/pages\/1429"}],"wp:attachment":[{"href":"https:\/\/www.inet.edu.ar\/index.php\/wp-json\/wp\/v2\/media?parent=10307"}],"curies":[{"name":"wp","href":"https:\/\/api.w.org\/{rel}","templated":true}]}}