{"id":10485,"date":"2016-04-28T09:49:11","date_gmt":"2016-04-28T12:49:11","guid":{"rendered":"https:\/\/www.inet.edu.ar\/?page_id=10485"},"modified":"2020-01-10T15:45:28","modified_gmt":"2020-01-10T18:45:28","slug":"cobertura-de-la-aei","status":"publish","type":"page","link":"https:\/\/www.inet.edu.ar\/index.php\/estudios-investigaciones\/autoevaluacion-institucional\/cobertura-de-la-aei\/","title":{"rendered":"Cobertura de la AEI"},"content":{"rendered":"<p>Durante el per\u00edodo 2014-2018 se llev\u00f3 adelante el proceso de Autoevaluaci\u00f3n Institucional en escuelas secundarias t\u00e9cnicas de dieciocho jurisdicciones. En el a\u00f1o 2014 AEI se llev\u00f3 a cabo en las provincias de Jujuy, Salta, Tucum\u00e1n, La Rioja, Formosa, Chaco, Santiago del Estero, Misiones y Corrientes, durante el\u00a0 2015 en la provincia de Buenos Aires, en el 2016 se aplic\u00f3 en Santa Fe, San Juan y La Pampa, mientras que en 2017 se efectu\u00f3 en C\u00f3rdoba, Mendoza y Catamarca. Finalmente en 2018 se desarroll\u00f3 en Neuqu\u00e9n y Santa Cruz.<\/p>\n<p>&nbsp;<\/p>\n<p><strong>Actores participantes en AEI en escuelas secundarias t\u00e9cnicas. Per\u00edodo 2014-2018:<\/strong><\/p>\n<p>&nbsp;<\/p>\n<table style=\"height: 628px;\" width=\"939\">\n<tbody>\n<tr>\n<td style=\"text-align: center;\" width=\"192\"><strong>Jurisdicci\u00f3n<\/strong><\/td>\n<td style=\"text-align: center;\" width=\"145\"><strong>Alumnos Primer Ciclo<\/strong><\/td>\n<td style=\"text-align: center;\" width=\"145\"><strong>Alumnos Segundo Ciclo<\/strong><\/td>\n<td style=\"text-align: center;\" width=\"145\"><strong>Docentes Primer Ciclo<\/strong><\/td>\n<td style=\"text-align: center;\" width=\"145\"><strong>Docentes Segundo Ciclo<\/strong><\/td>\n<td style=\"text-align: center;\" width=\"145\"><strong>Escuelas participantes<\/strong><\/td>\n<\/tr>\n<tr>\n<td width=\"192\">Salta<\/td>\n<td style=\"text-align: center;\" width=\"145\">3.831<\/td>\n<td style=\"text-align: center;\" width=\"145\">1.748<\/td>\n<td style=\"text-align: center;\" width=\"145\">989<\/td>\n<td style=\"text-align: center;\" width=\"145\">1.246<\/td>\n<td style=\"text-align: center;\" width=\"145\">58<\/td>\n<\/tr>\n<tr>\n<td width=\"192\">Tucum\u00e1n<\/td>\n<td style=\"text-align: center;\" width=\"145\">1.625<\/td>\n<td style=\"text-align: center;\" width=\"145\">1.021<\/td>\n<td style=\"text-align: center;\" width=\"145\">426<\/td>\n<td style=\"text-align: center;\" width=\"145\">467<\/td>\n<td style=\"text-align: center;\" width=\"145\">26<\/td>\n<\/tr>\n<tr>\n<td width=\"192\">Santiago del Estero<\/td>\n<td style=\"text-align: center;\" width=\"145\">1.581<\/td>\n<td style=\"text-align: center;\" width=\"145\">776<\/td>\n<td style=\"text-align: center;\" width=\"145\">370<\/td>\n<td style=\"text-align: center;\" width=\"145\">490<\/td>\n<td style=\"text-align: center;\" width=\"145\">23<\/td>\n<\/tr>\n<tr>\n<td width=\"192\">Jujuy<\/td>\n<td style=\"text-align: center;\" width=\"145\">1.719<\/td>\n<td style=\"text-align: center;\" width=\"145\">1.040<\/td>\n<td style=\"text-align: center;\" width=\"145\">349<\/td>\n<td style=\"text-align: center;\" width=\"145\">366<\/td>\n<td style=\"text-align: center;\" width=\"145\">22<\/td>\n<\/tr>\n<tr>\n<td width=\"192\">La Rioja<\/td>\n<td style=\"text-align: center;\" width=\"145\">497<\/td>\n<td style=\"text-align: center;\" width=\"145\">409<\/td>\n<td style=\"text-align: center;\" width=\"145\">199<\/td>\n<td style=\"text-align: center;\" width=\"145\">213<\/td>\n<td style=\"text-align: center;\" width=\"145\">11<\/td>\n<\/tr>\n<tr>\n<td width=\"192\">Chaco<\/td>\n<td style=\"text-align: center;\" width=\"145\">2.241<\/td>\n<td style=\"text-align: center;\" width=\"145\">863<\/td>\n<td style=\"text-align: center;\" width=\"145\">677<\/td>\n<td style=\"text-align: center;\" width=\"145\">776<\/td>\n<td style=\"text-align: center;\" width=\"145\">29<\/td>\n<\/tr>\n<tr>\n<td width=\"192\">Misiones<\/td>\n<td style=\"text-align: center;\" width=\"145\">2.132<\/td>\n<td style=\"text-align: center;\" width=\"145\">740<\/td>\n<td style=\"text-align: center;\" width=\"145\">563<\/td>\n<td style=\"text-align: center;\" width=\"145\">753<\/td>\n<td style=\"text-align: center;\" width=\"145\">36<\/td>\n<\/tr>\n<tr>\n<td width=\"192\">Corrientes<\/td>\n<td style=\"text-align: center;\" width=\"145\">1.165<\/td>\n<td style=\"text-align: center;\" width=\"145\">1.174<\/td>\n<td style=\"text-align: center;\" width=\"145\">627<\/td>\n<td style=\"text-align: center;\" width=\"145\">670<\/td>\n<td style=\"text-align: center;\" width=\"145\">24<\/td>\n<\/tr>\n<tr>\n<td width=\"192\">Formosa<\/td>\n<td style=\"text-align: center;\" width=\"145\">758<\/td>\n<td style=\"text-align: center;\" width=\"145\">379<\/td>\n<td style=\"text-align: center;\" width=\"145\">361<\/td>\n<td style=\"text-align: center;\" width=\"145\">355<\/td>\n<td style=\"text-align: center;\" width=\"145\">18<\/td>\n<\/tr>\n<tr>\n<td width=\"192\">Buenos Aires<\/td>\n<td style=\"text-align: center;\" width=\"145\">21.024<\/td>\n<td style=\"text-align: center;\" width=\"145\">7.982<\/td>\n<td style=\"text-align: center;\" width=\"145\">8.297<\/td>\n<td style=\"text-align: center;\" width=\"145\">9.793<\/td>\n<td style=\"text-align: center;\" width=\"145\">257<\/td>\n<\/tr>\n<tr>\n<td width=\"192\">Santa Fe<\/td>\n<td style=\"text-align: center;\" width=\"145\">8.794<\/td>\n<td style=\"text-align: center;\" width=\"145\">3.693<\/td>\n<td style=\"text-align: center;\" width=\"145\">2.739<\/td>\n<td style=\"text-align: center;\" width=\"145\">3.819<\/td>\n<td style=\"text-align: center;\" width=\"145\">136<\/td>\n<\/tr>\n<tr>\n<td width=\"192\">San Juan<\/td>\n<td style=\"text-align: center;\" width=\"145\">1.552<\/td>\n<td style=\"text-align: center;\" width=\"145\">893<\/td>\n<td style=\"text-align: center;\" width=\"145\">775<\/td>\n<td style=\"text-align: center;\" width=\"145\">781<\/td>\n<td style=\"text-align: center;\" width=\"145\">25<\/td>\n<\/tr>\n<tr>\n<td width=\"192\">La Pampa<\/td>\n<td style=\"text-align: center;\" width=\"145\">523<\/td>\n<td style=\"text-align: center;\" width=\"145\">250<\/td>\n<td style=\"text-align: center;\" width=\"145\">337<\/td>\n<td style=\"text-align: center;\" width=\"145\">506<\/td>\n<td style=\"text-align: center;\" width=\"145\">16<\/td>\n<\/tr>\n<tr>\n<td width=\"192\">C\u00f3rdoba<\/td>\n<td style=\"text-align: center;\" width=\"145\">10.849<\/td>\n<td style=\"text-align: center;\" width=\"145\">4.101<\/td>\n<td style=\"text-align: center;\" width=\"145\">4.291<\/td>\n<td style=\"text-align: center;\" width=\"145\">6.984<\/td>\n<td style=\"text-align: center;\" width=\"145\">204<\/td>\n<\/tr>\n<tr>\n<td style=\"text-align: left;\" width=\"192\">Mendoza<\/td>\n<td style=\"text-align: center;\" width=\"145\">5.343<\/td>\n<td style=\"text-align: center;\" width=\"145\">2.047<\/td>\n<td style=\"text-align: center;\" width=\"145\">1.659<\/td>\n<td style=\"text-align: center;\" width=\"145\">2.621<\/td>\n<td style=\"text-align: center;\" width=\"145\">71<\/td>\n<\/tr>\n<tr>\n<td width=\"192\">Catamarca<\/td>\n<td style=\"text-align: center;\" width=\"145\">445<\/td>\n<td style=\"text-align: center;\" width=\"145\">211<\/td>\n<td style=\"text-align: center;\" width=\"145\">323<\/td>\n<td style=\"text-align: center;\" width=\"145\">486<\/td>\n<td style=\"text-align: center;\" width=\"145\">15<\/td>\n<\/tr>\n<tr>\n<td width=\"192\">Neuqu\u00e9n<\/td>\n<td style=\"text-align: center;\" width=\"145\">1.120<\/td>\n<td style=\"text-align: center;\" width=\"145\">481<\/td>\n<td style=\"text-align: center;\" width=\"145\">260<\/td>\n<td style=\"text-align: center;\" width=\"145\">171<\/td>\n<td style=\"text-align: center;\" width=\"145\">16<\/td>\n<\/tr>\n<tr>\n<td width=\"192\">Santa Cruz<\/td>\n<td style=\"text-align: center;\" width=\"145\">854<\/td>\n<td style=\"text-align: center;\" width=\"145\">382<\/td>\n<td style=\"text-align: center;\" width=\"145\">205<\/td>\n<td style=\"text-align: center;\" width=\"145\">161<\/td>\n<td style=\"text-align: center;\" width=\"145\">11<\/td>\n<\/tr>\n<tr>\n<td style=\"text-align: right;\" width=\"192\"><strong>Total<\/strong><\/td>\n<td style=\"text-align: center;\" width=\"145\">66.053<\/td>\n<td style=\"text-align: center;\" width=\"145\">28.190<\/td>\n<td style=\"text-align: center;\" width=\"145\">23.447<\/td>\n<td style=\"text-align: center;\" width=\"145\">30.658<\/td>\n<td style=\"text-align: center;\" width=\"145\">998<\/td>\n<\/tr>\n<\/tbody>\n<\/table>\n","protected":false},"excerpt":{"rendered":"<p>Durante el per\u00edodo 2014-2018 se llev\u00f3 adelante el proceso de Autoevaluaci\u00f3n Institucional en escuelas secundarias t\u00e9cnicas de dieciocho jurisdicciones. En el a\u00f1o 2014 AEI se llev\u00f3 a cabo en las provincias de Jujuy, Salta, Tucum\u00e1n, La Rioja, Formosa, Chaco, Santiago del Estero, Misiones y Corrientes, durante el\u00a0 2015 en la provincia de Buenos Aires, en [&hellip;]<\/p>\n","protected":false},"author":3,"featured_media":0,"parent":3084,"menu_order":0,"comment_status":"closed","ping_status":"closed","template":"","meta":{"footnotes":""},"class_list":["post-10485","page","type-page","status-publish","hentry"],"_links":{"self":[{"href":"https:\/\/www.inet.edu.ar\/index.php\/wp-json\/wp\/v2\/pages\/10485","targetHints":{"allow":["GET"]}}],"collection":[{"href":"https:\/\/www.inet.edu.ar\/index.php\/wp-json\/wp\/v2\/pages"}],"about":[{"href":"https:\/\/www.inet.edu.ar\/index.php\/wp-json\/wp\/v2\/types\/page"}],"author":[{"embeddable":true,"href":"https:\/\/www.inet.edu.ar\/index.php\/wp-json\/wp\/v2\/users\/3"}],"replies":[{"embeddable":true,"href":"https:\/\/www.inet.edu.ar\/index.php\/wp-json\/wp\/v2\/comments?post=10485"}],"version-history":[{"count":9,"href":"https:\/\/www.inet.edu.ar\/index.php\/wp-json\/wp\/v2\/pages\/10485\/revisions"}],"predecessor-version":[{"id":32555,"href":"https:\/\/www.inet.edu.ar\/index.php\/wp-json\/wp\/v2\/pages\/10485\/revisions\/32555"}],"up":[{"embeddable":true,"href":"https:\/\/www.inet.edu.ar\/index.php\/wp-json\/wp\/v2\/pages\/3084"}],"wp:attachment":[{"href":"https:\/\/www.inet.edu.ar\/index.php\/wp-json\/wp\/v2\/media?parent=10485"}],"curies":[{"name":"wp","href":"https:\/\/api.w.org\/{rel}","templated":true}]}}