{"id":10720,"date":"2016-05-10T12:11:15","date_gmt":"2016-05-10T15:11:15","guid":{"rendered":"https:\/\/www.inet.edu.ar\/?page_id=10720"},"modified":"2025-01-06T15:53:18","modified_gmt":"2025-01-06T18:53:18","slug":"practicas-profesionalizantes","status":"publish","type":"page","link":"https:\/\/www.inet.edu.ar\/index.php\/niveles-educativos\/educacion-secundaria-tecnica\/practicas-profesionalizantes\/","title":{"rendered":"Pr\u00e1cticas Profesionalizantes"},"content":{"rendered":"\n<p>La Educaci\u00f3n T\u00e9cnico Profesional promueve en los estudiantes el desarrollo de capacidades, conocimientos, habilidades, destrezas, valores y actitudes relacionadas con desempe\u00f1os y criterios de profesionalidad propios del contexto socioproductivo.<\/p>\n\n\n\n<p>Para los estudiantes, la complejidad socio-cultural y econ\u00f3mica del mundo productivo s\u00f3lo puede ser aprehendida a trav\u00e9s de una participaci\u00f3n vivencial en distintas actividades de los procesos de producci\u00f3n de bienes y servicios.<\/p>\n\n\n\n<p>Para cumplir esta funci\u00f3n, se dise\u00f1aron las pr\u00e1cticas profesionalizantes, que&nbsp; buscan acercar las l\u00f3gicas del mundo del trabajo y la producci\u00f3n a las del sistema educativo.<\/p>\n\n\n\n<p>Las pr\u00e1cticas profesionalizantes constituyen una aproximaci\u00f3n progresiva al campo ocupacional hacia el cual se orienta la formaci\u00f3n t\u00e9cnico profesional de los estudiantes. Es un acercamiento a las formas de organizaci\u00f3n del trabajo, a las relaciones entre las personas que intervienen en \u00e9l, a los procesos cient\u00edfico-tecnol\u00f3gicos, de gesti\u00f3n y socioculturales propios de las pr\u00e1cticas productivas y a las regulaciones particulares de cada actividad profesional.<\/p>\n\n\n\n<p>En tanto propuesta formativa, este tipo de pr\u00e1cticas se orienta a producir una vinculaci\u00f3n sustantiva entre la formaci\u00f3n acad\u00e9mica y los requerimientos de los sectores cient\u00edfico, tecnol\u00f3gico y socioproductivo. Pueden tomar distintas modalidades, desde proyectos productivos institucionales hasta pr\u00e1cticas profesionalizantes en ambiente de trabajo, y se pueden desarrollar en la instituci\u00f3n escolar o fuera de ella, en empresas, organismos p\u00fablicos u ONGs.<\/p>\n\n\n\n<p><br><a href=\"https:\/\/www.inet.edu.ar\/wp-content\/uploads\/2025\/01\/DI-INET_879-24.pdf\" data-type=\"link\" data-id=\"https:\/\/www.inet.edu.ar\/wp-content\/uploads\/2025\/01\/DI-INET_879-24.pdf\" target=\"_blank\" rel=\"noreferrer noopener\"><strong>Disposici\u00f3n INET N\u00b0 879\/2024<\/strong><\/a> &#8211; <a href=\"https:\/\/www.inet.edu.ar\/wp-content\/uploads\/2025\/01\/DI-INET_879-24_Anexo.pdf\" data-type=\"link\" data-id=\"https:\/\/www.inet.edu.ar\/wp-content\/uploads\/2025\/01\/DI-INET_879-24_Anexo.pdf\" target=\"_blank\" rel=\"noreferrer noopener\"><strong>Anexo<\/strong><\/a><\/p>\n\n\n\n<p>M\u00e1s informaci\u00f3n: <a href=\"https:\/\/www.inet.edu.ar\/wp-content\/uploads\/2025\/01\/PRAC-PROF.pdf\" data-type=\"link\" data-id=\"https:\/\/www.inet.edu.ar\/wp-content\/uploads\/2025\/01\/PRAC-PROF.pdf\" target=\"_blank\" rel=\"noreferrer noopener\"><strong>clic aqu\u00ed<\/strong><\/a><\/p>\n","protected":false},"excerpt":{"rendered":"<p>La Educaci\u00f3n T\u00e9cnico Profesional promueve en los estudiantes el desarrollo de capacidades, conocimientos, habilidades, destrezas, valores y actitudes relacionadas con desempe\u00f1os y criterios de profesionalidad propios del contexto socioproductivo. Para los estudiantes, la complejidad socio-cultural y econ\u00f3mica del mundo productivo s\u00f3lo puede ser aprehendida a trav\u00e9s de una participaci\u00f3n vivencial en distintas actividades de los [&hellip;]<\/p>\n","protected":false},"author":3,"featured_media":0,"parent":1425,"menu_order":3,"comment_status":"closed","ping_status":"closed","template":"","meta":{"footnotes":""},"class_list":["post-10720","page","type-page","status-publish","hentry"],"_links":{"self":[{"href":"https:\/\/www.inet.edu.ar\/index.php\/wp-json\/wp\/v2\/pages\/10720","targetHints":{"allow":["GET"]}}],"collection":[{"href":"https:\/\/www.inet.edu.ar\/index.php\/wp-json\/wp\/v2\/pages"}],"about":[{"href":"https:\/\/www.inet.edu.ar\/index.php\/wp-json\/wp\/v2\/types\/page"}],"author":[{"embeddable":true,"href":"https:\/\/www.inet.edu.ar\/index.php\/wp-json\/wp\/v2\/users\/3"}],"replies":[{"embeddable":true,"href":"https:\/\/www.inet.edu.ar\/index.php\/wp-json\/wp\/v2\/comments?post=10720"}],"version-history":[{"count":6,"href":"https:\/\/www.inet.edu.ar\/index.php\/wp-json\/wp\/v2\/pages\/10720\/revisions"}],"predecessor-version":[{"id":40403,"href":"https:\/\/www.inet.edu.ar\/index.php\/wp-json\/wp\/v2\/pages\/10720\/revisions\/40403"}],"up":[{"embeddable":true,"href":"https:\/\/www.inet.edu.ar\/index.php\/wp-json\/wp\/v2\/pages\/1425"}],"wp:attachment":[{"href":"https:\/\/www.inet.edu.ar\/index.php\/wp-json\/wp\/v2\/media?parent=10720"}],"curies":[{"name":"wp","href":"https:\/\/api.w.org\/{rel}","templated":true}]}}