{"id":10740,"date":"2016-05-12T15:58:13","date_gmt":"2016-05-12T18:58:13","guid":{"rendered":"https:\/\/www.inet.edu.ar\/?page_id=10740"},"modified":"2025-09-11T15:13:05","modified_gmt":"2025-09-11T18:13:05","slug":"encuesta-nacional-de-trayectoria-de-estudiantes","status":"publish","type":"page","link":"https:\/\/www.inet.edu.ar\/index.php\/estudios-investigaciones\/encuesta-nacional-de-trayectoria-de-estudiantes\/","title":{"rendered":"Encuesta Nacional de Trayectoria de Estudiantes"},"content":{"rendered":"<p style=\"text-align: justify;\">La\u00a0<strong>Encuesta Nacional de Trayectoria de Estudiantes (ENTrE 2016)<\/strong>,\u00a0tiene como prop\u00f3sito la descripci\u00f3n sistem\u00e1tica de la trayectoria de los alumnos en la educaci\u00f3n t\u00e9cnico profesional de nivel secundario. Para tal fin, se ha seleccionado una muestra 250 de escuelas secundarias t\u00e9cnicas que ofrece\u00a0resultados representativos a nivel nacional.<\/p>\n<p style=\"text-align: justify;\">La informaci\u00f3n que se obtenga por medio de la ENTrE 2016 y de la captaci\u00f3n de datos de registro estar\u00e1 alcanzada por el <strong>secreto estad\u00edstico<\/strong> ya que constituye una estad\u00edstica oficial y por tanto, se rige por la normativa correspondiente \u2013Ley Nacional de Estad\u00edstica N\u00b0 17622\/68 y sus decretos reglamentarios\u2013. Por tanto, el INET se compromete a preservar que las declaraciones y\/o informaciones individuales no ser\u00e1n comunicadas a terceros ni utilizadas, difundidas o publicadas en forma tal que permitan identificar a la persona o entidad que las formul\u00f3.<\/p>\n","protected":false},"excerpt":{"rendered":"<p>La\u00a0Encuesta Nacional de Trayectoria de Estudiantes (ENTrE 2016),\u00a0tiene como prop\u00f3sito la descripci\u00f3n sistem\u00e1tica de la trayectoria de los alumnos en la educaci\u00f3n t\u00e9cnico profesional de nivel secundario. Para tal fin, se ha seleccionado una muestra 250 de escuelas secundarias t\u00e9cnicas que ofrece\u00a0resultados representativos a nivel nacional. La informaci\u00f3n que se obtenga por medio de la [&hellip;]<\/p>\n","protected":false},"author":3,"featured_media":0,"parent":92,"menu_order":3,"comment_status":"closed","ping_status":"closed","template":"","meta":{"footnotes":""},"class_list":["post-10740","page","type-page","status-publish","hentry"],"_links":{"self":[{"href":"https:\/\/www.inet.edu.ar\/index.php\/wp-json\/wp\/v2\/pages\/10740","targetHints":{"allow":["GET"]}}],"collection":[{"href":"https:\/\/www.inet.edu.ar\/index.php\/wp-json\/wp\/v2\/pages"}],"about":[{"href":"https:\/\/www.inet.edu.ar\/index.php\/wp-json\/wp\/v2\/types\/page"}],"author":[{"embeddable":true,"href":"https:\/\/www.inet.edu.ar\/index.php\/wp-json\/wp\/v2\/users\/3"}],"replies":[{"embeddable":true,"href":"https:\/\/www.inet.edu.ar\/index.php\/wp-json\/wp\/v2\/comments?post=10740"}],"version-history":[{"count":7,"href":"https:\/\/www.inet.edu.ar\/index.php\/wp-json\/wp\/v2\/pages\/10740\/revisions"}],"predecessor-version":[{"id":23943,"href":"https:\/\/www.inet.edu.ar\/index.php\/wp-json\/wp\/v2\/pages\/10740\/revisions\/23943"}],"up":[{"embeddable":true,"href":"https:\/\/www.inet.edu.ar\/index.php\/wp-json\/wp\/v2\/pages\/92"}],"wp:attachment":[{"href":"https:\/\/www.inet.edu.ar\/index.php\/wp-json\/wp\/v2\/media?parent=10740"}],"curies":[{"name":"wp","href":"https:\/\/api.w.org\/{rel}","templated":true}]}}