{"id":1350,"date":"2013-04-09T17:48:02","date_gmt":"2013-04-09T20:48:02","guid":{"rendered":"https:\/\/www.inet.edu.ar\/?page_id=1350"},"modified":"2024-03-13T14:59:23","modified_gmt":"2024-03-13T17:59:23","slug":"historia","status":"publish","type":"page","link":"https:\/\/www.inet.edu.ar\/index.php\/institucional\/historia\/","title":{"rendered":"Historia CONET\/INET"},"content":{"rendered":"<h2 style=\"text-align: justify;\">Historia CONET\/INET<\/h2>\n<p style=\"text-align: justify;\">En el siglo pasado, ante el inminente desarrollo de la industria nacional, de la dignificaci\u00f3n del trabajador y la elevaci\u00f3n de su consideraci\u00f3n, comienzan a surgir demandas de ense\u00f1anza pr\u00e1ctica de distintos sectores que exigen al entonces Ministerio de Educaci\u00f3n y Justicia de la Naci\u00f3n crear escuelas t\u00e9cnicas y de formaci\u00f3n en oficios, paralelamente a la creaci\u00f3n de organismos especializados de conducci\u00f3n y supervisi\u00f3n de todas las escuelas. As\u00ed, por Decreto N\u00b0 14538\/44, se crea la Comisi\u00f3n Nacional de Aprendizaje y Orientaci\u00f3n Profesional (CNAOP) que, posteriormente, ante la necesidad de uniformar y agilizar lo relacionado con la ense\u00f1anza t\u00e9cnica y profesional, determin\u00f3 que \u00e9sta se fusionara con la Direcci\u00f3n Nacional de Ense\u00f1anza T\u00e9cnica, dando origen al Consejo Nacional de Educaci\u00f3n T\u00e9cnica (CONET), creado como organismo aut\u00e1rquico mediante la <a href=\"http:\/\/www.bnm.me.gov.ar\/giga1\/documentos\/EL002648.pdf\" target=\"_blank\" rel=\"noopener\">Ley N\u00ba 15.240<\/a> sancionada en el a\u00f1o 1959.<\/p>\n<p style=\"text-align: justify;\">En las \u00faltimas d\u00e9cadas, hemos asistido a un proceso de modernizaci\u00f3n del pa\u00eds, caracterizado por la globalizaci\u00f3n como consecuencia directa de la acelerada revoluci\u00f3n tecnol\u00f3gica que tuvo lugar a partir de la aplicaci\u00f3n masiva de la inform\u00e1tica y de las nuevas tecnolog\u00edas de la informaci\u00f3n y de la comunicaci\u00f3n, la incorporaci\u00f3n de las tecnolog\u00edas dominantes y los desaf\u00edos de la sociedad del conocimiento.<\/p>\n<p style=\"text-align: justify;\">En este contexto, en 1995 fue creado el Instituto Nacional de Educaci\u00f3n Tecnol\u00f3gica (INET) \u2013<a href=\"https:\/\/www.inet.edu.ar\/wp-content\/uploads\/2024\/03\/Dec606-95.pdf\" target=\"_blank\" rel=\"noopener\">Decreto 606\/95<\/a>\u2013, con el objeto de dotar al Ministerio de Educaci\u00f3n de un instrumento \u00e1gil para el desarrollo de las pol\u00edticas relacionadas con la Educaci\u00f3n T\u00e9cnico Profesional, frente al nuevo escenario planteado en el Sistema Educativo a partir de la sanci\u00f3n de la Ley Federal de Educaci\u00f3n y por la consecuente transferencia de las Escuelas Nacionales a las Jurisdicciones Provinciales dependientes de los Ministerios de Educaci\u00f3n provinciales y de la Ciudad Aut\u00f3noma de Buenos Aires, como continuador del Consejo Nacional de Educaci\u00f3n T\u00e9cnica (CONET).<\/p>\n","protected":false},"excerpt":{"rendered":"<p>Historia CONET\/INET En el siglo pasado, ante el inminente desarrollo de la industria nacional, de la dignificaci\u00f3n del trabajador y la elevaci\u00f3n de su consideraci\u00f3n, comienzan a surgir demandas de ense\u00f1anza pr\u00e1ctica de distintos sectores que exigen al entonces Ministerio de Educaci\u00f3n y Justicia de la Naci\u00f3n crear escuelas t\u00e9cnicas y de formaci\u00f3n en oficios, [&hellip;]<\/p>\n","protected":false},"author":3,"featured_media":1800,"parent":2,"menu_order":3,"comment_status":"closed","ping_status":"open","template":"","meta":{"footnotes":""},"class_list":["post-1350","page","type-page","status-publish","has-post-thumbnail","hentry"],"_links":{"self":[{"href":"https:\/\/www.inet.edu.ar\/index.php\/wp-json\/wp\/v2\/pages\/1350","targetHints":{"allow":["GET"]}}],"collection":[{"href":"https:\/\/www.inet.edu.ar\/index.php\/wp-json\/wp\/v2\/pages"}],"about":[{"href":"https:\/\/www.inet.edu.ar\/index.php\/wp-json\/wp\/v2\/types\/page"}],"author":[{"embeddable":true,"href":"https:\/\/www.inet.edu.ar\/index.php\/wp-json\/wp\/v2\/users\/3"}],"replies":[{"embeddable":true,"href":"https:\/\/www.inet.edu.ar\/index.php\/wp-json\/wp\/v2\/comments?post=1350"}],"version-history":[{"count":23,"href":"https:\/\/www.inet.edu.ar\/index.php\/wp-json\/wp\/v2\/pages\/1350\/revisions"}],"predecessor-version":[{"id":39081,"href":"https:\/\/www.inet.edu.ar\/index.php\/wp-json\/wp\/v2\/pages\/1350\/revisions\/39081"}],"up":[{"embeddable":true,"href":"https:\/\/www.inet.edu.ar\/index.php\/wp-json\/wp\/v2\/pages\/2"}],"wp:featuredmedia":[{"embeddable":true,"href":"https:\/\/www.inet.edu.ar\/index.php\/wp-json\/wp\/v2\/media\/1800"}],"wp:attachment":[{"href":"https:\/\/www.inet.edu.ar\/index.php\/wp-json\/wp\/v2\/media?parent=1350"}],"curies":[{"name":"wp","href":"https:\/\/api.w.org\/{rel}","templated":true}]}}