{"id":1356,"date":"2013-04-11T14:21:19","date_gmt":"2013-04-11T17:21:19","guid":{"rendered":"https:\/\/www.inet.edu.ar\/?page_id=1356"},"modified":"2023-12-06T08:57:50","modified_gmt":"2023-12-06T11:57:50","slug":"pretis","status":"publish","type":"page","link":"https:\/\/www.inet.edu.ar\/index.php\/niveles-educativos\/educacion-profesional-secundaria\/pretis\/","title":{"rendered":"Registro Estudiantes EPS"},"content":{"rendered":"<p>La <b> Educaci\u00f3n Profesional Secundaria <\/b> es una nueva oferta educativa que se implementa en el INET desde el a\u00f1o 2022 y fue aprobada por la Resoluci\u00f3n CFE N\u00ba 409\/21.<\/p>\n<p>Est\u00e1 destinada a adolescentes y j\u00f3venes entre 14 y 18 a\u00f1os que no iniciaron la escuela secundaria, que la iniciaron y abandonaron, o que presentan sobreedad por haber repetido al menos dos veces un a\u00f1o escolar.<\/p>\n<p>La oferta tiene como objetivo promover una Educaci\u00f3n T\u00e9cnico Profesional que integre Formaci\u00f3n Profesional Inicial y Formaci\u00f3n General cumplimentando la obligatoriedad del nivel secundario, la inserci\u00f3n laboral, la continuidad educativa y el acceso al nivel superior.<\/p>\n<p>A nivel nacional, el programa tiene dise\u00f1ado un dispositivo de monitoreo y seguimiento para acompa\u00f1ar a las jurisdicciones y escuelas en la implementaci\u00f3n de esta nueva trayectoria formativa, y monitorear la ejecuci\u00f3n a nivel nacional.<\/p>\n<p>La <b>nominalizaci\u00f3n de estudiantes <\/b>es parte del monitoreo y se lleva a cabo con el fin de facilitar la tarea de registro y seguimiento a nivel escolar, jurisdiccional y nacional, permitiendo caracterizar a la poblaci\u00f3n participante y fortalecer el acompa\u00f1amiento de sus trayectorias.<\/p>\n<p>La nominalizaci\u00f3n se realiza a trav\u00e9s de un aplicativo, en el que cada sede registra informaci\u00f3n significativa de cada estudiante, vinculada con datos personales, datos de contacto e informaci\u00f3n sobre la trayectoria educativa previa. El mencionado aplicativo tiene precargadas las sedes con la informaci\u00f3n de CUE, anexo, modalidad, nivel, tipo, \u00e1mbito, datos de contacto, datos de localizaci\u00f3n.<\/p>\n<p>A trav\u00e9s del siguiente enlace, las sedes y jurisdicciones podr\u00e1n ingresar con sus usuarios y claves para iniciar la carga de la informaci\u00f3n correspondiente.<\/p>\n<p><a href=\"https:\/\/eps-inet.educacion.gob.ar\/\" target=\"_blank\" rel=\"noopener\">https:\/\/eps-inet.educacion.gob.ar\/<\/a><\/p>\n<h1><\/h1>\n","protected":false},"excerpt":{"rendered":"<p>La Educaci\u00f3n Profesional Secundaria es una nueva oferta educativa que se implementa en el INET desde el a\u00f1o 2022 y fue aprobada por la Resoluci\u00f3n CFE N\u00ba 409\/21. Est\u00e1 destinada a adolescentes y j\u00f3venes entre 14 y 18 a\u00f1os que no iniciaron la escuela secundaria, que la iniciaron y abandonaron, o que presentan sobreedad por [&hellip;]<\/p>\n","protected":false},"author":3,"featured_media":0,"parent":35457,"menu_order":0,"comment_status":"closed","ping_status":"open","template":"","meta":{"footnotes":""},"class_list":["post-1356","page","type-page","status-publish","hentry"],"_links":{"self":[{"href":"https:\/\/www.inet.edu.ar\/index.php\/wp-json\/wp\/v2\/pages\/1356","targetHints":{"allow":["GET"]}}],"collection":[{"href":"https:\/\/www.inet.edu.ar\/index.php\/wp-json\/wp\/v2\/pages"}],"about":[{"href":"https:\/\/www.inet.edu.ar\/index.php\/wp-json\/wp\/v2\/types\/page"}],"author":[{"embeddable":true,"href":"https:\/\/www.inet.edu.ar\/index.php\/wp-json\/wp\/v2\/users\/3"}],"replies":[{"embeddable":true,"href":"https:\/\/www.inet.edu.ar\/index.php\/wp-json\/wp\/v2\/comments?post=1356"}],"version-history":[{"count":41,"href":"https:\/\/www.inet.edu.ar\/index.php\/wp-json\/wp\/v2\/pages\/1356\/revisions"}],"predecessor-version":[{"id":38726,"href":"https:\/\/www.inet.edu.ar\/index.php\/wp-json\/wp\/v2\/pages\/1356\/revisions\/38726"}],"up":[{"embeddable":true,"href":"https:\/\/www.inet.edu.ar\/index.php\/wp-json\/wp\/v2\/pages\/35457"}],"wp:attachment":[{"href":"https:\/\/www.inet.edu.ar\/index.php\/wp-json\/wp\/v2\/media?parent=1356"}],"curies":[{"name":"wp","href":"https:\/\/api.w.org\/{rel}","templated":true}]}}