{"id":1438,"date":"2013-04-26T14:29:05","date_gmt":"2013-04-26T17:29:05","guid":{"rendered":"https:\/\/www.inet.edu.ar\/?page_id=1438"},"modified":"2023-06-05T16:16:44","modified_gmt":"2023-06-05T19:16:44","slug":"electricidad-electronica-y-sistemas-de-control","status":"publish","type":"page","link":"https:\/\/www.inet.edu.ar\/index.php\/material-de-capacitacion\/desarrollo-de-contenidos\/electricidad-electronica-y-sistemas-de-control\/","title":{"rendered":"Electricidad, Electr\u00f3nica y Sistemas de Control"},"content":{"rendered":"<h2>Sistemas y su control \u2013Aplicaci\u00f3n de los procedimientos de la Tecnolog\u00eda en el Tercer Ciclo de la Educaci\u00f3n General B\u00e1sica\u2013.<\/h2>\n<p><strong>Carlos Colombini &#8211; INET. 2002. Buenos Aires\u00a0<\/strong><\/p>\n<p>Presenta al profesor que est\u00e1 capacit\u00e1ndose una secuencia did\u00e1ctica en la que se integran los procedimientos generales de la tecnolog\u00eda \u2013el proyecto tecnol\u00f3gico y el an\u00e1lisis de producto\u2013 y el tratamiento de contenidos conceptuales b\u00e1sicos acerca de los sistemas y de su control.<\/p>\n<p><a class=\"media media-zip\" href=\"https:\/\/www.inet.edu.ar\/wp-content\/uploads\/2013\/04\/1_sist-contr_mat.zip\" target=\"_blank\" rel=\"noopener\">Descargar<\/a><\/p>\n<h2>Instalaciones el\u00e9ctricas<\/h2>\n<p><strong>Enrique Ariel Sierra \u2013 INET. 2006. Buenos Aires<\/strong><\/p>\n<p>Plantea los criterios de seguridad, la operatoria de instalaci\u00f3n el\u00e9ctrica de una vivienda con grado m\u00ednimo de electrificaci\u00f3n, y la localizaci\u00f3n y reparaci\u00f3n de aver\u00edas.<\/p>\n<p><a class=\"media media-zip\" href=\"https:\/\/www.inet.edu.ar\/wp-content\/uploads\/2013\/04\/2_Instal_Electricas-output.zip\" target=\"_blank\" rel=\"noopener\">Descargar<\/a><\/p>\n<h2>Familia l\u00f3gica CMOS (Metal-\u00f3xido-semiconductor complementario)<\/h2>\n<p><strong>Sergio Noriega &#8211; INET. 2005. Buenos Aires<\/strong><\/p>\n<p>Plantea exhaustivamente los rasgos de la familia CMOS est\u00e1ndar, el mejoramiento progresivo de los procesos tecnol\u00f3gicos de fabricaci\u00f3n, sus nuevos dise\u00f1os de compuertas y las interfaces entre la familia CMOS y otras tecnolog\u00edas.<\/p>\n<p><a class=\"media media-zip\" href=\"https:\/\/www.inet.edu.ar\/wp-content\/uploads\/2013\/04\/4_Fam_Log_CMOS-output.zip\" target=\"_blank\" rel=\"noopener\">Descargar<\/a><\/p>\n<h2>Fundamentos de los Circuitos Secuenciales<\/h2>\n<p><strong>Cecilia Jarne, Gustavo Araujo, Rodrigo Bramajo, Rodolfo Canteros-Castelli, Carlos Felipe, Fernando Ortaneche y Mirko Sanchez-Jovic \u2013 INET. 2022. Buenos Aires<\/strong><\/p>\n<p>Este libro contiene las nociones b\u00e1sicas necesarias para comprender los circuitos secuenciales. Definiciones y t\u00e9rminos que se utilizan en la electr\u00f3nica digital, Flip Flop, circuitos secuenciales, contadores, osciladores, sistemas programables.<br \/>\nEn todos los cap\u00edtulos se presentan propuestas de ejercicios, pr\u00e1cticas de laboratorio y\/o proyectos que permitan aplicar o consolidar los conocimientos presentados.<\/p>\n<p><a href=\"https:\/\/www.inet.edu.ar\/wp-content\/uploads\/2023\/02\/INET-CircuitosSecuenciales.pdf\" target=\"_blank\" rel=\"noopener\">Descargar<\/a><\/p>\n","protected":false},"excerpt":{"rendered":"<p>Sistemas y su control \u2013Aplicaci\u00f3n de los procedimientos de la Tecnolog\u00eda en el Tercer Ciclo de la Educaci\u00f3n General B\u00e1sica\u2013. Carlos Colombini &#8211; INET. 2002. Buenos Aires\u00a0 Presenta al profesor que est\u00e1 capacit\u00e1ndose una secuencia did\u00e1ctica en la que se integran los procedimientos generales de la tecnolog\u00eda \u2013el proyecto tecnol\u00f3gico y el an\u00e1lisis de producto\u2013 [&hellip;]<\/p>\n","protected":false},"author":3,"featured_media":0,"parent":826,"menu_order":3,"comment_status":"closed","ping_status":"open","template":"","meta":{"footnotes":""},"class_list":["post-1438","page","type-page","status-publish","hentry"],"_links":{"self":[{"href":"https:\/\/www.inet.edu.ar\/index.php\/wp-json\/wp\/v2\/pages\/1438","targetHints":{"allow":["GET"]}}],"collection":[{"href":"https:\/\/www.inet.edu.ar\/index.php\/wp-json\/wp\/v2\/pages"}],"about":[{"href":"https:\/\/www.inet.edu.ar\/index.php\/wp-json\/wp\/v2\/types\/page"}],"author":[{"embeddable":true,"href":"https:\/\/www.inet.edu.ar\/index.php\/wp-json\/wp\/v2\/users\/3"}],"replies":[{"embeddable":true,"href":"https:\/\/www.inet.edu.ar\/index.php\/wp-json\/wp\/v2\/comments?post=1438"}],"version-history":[{"count":4,"href":"https:\/\/www.inet.edu.ar\/index.php\/wp-json\/wp\/v2\/pages\/1438\/revisions"}],"predecessor-version":[{"id":37665,"href":"https:\/\/www.inet.edu.ar\/index.php\/wp-json\/wp\/v2\/pages\/1438\/revisions\/37665"}],"up":[{"embeddable":true,"href":"https:\/\/www.inet.edu.ar\/index.php\/wp-json\/wp\/v2\/pages\/826"}],"wp:attachment":[{"href":"https:\/\/www.inet.edu.ar\/index.php\/wp-json\/wp\/v2\/media?parent=1438"}],"curies":[{"name":"wp","href":"https:\/\/api.w.org\/{rel}","templated":true}]}}