{"id":1479,"date":"2013-04-26T14:55:21","date_gmt":"2013-04-26T17:55:21","guid":{"rendered":"https:\/\/www.inet.edu.ar\/?page_id=1479"},"modified":"2023-06-05T16:25:41","modified_gmt":"2023-06-05T19:25:41","slug":"empresa-simulada","status":"publish","type":"page","link":"https:\/\/www.inet.edu.ar\/index.php\/material-de-capacitacion\/desarrollo-de-contenidos\/empresa-simulada\/","title":{"rendered":"Empresa simulada"},"content":{"rendered":"<h2>1. \u00bfQu\u00e9 es la red de empresas simuladas?<\/h2>\n<p><strong>Mar\u00eda Guzm\u00e1n &#8211; INET. 2000. Buenos Aires\u00a0<\/strong><\/p>\n<p>Provee marcos conceptuales acerca de la organizaci\u00f3n de empresas simuladas y de las estrategias did\u00e1cticas espec\u00edficas para su desarrollo en \u00e1mbitos educativos.<\/p>\n<p><a class=\"media media-zip\" href=\"https:\/\/www.inet.edu.ar\/wp-content\/uploads\/2013\/04\/1_red_empresim_que-es.zip\">Descargar<\/a><\/p>\n<h2>2. Central Argentina de Simulaci\u00f3n. Manual del usuario<\/h2>\n<p><strong>Mar\u00eda Guzm\u00e1n &#8211; INET. 2000. Buenos Aires\u00a0<\/strong><\/p>\n<p>Brinda sugerencias pr\u00e1cticas para operar con la Central Argentina de Simulaci\u00f3n del CeNET, encargada de ofrecer distintos servicios (bancarios, comerciales -clientes, proveedores y acreedores virtuales-, entre otros), que hacen que el desarrollo de la simulaci\u00f3n de una empresa resulte ver\u00eddico. Asimismo, presenta la informaci\u00f3n que las empresas simuladas deben facilitar a los diferentes departamentos de la Central, para iniciar las actividades comerciales.<\/p>\n<p><a class=\"media media-zip\" href=\"https:\/\/www.inet.edu.ar\/wp-content\/uploads\/2013\/04\/2_central_simulacion.zip\">Descargar<\/a><\/p>\n<h2>3. T\u00e9cnicas para el aprendizaje por la acci\u00f3n. Empresa simulada<\/h2>\n<p><strong>GTZ-INET. 2000. Buenos Aires\u00a0<\/strong><\/p>\n<p>Compila art\u00edculos \u201cLa empresa simulada como contribuci\u00f3n al desarrollo de la formaci\u00f3n t\u00e9cnico-profesional\u201d, \u201cLa empresa simulada; una forma diferente de aprender\u201d, \u201cLa implementaci\u00f3n de una red de empresas simuladas en el marco de la transformaci\u00f3n de la formaci\u00f3n t\u00e9cnico-profesional en la Argentina\u201d y \u201cEmpresas simuladas en escuelas medias de Santa Fe y General Pico \u2013La Pampa\u2013. Una nueva experiencia en las aulas argentinas\u201d.<\/p>\n<p><a class=\"media media-zip\" href=\"https:\/\/www.inet.edu.ar\/wp-content\/uploads\/2013\/04\/3_empresa_simulada.zip\">Descargar<\/a><\/p>\n","protected":false},"excerpt":{"rendered":"<p>1. \u00bfQu\u00e9 es la red de empresas simuladas? Mar\u00eda Guzm\u00e1n &#8211; INET. 2000. Buenos Aires\u00a0 Provee marcos conceptuales acerca de la organizaci\u00f3n de empresas simuladas y de las estrategias did\u00e1cticas espec\u00edficas para su desarrollo en \u00e1mbitos educativos. Descargar 2. Central Argentina de Simulaci\u00f3n. Manual del usuario Mar\u00eda Guzm\u00e1n &#8211; INET. 2000. Buenos Aires\u00a0 Brinda sugerencias [&hellip;]<\/p>\n","protected":false},"author":3,"featured_media":0,"parent":826,"menu_order":4,"comment_status":"closed","ping_status":"open","template":"","meta":{"footnotes":""},"class_list":["post-1479","page","type-page","status-publish","hentry"],"_links":{"self":[{"href":"https:\/\/www.inet.edu.ar\/index.php\/wp-json\/wp\/v2\/pages\/1479","targetHints":{"allow":["GET"]}}],"collection":[{"href":"https:\/\/www.inet.edu.ar\/index.php\/wp-json\/wp\/v2\/pages"}],"about":[{"href":"https:\/\/www.inet.edu.ar\/index.php\/wp-json\/wp\/v2\/types\/page"}],"author":[{"embeddable":true,"href":"https:\/\/www.inet.edu.ar\/index.php\/wp-json\/wp\/v2\/users\/3"}],"replies":[{"embeddable":true,"href":"https:\/\/www.inet.edu.ar\/index.php\/wp-json\/wp\/v2\/comments?post=1479"}],"version-history":[{"count":3,"href":"https:\/\/www.inet.edu.ar\/index.php\/wp-json\/wp\/v2\/pages\/1479\/revisions"}],"predecessor-version":[{"id":37673,"href":"https:\/\/www.inet.edu.ar\/index.php\/wp-json\/wp\/v2\/pages\/1479\/revisions\/37673"}],"up":[{"embeddable":true,"href":"https:\/\/www.inet.edu.ar\/index.php\/wp-json\/wp\/v2\/pages\/826"}],"wp:attachment":[{"href":"https:\/\/www.inet.edu.ar\/index.php\/wp-json\/wp\/v2\/media?parent=1479"}],"curies":[{"name":"wp","href":"https:\/\/api.w.org\/{rel}","templated":true}]}}