{"id":1515,"date":"2013-04-26T15:12:57","date_gmt":"2013-04-26T18:12:57","guid":{"rendered":"https:\/\/www.inet.edu.ar\/?page_id=1515"},"modified":"2023-06-05T16:41:32","modified_gmt":"2023-06-05T19:41:32","slug":"invernadero-computarizado","status":"publish","type":"page","link":"https:\/\/www.inet.edu.ar\/index.php\/material-de-capacitacion\/desarrollo-de-contenidos\/invernadero-computarizado\/","title":{"rendered":"Invernadero computarizado"},"content":{"rendered":"<h2>1. Experiencias sobre nuevas tecnolog\u00edas hort\u00edcolas en cultivos bajo cubierta<\/h2>\n<p><strong>CERET La Pampa &#8211; INET. 2003. General Pico\u00a0<\/strong><\/p>\n<p>Difunde experiencias realizadas desde una Unidad Experimental Hort\u00edcola para el desarrollo de determinadas especies \u2013tomate, pepino, pimiento, lechuga y espinaca\u2013; rese\u00f1a testimonios de an\u00e1lisis y evaluaci\u00f3n de factibilidad t\u00e9cnico-econ\u00f3mica en condiciones espec\u00edficas de cultivo.<\/p>\n<p><a class=\"media media-zip\" href=\"https:\/\/www.inet.edu.ar\/wp-content\/uploads\/2013\/04\/1_nt_hortic.zip\">Descargar<\/a><\/p>\n<h2>2. Programa de capacitaci\u00f3n en producci\u00f3n de hortalizas bajo cubierta<\/h2>\n<p><strong>CERET La Pampa &#8211; INET. 2003. General Pico\u00a0<\/strong><\/p>\n<p>Presenta una experiencia de capacitaci\u00f3n dirigida a educadores del \u00e1rea modular \u00abProducci\u00f3n vegetal\u00bb, dise\u00f1ada con el prop\u00f3sito de acompa\u00f1arlos en el proceso de gerenciamiento e implementaci\u00f3n de un proyecto alternativo de cultivo forzado y semiforzado de hortalizas.<\/p>\n<p><a class=\"media media-zip\" href=\"https:\/\/www.inet.edu.ar\/wp-content\/uploads\/2013\/04\/2_prog_capacita.zip\">Descargar<\/a><\/p>\n","protected":false},"excerpt":{"rendered":"<p>1. Experiencias sobre nuevas tecnolog\u00edas hort\u00edcolas en cultivos bajo cubierta CERET La Pampa &#8211; INET. 2003. General Pico\u00a0 Difunde experiencias realizadas desde una Unidad Experimental Hort\u00edcola para el desarrollo de determinadas especies \u2013tomate, pepino, pimiento, lechuga y espinaca\u2013; rese\u00f1a testimonios de an\u00e1lisis y evaluaci\u00f3n de factibilidad t\u00e9cnico-econ\u00f3mica en condiciones espec\u00edficas de cultivo. Descargar 2. Programa [&hellip;]<\/p>\n","protected":false},"author":3,"featured_media":0,"parent":826,"menu_order":8,"comment_status":"closed","ping_status":"open","template":"","meta":{"footnotes":""},"class_list":["post-1515","page","type-page","status-publish","hentry"],"_links":{"self":[{"href":"https:\/\/www.inet.edu.ar\/index.php\/wp-json\/wp\/v2\/pages\/1515","targetHints":{"allow":["GET"]}}],"collection":[{"href":"https:\/\/www.inet.edu.ar\/index.php\/wp-json\/wp\/v2\/pages"}],"about":[{"href":"https:\/\/www.inet.edu.ar\/index.php\/wp-json\/wp\/v2\/types\/page"}],"author":[{"embeddable":true,"href":"https:\/\/www.inet.edu.ar\/index.php\/wp-json\/wp\/v2\/users\/3"}],"replies":[{"embeddable":true,"href":"https:\/\/www.inet.edu.ar\/index.php\/wp-json\/wp\/v2\/comments?post=1515"}],"version-history":[{"count":2,"href":"https:\/\/www.inet.edu.ar\/index.php\/wp-json\/wp\/v2\/pages\/1515\/revisions"}],"predecessor-version":[{"id":37677,"href":"https:\/\/www.inet.edu.ar\/index.php\/wp-json\/wp\/v2\/pages\/1515\/revisions\/37677"}],"up":[{"embeddable":true,"href":"https:\/\/www.inet.edu.ar\/index.php\/wp-json\/wp\/v2\/pages\/826"}],"wp:attachment":[{"href":"https:\/\/www.inet.edu.ar\/index.php\/wp-json\/wp\/v2\/media?parent=1515"}],"curies":[{"name":"wp","href":"https:\/\/api.w.org\/{rel}","templated":true}]}}