{"id":1522,"date":"2013-04-26T15:18:10","date_gmt":"2013-04-26T18:18:10","guid":{"rendered":"https:\/\/www.inet.edu.ar\/?page_id=1522"},"modified":"2023-06-05T16:38:22","modified_gmt":"2023-06-05T19:38:22","slug":"gestion-de-las-organizaciones","status":"publish","type":"page","link":"https:\/\/www.inet.edu.ar\/index.php\/material-de-capacitacion\/desarrollo-de-contenidos\/gestion-de-las-organizaciones\/","title":{"rendered":"Gesti\u00f3n de las organizaciones"},"content":{"rendered":"<h2>1. Introducci\u00f3n a la teor\u00eda de la administraci\u00f3n<\/h2>\n<p><strong>Cecilia Trueba &#8211; INET. 2004. Buenos Aires<\/strong><\/p>\n<p>Analiza algunos hitos socio-hist\u00f3ricos vividos en occidente hasta nuestros d\u00edas, determinando su incidencia en los modelos de administraci\u00f3n de las organizaciones; presenta las diferentes escuelas de administraci\u00f3n, sus principales caracter\u00edsticas, la concepci\u00f3n de hombre que cada una propicia y los modelos de gesti\u00f3n que proponen; identifica las etapas del planeamiento estrat\u00e9gico, los procesos que se llevan a cabo en cada una y las funciones que debe realizar el conjunto de la organizaci\u00f3n en cada momento establecido.<\/p>\n<p><a class=\"media media-zip\" href=\"https:\/\/www.inet.edu.ar\/wp-content\/uploads\/2013\/04\/1_intro_adm.zip\">Descargar<\/a><\/p>\n<h2>2. Interbike SRL -Un manual interactivo para la adquisici\u00f3n de competencias comerciales y administrativas en Argentina-<\/h2>\n<p><strong>GTZ-INET. 2003. Buenos Aires\u00a0<\/strong><\/p>\n<p>Plantea problemas gestionales que se le presentan a una empresa e insta a los alumnos a tomar decisiones y concretar alternativas de acci\u00f3n para resolverlos; se desarrolla en cuatro tomos: Compras, abastecimiento y dep\u00f3sito, Gesti\u00f3n de pedidos, Marketing, y Administraci\u00f3n de recursos humanos.<\/p>\n<p><a class=\"media media-zip\" href=\"https:\/\/www.inet.edu.ar\/wp-content\/uploads\/2013\/04\/2_interbike.zip\">Descargar<\/a><\/p>\n<h2>3. Manual de apoyo para la implementaci\u00f3n de pasant\u00edas educativas<\/h2>\n<p><strong>GTZ-INET. 2003. Buenos Aires<\/strong><\/p>\n<p>Aporta respuestas a los interrogantes: \u00bfQu\u00e9 es una pasant\u00eda educativa? \u00bfCu\u00e1l es su objetivo? \u00bfCu\u00e1les son los actores de esta experiencia? \u00bfCu\u00e1l es el marco legal de una pasant\u00eda? \u00bfQu\u00e9 piensan las empresas que desarrollan pasant\u00edas?<\/p>\n<p><a class=\"media media-zip\" href=\"https:\/\/www.inet.edu.ar\/wp-content\/uploads\/2013\/04\/3_pasantias_educativas.zip\">Descargar<\/a><\/p>\n","protected":false},"excerpt":{"rendered":"<p>1. Introducci\u00f3n a la teor\u00eda de la administraci\u00f3n Cecilia Trueba &#8211; INET. 2004. Buenos Aires Analiza algunos hitos socio-hist\u00f3ricos vividos en occidente hasta nuestros d\u00edas, determinando su incidencia en los modelos de administraci\u00f3n de las organizaciones; presenta las diferentes escuelas de administraci\u00f3n, sus principales caracter\u00edsticas, la concepci\u00f3n de hombre que cada una propicia y los [&hellip;]<\/p>\n","protected":false},"author":3,"featured_media":0,"parent":826,"menu_order":7,"comment_status":"closed","ping_status":"open","template":"","meta":{"footnotes":""},"class_list":["post-1522","page","type-page","status-publish","hentry"],"_links":{"self":[{"href":"https:\/\/www.inet.edu.ar\/index.php\/wp-json\/wp\/v2\/pages\/1522","targetHints":{"allow":["GET"]}}],"collection":[{"href":"https:\/\/www.inet.edu.ar\/index.php\/wp-json\/wp\/v2\/pages"}],"about":[{"href":"https:\/\/www.inet.edu.ar\/index.php\/wp-json\/wp\/v2\/types\/page"}],"author":[{"embeddable":true,"href":"https:\/\/www.inet.edu.ar\/index.php\/wp-json\/wp\/v2\/users\/3"}],"replies":[{"embeddable":true,"href":"https:\/\/www.inet.edu.ar\/index.php\/wp-json\/wp\/v2\/comments?post=1522"}],"version-history":[{"count":3,"href":"https:\/\/www.inet.edu.ar\/index.php\/wp-json\/wp\/v2\/pages\/1522\/revisions"}],"predecessor-version":[{"id":37676,"href":"https:\/\/www.inet.edu.ar\/index.php\/wp-json\/wp\/v2\/pages\/1522\/revisions\/37676"}],"up":[{"embeddable":true,"href":"https:\/\/www.inet.edu.ar\/index.php\/wp-json\/wp\/v2\/pages\/826"}],"wp:attachment":[{"href":"https:\/\/www.inet.edu.ar\/index.php\/wp-json\/wp\/v2\/media?parent=1522"}],"curies":[{"name":"wp","href":"https:\/\/api.w.org\/{rel}","templated":true}]}}