{"id":1528,"date":"2013-04-26T15:23:57","date_gmt":"2013-04-26T18:23:57","guid":{"rendered":"https:\/\/www.inet.edu.ar\/?page_id=1528"},"modified":"2023-06-05T16:55:54","modified_gmt":"2023-06-05T19:55:54","slug":"tecnologia-quimica-en-industrias-de-procesos","status":"publish","type":"page","link":"https:\/\/www.inet.edu.ar\/index.php\/material-de-capacitacion\/desarrollo-de-contenidos\/tecnologia-quimica-en-industrias-de-procesos\/","title":{"rendered":"Tecnolog\u00eda qu\u00edmica en industrias de procesos"},"content":{"rendered":"<h2>1. El aire como materia prima<\/h2>\n<p>Abarca los procesos de destilaci\u00f3n del aire, la tecnolog\u00eda qu\u00edmica involucrada en las industrias del nitr\u00f3geno y la producci\u00f3n de fertilizantes.<\/p>\n<h2><span style=\"font-size: 1.21em; font-weight: bold; line-height: 1.31em;\">2. El azufre como materia prima<\/span><\/h2>\n<p>Presenta los procesos de transformaci\u00f3n industrial del azufre.<\/p>\n<h2><span style=\"font-size: 1.21em; font-weight: bold; line-height: 1.31em;\">3. Los minerales como materia prima -bauxita y minerales de hierro-\u00a0<\/span><\/h2>\n<p>Abarca los fundamentos te\u00f3ricos de la producci\u00f3n de aluminio, de hierro y de acero, as\u00ed como una descripci\u00f3n de los principales procesos industriales que, en la actualidad, se efect\u00faan para obtenerlos.<\/p>\n<p><a class=\"media media-zip\" href=\"https:\/\/www.inet.edu.ar\/wp-content\/uploads\/2013\/04\/3_Minerales_Mat_Prim-output.zip\">Descargar<\/a><\/p>\n","protected":false},"excerpt":{"rendered":"<p>1. El aire como materia prima Abarca los procesos de destilaci\u00f3n del aire, la tecnolog\u00eda qu\u00edmica involucrada en las industrias del nitr\u00f3geno y la producci\u00f3n de fertilizantes. 2. El azufre como materia prima Presenta los procesos de transformaci\u00f3n industrial del azufre. 3. Los minerales como materia prima -bauxita y minerales de hierro-\u00a0 Abarca los fundamentos [&hellip;]<\/p>\n","protected":false},"author":3,"featured_media":0,"parent":826,"menu_order":12,"comment_status":"closed","ping_status":"open","template":"","meta":{"footnotes":""},"class_list":["post-1528","page","type-page","status-publish","hentry"],"_links":{"self":[{"href":"https:\/\/www.inet.edu.ar\/index.php\/wp-json\/wp\/v2\/pages\/1528","targetHints":{"allow":["GET"]}}],"collection":[{"href":"https:\/\/www.inet.edu.ar\/index.php\/wp-json\/wp\/v2\/pages"}],"about":[{"href":"https:\/\/www.inet.edu.ar\/index.php\/wp-json\/wp\/v2\/types\/page"}],"author":[{"embeddable":true,"href":"https:\/\/www.inet.edu.ar\/index.php\/wp-json\/wp\/v2\/users\/3"}],"replies":[{"embeddable":true,"href":"https:\/\/www.inet.edu.ar\/index.php\/wp-json\/wp\/v2\/comments?post=1528"}],"version-history":[{"count":3,"href":"https:\/\/www.inet.edu.ar\/index.php\/wp-json\/wp\/v2\/pages\/1528\/revisions"}],"predecessor-version":[{"id":37683,"href":"https:\/\/www.inet.edu.ar\/index.php\/wp-json\/wp\/v2\/pages\/1528\/revisions\/37683"}],"up":[{"embeddable":true,"href":"https:\/\/www.inet.edu.ar\/index.php\/wp-json\/wp\/v2\/pages\/826"}],"wp:attachment":[{"href":"https:\/\/www.inet.edu.ar\/index.php\/wp-json\/wp\/v2\/media?parent=1528"}],"curies":[{"name":"wp","href":"https:\/\/api.w.org\/{rel}","templated":true}]}}