{"id":1531,"date":"2013-04-26T15:25:34","date_gmt":"2013-04-26T18:25:34","guid":{"rendered":"https:\/\/www.inet.edu.ar\/?page_id=1531"},"modified":"2023-06-05T16:42:50","modified_gmt":"2023-06-05T19:42:50","slug":"materiales","status":"publish","type":"page","link":"https:\/\/www.inet.edu.ar\/index.php\/material-de-capacitacion\/desarrollo-de-contenidos\/materiales\/","title":{"rendered":"Materiales"},"content":{"rendered":"<h2>1. Fundamentos y ensayos en materiales met\u00e1licos<\/h2>\n<p><strong>Diego Ruiz &#8211; INET. 2005. Buenos Aires\u00a0<\/strong><\/p>\n<p>Plantea una clasificaci\u00f3n de tipos de materiales, caracterizando la estructura at\u00f3mica de cada grupo, sus diagramas de fase y los ensayos que es posible realizar con, espec\u00edficamente, materiales met\u00e1licos.<\/p>\n<p><a class=\"media media-zip\" href=\"https:\/\/www.inet.edu.ar\/wp-content\/uploads\/2013\/04\/1_FyE_Mat_Metalicos-output.zip\">Descargar<\/a><\/p>\n","protected":false},"excerpt":{"rendered":"<p>1. Fundamentos y ensayos en materiales met\u00e1licos Diego Ruiz &#8211; INET. 2005. Buenos Aires\u00a0 Plantea una clasificaci\u00f3n de tipos de materiales, caracterizando la estructura at\u00f3mica de cada grupo, sus diagramas de fase y los ensayos que es posible realizar con, espec\u00edficamente, materiales met\u00e1licos. Descargar<\/p>\n","protected":false},"author":3,"featured_media":0,"parent":826,"menu_order":9,"comment_status":"closed","ping_status":"open","template":"","meta":{"footnotes":""},"class_list":["post-1531","page","type-page","status-publish","hentry"],"_links":{"self":[{"href":"https:\/\/www.inet.edu.ar\/index.php\/wp-json\/wp\/v2\/pages\/1531","targetHints":{"allow":["GET"]}}],"collection":[{"href":"https:\/\/www.inet.edu.ar\/index.php\/wp-json\/wp\/v2\/pages"}],"about":[{"href":"https:\/\/www.inet.edu.ar\/index.php\/wp-json\/wp\/v2\/types\/page"}],"author":[{"embeddable":true,"href":"https:\/\/www.inet.edu.ar\/index.php\/wp-json\/wp\/v2\/users\/3"}],"replies":[{"embeddable":true,"href":"https:\/\/www.inet.edu.ar\/index.php\/wp-json\/wp\/v2\/comments?post=1531"}],"version-history":[{"count":2,"href":"https:\/\/www.inet.edu.ar\/index.php\/wp-json\/wp\/v2\/pages\/1531\/revisions"}],"predecessor-version":[{"id":37678,"href":"https:\/\/www.inet.edu.ar\/index.php\/wp-json\/wp\/v2\/pages\/1531\/revisions\/37678"}],"up":[{"embeddable":true,"href":"https:\/\/www.inet.edu.ar\/index.php\/wp-json\/wp\/v2\/pages\/826"}],"wp:attachment":[{"href":"https:\/\/www.inet.edu.ar\/index.php\/wp-json\/wp\/v2\/media?parent=1531"}],"curies":[{"name":"wp","href":"https:\/\/api.w.org\/{rel}","templated":true}]}}