{"id":1535,"date":"2013-04-26T15:27:39","date_gmt":"2013-04-26T18:27:39","guid":{"rendered":"https:\/\/www.inet.edu.ar\/?page_id=1535"},"modified":"2023-06-05T16:45:34","modified_gmt":"2023-06-05T19:45:34","slug":"tecnologia-de-las-comunicaciones","status":"publish","type":"page","link":"https:\/\/www.inet.edu.ar\/index.php\/material-de-capacitacion\/desarrollo-de-contenidos\/tecnologia-de-las-comunicaciones\/","title":{"rendered":"Tecnolog\u00eda de las comunicaciones"},"content":{"rendered":"<h2>1. T\u00e9cnicas de transmisi\u00f3n banda base aplicadas a redes LAN y WAN<\/h2>\n<p><strong>Rub\u00e9n Fusario &#8211; INET. 2005. Buenos Aires\u00a0<\/strong><\/p>\n<p>Presenta las caracter\u00edsticas t\u00e9cnicas de la transmisi\u00f3n en banda base, c\u00f3digos de l\u00ednea empleados y aplicaciones en redes.<\/p>\n<p><a class=\"media media-zip\" href=\"https:\/\/www.inet.edu.ar\/wp-content\/uploads\/2013\/04\/1_TTBB_redes_Lan_Wan-output.zip\">Descargar<\/a><\/p>\n<h2>2. C\u00e1lculo de enlaces al\u00e1mbricos<\/h2>\n<p>Permite el estudio de las caracter\u00edsticas principales de la fibra \u00f3ptica y del enlace optoelectr\u00f3nico, la tasa de informaci\u00f3n de una fuente de datos, las medidas de la compresi\u00f3n de datos, las capacidad de un canal con ruido, y la relaci\u00f3n entre la tasa de informaci\u00f3n y la capacidad de un canal real con ruido.<\/p>\n<p><a class=\"media media-zip\" href=\"https:\/\/www.inet.edu.ar\/wp-content\/uploads\/2013\/04\/2_Calc_Enlaces-output.zip\">Descargar<\/a><\/p>\n","protected":false},"excerpt":{"rendered":"<p>1. T\u00e9cnicas de transmisi\u00f3n banda base aplicadas a redes LAN y WAN Rub\u00e9n Fusario &#8211; INET. 2005. Buenos Aires\u00a0 Presenta las caracter\u00edsticas t\u00e9cnicas de la transmisi\u00f3n en banda base, c\u00f3digos de l\u00ednea empleados y aplicaciones en redes. Descargar 2. C\u00e1lculo de enlaces al\u00e1mbricos Permite el estudio de las caracter\u00edsticas principales de la fibra \u00f3ptica y [&hellip;]<\/p>\n","protected":false},"author":3,"featured_media":0,"parent":826,"menu_order":11,"comment_status":"closed","ping_status":"open","template":"","meta":{"footnotes":""},"class_list":["post-1535","page","type-page","status-publish","hentry"],"_links":{"self":[{"href":"https:\/\/www.inet.edu.ar\/index.php\/wp-json\/wp\/v2\/pages\/1535","targetHints":{"allow":["GET"]}}],"collection":[{"href":"https:\/\/www.inet.edu.ar\/index.php\/wp-json\/wp\/v2\/pages"}],"about":[{"href":"https:\/\/www.inet.edu.ar\/index.php\/wp-json\/wp\/v2\/types\/page"}],"author":[{"embeddable":true,"href":"https:\/\/www.inet.edu.ar\/index.php\/wp-json\/wp\/v2\/users\/3"}],"replies":[{"embeddable":true,"href":"https:\/\/www.inet.edu.ar\/index.php\/wp-json\/wp\/v2\/comments?post=1535"}],"version-history":[{"count":2,"href":"https:\/\/www.inet.edu.ar\/index.php\/wp-json\/wp\/v2\/pages\/1535\/revisions"}],"predecessor-version":[{"id":37681,"href":"https:\/\/www.inet.edu.ar\/index.php\/wp-json\/wp\/v2\/pages\/1535\/revisions\/37681"}],"up":[{"embeddable":true,"href":"https:\/\/www.inet.edu.ar\/index.php\/wp-json\/wp\/v2\/pages\/826"}],"wp:attachment":[{"href":"https:\/\/www.inet.edu.ar\/index.php\/wp-json\/wp\/v2\/media?parent=1535"}],"curies":[{"name":"wp","href":"https:\/\/api.w.org\/{rel}","templated":true}]}}