{"id":1624,"date":"2013-04-29T15:59:53","date_gmt":"2013-04-29T18:59:53","guid":{"rendered":"https:\/\/www.inet.edu.ar\/?page_id=1624"},"modified":"2024-11-19T13:55:06","modified_gmt":"2024-11-19T16:55:06","slug":"marcos-de-referencia-de-nivel-superior","status":"publish","type":"page","link":"https:\/\/www.inet.edu.ar\/index.php\/niveles-educativos\/educacion-superior-tecnica\/marcos-de-referencia-de-nivel-superior\/","title":{"rendered":"Marcos de Referencia de Nivel Superior"},"content":{"rendered":"\n<p><span style=\"line-height: 1.21em;\">Los marcos de referencia enuncian el conjunto de los criterios b\u00e1sicos y est\u00e1ndares que definen y caracterizan los aspectos sustantivos a ser considerados en el proceso de homologaci\u00f3n de los t\u00edtulos o certificados y sus correspondientes ofertas formativas, brindando los elementos necesarios para llevar a cabo las acciones de an\u00e1lisis y de evaluaci\u00f3n comparativa antes se\u00f1aladas.<\/span><\/p>\n\n\n\n<p><span style=\"line-height: 1.21em;\">En distintas Reuniones de la Comisi\u00f3n Federal de la Educaci\u00f3n T\u00e9cnico Profesional, que instituye la Ley de Educaci\u00f3n T\u00e9cnico Profesional (Ley N\u00b026.058)&nbsp;y en talleres espec\u00edficos se han definido y desarrollado una serie de Marcos de referencia para la homologaci\u00f3n de T\u00edtulos de T\u00e9cnicos de nivel superior que se detallan a continuaci\u00f3n, priorizando seg\u00fan el volumen de oferta formativa a nivel nacional y tecnicaturas que deben estar a resguardo del estado en virtud de que el ejercicio profesional pone en riesgo de modo directo el medio ambiente, la salud y los bienes de los habitantes.<\/span><\/p>\n\n\n\n<figure class=\"wp-block-table\"><table><tbody><tr><td><\/td><td><strong>Especialidad<\/strong><\/td><td><strong>Estado de situaci\u00f3n<\/strong><\/td><td><strong>Plazo para iniciar Homologaci\u00f3n<\/strong><\/td><\/tr><tr><td>1)<\/td><td>Gesti\u00f3n de la Producci\u00f3n Agropecuaria<\/td><td>Aprobado por&nbsp;<a href=\"https:\/\/www.inet.edu.ar\/wp-content\/uploads\/2013\/04\/77-09.pdf\" target=\"_blank\" rel=\"noopener\">Res CFE nro. 77\/09<\/a>&nbsp;&#8211;&nbsp;<a href=\"https:\/\/www.inet.edu.ar\/wp-content\/uploads\/2013\/04\/77-09-anexo01.pdf\" target=\"_blank\" rel=\"noopener\">Anexo I<\/a><\/td><td>Por Res. CFE nro. 91\/09 hasta Nov. 2011<\/td><\/tr><tr><td>2)<\/td><td>Soporte de infraestructura de tecnolog\u00eda de la informaci\u00f3n<\/td><td>Aprobado por&nbsp;<a href=\"https:\/\/www.inet.edu.ar\/wp-content\/uploads\/2013\/04\/107-10.pdf\" target=\"_blank\" rel=\"noopener\">Res. CFE nro.&nbsp;107\/10<\/a>&nbsp;&#8211; &nbsp;<a href=\"https:\/\/www.inet.edu.ar\/wp-content\/uploads\/2013\/04\/107-10_02.pdf\" target=\"_blank\" rel=\"noopener\">Anexo II<\/a><\/td><td>Por Res. CFE nro. 91\/09 hasta Ago. 2012<\/td><\/tr><tr><td>3)<\/td><td>Forestal<\/td><td>Aprobado por&nbsp;<a href=\"https:\/\/www.inet.edu.ar\/wp-content\/uploads\/2013\/04\/129-11.pdf\" target=\"_blank\" rel=\"noopener\">Res. CFE nro.&nbsp;129\/11<\/a>&nbsp;&#8211; <a href=\"https:\/\/www.inet.edu.ar\/wp-content\/uploads\/2013\/04\/129-11_04.pdf\" target=\"_blank\" rel=\"noopener\">Anexo IV<\/a><\/td><td>Por Res. CFE nro. 91\/09 hasta Mayo 2013<\/td><\/tr><tr><td>4)<\/td><td>Desarrollo de software<\/td><td>Aprobado por&nbsp;<a href=\"https:\/\/www.inet.edu.ar\/wp-content\/uploads\/2013\/04\/129-11.pdf\" target=\"_blank\" rel=\"noopener\">Res. CFE nro.&nbsp;129\/11<\/a>&nbsp;&#8211;&nbsp;<a href=\"https:\/\/www.inet.edu.ar\/wp-content\/uploads\/2013\/04\/129-11_05.pdf\" target=\"_blank\" rel=\"noopener\">Anexo V<\/a><\/td><td>Por Res. CFE nro. 91\/09 hasta Mayo 2013<\/td><\/tr><tr><td>5)<\/td><td>Bromatolog\u00eda<\/td><td>Aprobado por&nbsp;<a href=\"https:\/\/www.inet.edu.ar\/wp-content\/uploads\/2013\/04\/129-11.pdf\" target=\"_blank\" rel=\"noopener\">Res. CFE nro.&nbsp;129\/11<\/a>&nbsp;&#8211;&nbsp;<a href=\"https:\/\/www.inet.edu.ar\/wp-content\/uploads\/2013\/04\/129-11_07.pdf\" target=\"_blank\" rel=\"noopener\">Anexo VII<\/a><\/td><td>Por Res. CFE nro. 91\/09 hasta Mayo 2013<\/td><\/tr><tr><td>6)<\/td><td>Tecnolog\u00eda de los alimentos<\/td><td>Aprobado por&nbsp;<a href=\"https:\/\/www.inet.edu.ar\/wp-content\/uploads\/2013\/04\/129-11.pdf\" target=\"_blank\" rel=\"noopener\">Res. CFE nro.&nbsp;129\/11<\/a>&nbsp;&#8211;&nbsp;<a href=\"https:\/\/www.inet.edu.ar\/wp-content\/uploads\/2013\/04\/129-11_06.pdf\" target=\"_blank\" rel=\"noopener\">Anexo VI<\/a><\/td><td>Por Res. CFE nro. 91\/09 hasta Mayo 2013<\/td><\/tr><tr><td>7)<\/td><td>Pr\u00e1cticas cardiol\u00f3gicas<\/td><td>Aprobado por&nbsp;<a href=\"https:\/\/www.inet.edu.ar\/wp-content\/uploads\/2013\/04\/129-11.pdf\" target=\"_blank\" rel=\"noopener\">Res. CFE nro.&nbsp;129\/11<\/a>&nbsp;&#8211;&nbsp;<a href=\"https:\/\/www.inet.edu.ar\/wp-content\/uploads\/2013\/04\/129-11_02.pdf\" target=\"_blank\" rel=\"noopener\">Anexo II<\/a><\/td><td>Por Res. CFE nro. 91\/09 hasta Mayo 2013<\/td><\/tr><tr><td>8)<\/td><td>Neurofisiolog\u00eda<\/td><td>Aprobado por&nbsp;<a href=\"https:\/\/www.inet.edu.ar\/wp-content\/uploads\/2013\/04\/129-11.pdf\" target=\"_blank\" rel=\"noopener\">Res. CFE nro.&nbsp;129\/11<\/a>&nbsp;&#8211;&nbsp;<a href=\"https:\/\/www.inet.edu.ar\/wp-content\/uploads\/2013\/04\/129-11_03.pdf\" target=\"_blank\" rel=\"noopener\">Anexo III<\/a><\/td><td>Por Res. CFE nro. 91\/09 hasta Mayo 2013<\/td><\/tr><tr><td>9)<\/td><td>Gesti\u00f3n ambiental<\/td><td>Aprobado por <a href=\"https:\/\/www.inet.edu.ar\/wp-content\/uploads\/2013\/04\/177-12.pdf\" target=\"_blank\" rel=\"noopener\">Res. CFE nro.&nbsp;177\/12<\/a>&nbsp;&#8211;&nbsp;<a href=\"https:\/\/www.inet.edu.ar\/wp-content\/uploads\/2013\/04\/177-12_01.pdf\" target=\"_blank\" rel=\"noopener\">Anexo I<\/a><\/td><td>Por Res. CFE nro. 91\/09 hasta Agosto 2014<\/td><\/tr><tr><td>10)<\/td><td>Comercio internacional<\/td><td>Aprobado por <a href=\"https:\/\/www.inet.edu.ar\/wp-content\/uploads\/2013\/04\/177-12.pdf\" target=\"_blank\" rel=\"noopener\">Res. CFE nro.&nbsp;177\/12<\/a>&nbsp;&#8211;&nbsp;<a href=\"https:\/\/www.inet.edu.ar\/wp-content\/uploads\/2013\/04\/177-12_02.pdf\" target=\"_blank\" rel=\"noopener\">Anexo II<\/a><\/td><td>Por Res. CFE nro. 91\/09 hasta Agosto 2014<\/td><\/tr><tr><td>11)<\/td><td>Gesti\u00f3n&nbsp;y mantenimiento de equipamiento biom\u00e9dico<\/td><td>Aprobado por <a href=\"https:\/\/www.inet.edu.ar\/wp-content\/uploads\/2012\/10\/207-13.pdf\">Res. CFE nro. 207\/13<\/a>&nbsp;&#8211;&nbsp;<a href=\"https:\/\/www.inet.edu.ar\/wp-content\/uploads\/2012\/10\/207-13_01.pdf\">Anexo I<\/a><\/td><td>Por Res. CFE nro. 91\/09 hasta Octubre de 2015<\/td><\/tr><tr><td>12)<\/td><td>Radiolog\u00eda<\/td><td>Aprobado por <a href=\"https:\/\/www.inet.edu.ar\/wp-content\/uploads\/2012\/10\/207-13.pdf\">Res. CFE nro. 207\/13<\/a>&nbsp;&#8211;&nbsp;<a href=\"https:\/\/www.inet.edu.ar\/wp-content\/uploads\/2012\/10\/207-13_02.pdf\">Anexo II<\/a><\/td><td>Por Res. CFE nro. 91\/09 hasta&nbsp;Octubre de 2015<\/td><\/tr><tr><td>13)<\/td><td>Laboratorio de an\u00e1lisis cl\u00ednicos<\/td><td>Aprobado por <a href=\"https:\/\/www.inet.edu.ar\/wp-content\/uploads\/2012\/10\/207-13.pdf\">Res. CFE nro. 207\/13<\/a>&nbsp;&#8211;&nbsp;<a href=\"https:\/\/www.inet.edu.ar\/wp-content\/uploads\/2012\/10\/207-13_03.pdf\">Anexo III<\/a><\/td><td>Por Res. CFE nro. 91\/09 hasta Octubre de 2015<\/td><\/tr><tr><td>14)<\/td><td>Enfermer\u00eda<\/td><td>Aprobado por <a href=\"https:\/\/www.inet.edu.ar\/wp-content\/uploads\/2012\/10\/207-13.pdf\">Res. CFE nro. 207\/13<\/a>&nbsp;&#8211;&nbsp;<a href=\"https:\/\/www.inet.edu.ar\/wp-content\/uploads\/2012\/10\/207-13_04.pdf\">Anexo IV<\/a><\/td><td>Por Res. CFE nro. 91\/09 hasta&nbsp;Octubre de 2015<\/td><\/tr><tr><td>15)<\/td><td>Ciencia de Datos e Inteligencia Artificial<\/td><td>Aprobado por <a href=\"https:\/\/www.inet.edu.ar\/wp-content\/uploads\/2022\/01\/res_cfe_352_19.pdf\">Res. CFE N\u00b0 352\/19<\/a> &#8211;&nbsp;<a href=\"https:\/\/www.inet.edu.ar\/wp-content\/uploads\/2022\/01\/res_cfe_352_19_-_anexo_i_-.pdf\">Anexo i<\/a><\/td><td><\/td><\/tr><tr><td>16)<\/td><td>Dise\u00f1o y Desarrollo de Productos Mec\u00e1nicos<\/td><td>Aprobado por&nbsp;<a href=\"https:\/\/www.inet.edu.ar\/wp-content\/uploads\/2022\/01\/res_cfe_352_19.pdf\">Res. CFE N\u00b0 352\/19<\/a><span style=\"display: inline !important; float: none; background-color: #ffffff; color: #333333; cursor: text; font-family: Georgia,'Times New Roman','Bitstream Charter',Times,serif; font-size: 16px; font-style: normal; font-variant: normal; font-weight: 400; letter-spacing: normal; orphans: 2; text-align: left; text-decoration: none; text-indent: 0px; text-transform: none; -webkit-text-stroke-width: 0px; white-space: normal; word-spacing: 0px;\"> &#8211; <a href=\"https:\/\/www.inet.edu.ar\/wp-content\/uploads\/2022\/01\/res_cfe_352_19_-_anexo_ii_-_.pdf\">Anexo ii<\/a><\/span><\/td><td><\/td><\/tr><tr><td>17)<\/td><td>Mecatr\u00f3nica<\/td><td>Aprobado por&nbsp;<a href=\"https:\/\/www.inet.edu.ar\/wp-content\/uploads\/2022\/01\/res_cfe_352_19.pdf\">Res. CFE N\u00b0 352\/19<\/a><span style=\"display: inline !important; float: none; background-color: #ffffff; color: #333333; cursor: text; font-family: Georgia,'Times New Roman','Bitstream Charter',Times,serif; font-size: 16px; font-style: normal; font-variant: normal; font-weight: 400; letter-spacing: normal; orphans: 2; text-align: left; text-decoration: none; text-indent: 0px; text-transform: none; -webkit-text-stroke-width: 0px; white-space: normal; word-spacing: 0px;\"> &#8211; <a href=\"https:\/\/www.inet.edu.ar\/wp-content\/uploads\/2022\/01\/res_cfe_352_19_-_anexo_iii_-.pdf\">Anexo iii<\/a><\/span><\/td><td><\/td><\/tr><tr><td>18)<\/td><td>Gesti\u00f3n de Energ\u00edas Renovables<\/td><td>Aprobado por&nbsp;<a href=\"https:\/\/www.inet.edu.ar\/wp-content\/uploads\/2022\/01\/res_cfe_352_19.pdf\">Res. CFE N\u00b0 352\/19<\/a><span style=\"display: inline !important; float: none; background-color: #ffffff; color: #333333; cursor: text; font-family: Georgia,'Times New Roman','Bitstream Charter',Times,serif; font-size: 16px; font-style: normal; font-variant: normal; font-weight: 400; letter-spacing: normal; orphans: 2; text-align: left; text-decoration: none; text-indent: 0px; text-transform: none; -webkit-text-stroke-width: 0px; white-space: normal; word-spacing: 0px;\"> &#8211; <a href=\"https:\/\/www.inet.edu.ar\/wp-content\/uploads\/2022\/01\/res_cfe_352_19_-_anexo_iv_-.pdf\">Anexo iv<\/a><\/span><\/td><td><\/td><\/tr><tr><td>19)<\/td><td>Oficial de Polic\u00eda<\/td><td>Aprobado por <a href=\"https:\/\/www.inet.edu.ar\/wp-content\/uploads\/2023\/03\/res_cfe_354_y_anexo.pdf\">RES. CFE N\u00b0 354\/19 y anexo<\/a><\/td><td><\/td><\/tr><tr><td>20)<\/td><td>Radiolog\u00eda<\/td><td>Aprobado por <a href=\"https:\/\/www.inet.edu.ar\/wp-content\/uploads\/2023\/12\/RCFE_457-23.pdf\">Res. CFE N\u00b0 457\/23<\/a><\/td><td><\/td><\/tr><tr><td>21)<\/td><td>Instrumentaci\u00f3n Quir\u00fargica<\/td><td>Aprobado por <a href=\"https:\/\/www.inet.edu.ar\/wp-content\/uploads\/2023\/12\/RCFE_457-23.pdf\">Res. CFE N\u00b0 457\/23<\/a><\/td><td><\/td><\/tr><tr><td>22)<\/td><td>Emergencias Extrahospitalarias<\/td><td>Aprobado por <a href=\"https:\/\/www.inet.edu.ar\/wp-content\/uploads\/2023\/12\/RCFE_457-23.pdf\">Res. CFE N\u00b0 457\/23<\/a><\/td><td><\/td><\/tr><tr><td>23)<\/td><td>Acompa\u00f1amiento Terap\u00e9utico<\/td><td>Aprobado por <a href=\"https:\/\/www.inet.edu.ar\/wp-content\/uploads\/2023\/12\/RCFE_457-23.pdf\">Res. CFE N\u00b0 457\/23<\/a><\/td><td><\/td><\/tr><tr><td>24)<\/td><td>Enfermero\/a<\/td><td>Aprobado por <a href=\"https:\/\/www.inet.edu.ar\/wp-content\/uploads\/2023\/12\/RCFE_457-23.pdf\">Res. CFE N\u00b0 457\/23<\/a><\/td><td><\/td><\/tr><tr><td>25)<\/td><td>Laboratorio de An\u00e1lisis Cl\u00ednicos<\/td><td>Aprobado por <a href=\"https:\/\/www.inet.edu.ar\/wp-content\/uploads\/2023\/12\/RCFE_458-23.pdf\">Res. CFE N\u00b0 458\/23<\/a><\/td><td><\/td><\/tr><tr><td>26)<\/td><td>Hemoterapia<\/td><td>Aprobado por <a href=\"https:\/\/www.inet.edu.ar\/wp-content\/uploads\/2023\/12\/RCFE_458-23.pdf\">Res. CFE N\u00b0 458\/23<\/a><\/td><td><\/td><\/tr><tr><td>27)<\/td><td>Pr\u00e1cticas Cardiol\u00f3gicas<\/td><td>Aprobado por <a href=\"https:\/\/www.inet.edu.ar\/wp-content\/uploads\/2023\/12\/RCFE_458-23.pdf\">Res. CFE N\u00b0 458\/23<\/a><\/td><td><\/td><\/tr><tr><td>28)<\/td><td>Investigaci\u00f3n Criminal<\/td><td>Aprobado por <a href=\"https:\/\/www.inet.edu.ar\/wp-content\/uploads\/2023\/12\/RCFE_459-23.pdf\">Res. CFE N\u00b0 459\/23<\/a><\/td><td><\/td><\/tr><tr><td>29)<\/td><td>An\u00e1lisis del Delito<\/td><td>Aprobado por <a href=\"https:\/\/www.inet.edu.ar\/wp-content\/uploads\/2023\/12\/RCFE_459-23.pdf\">Res. CFE N\u00b0 459\/23<\/a><\/td><td><\/td><\/tr><tr><td>30)<\/td><td>Biotecnolog\u00eda<\/td><td>Aprobado por <a href=\"https:\/\/www.inet.edu.ar\/wp-content\/uploads\/2024\/11\/Res-CFE_480-24.pdf\" data-type=\"link\" data-id=\"https:\/\/www.inet.edu.ar\/wp-content\/uploads\/2024\/11\/Res-CFE_480-24.pdf\" target=\"_blank\" rel=\"noreferrer noopener\">Res. CFE N\u00b0 480\/24<\/a><\/td><td><\/td><\/tr><\/tbody><\/table><\/figure>\n","protected":false},"excerpt":{"rendered":"<p>Los marcos de referencia enuncian el conjunto de los criterios b\u00e1sicos y est\u00e1ndares que definen y caracterizan los aspectos sustantivos a ser considerados en el proceso de homologaci\u00f3n de los t\u00edtulos o certificados y sus correspondientes ofertas formativas, brindando los elementos necesarios para llevar a cabo las acciones de an\u00e1lisis y de evaluaci\u00f3n comparativa antes [&hellip;]<\/p>\n","protected":false},"author":3,"featured_media":0,"parent":1427,"menu_order":2,"comment_status":"closed","ping_status":"open","template":"","meta":{"footnotes":""},"class_list":["post-1624","page","type-page","status-publish","hentry"],"_links":{"self":[{"href":"https:\/\/www.inet.edu.ar\/index.php\/wp-json\/wp\/v2\/pages\/1624","targetHints":{"allow":["GET"]}}],"collection":[{"href":"https:\/\/www.inet.edu.ar\/index.php\/wp-json\/wp\/v2\/pages"}],"about":[{"href":"https:\/\/www.inet.edu.ar\/index.php\/wp-json\/wp\/v2\/types\/page"}],"author":[{"embeddable":true,"href":"https:\/\/www.inet.edu.ar\/index.php\/wp-json\/wp\/v2\/users\/3"}],"replies":[{"embeddable":true,"href":"https:\/\/www.inet.edu.ar\/index.php\/wp-json\/wp\/v2\/comments?post=1624"}],"version-history":[{"count":21,"href":"https:\/\/www.inet.edu.ar\/index.php\/wp-json\/wp\/v2\/pages\/1624\/revisions"}],"predecessor-version":[{"id":40035,"href":"https:\/\/www.inet.edu.ar\/index.php\/wp-json\/wp\/v2\/pages\/1624\/revisions\/40035"}],"up":[{"embeddable":true,"href":"https:\/\/www.inet.edu.ar\/index.php\/wp-json\/wp\/v2\/pages\/1427"}],"wp:attachment":[{"href":"https:\/\/www.inet.edu.ar\/index.php\/wp-json\/wp\/v2\/media?parent=1624"}],"curies":[{"name":"wp","href":"https:\/\/api.w.org\/{rel}","templated":true}]}}