{"id":1633,"date":"2013-04-29T18:22:18","date_gmt":"2013-04-29T21:22:18","guid":{"rendered":"https:\/\/www.inet.edu.ar\/?page_id=1633"},"modified":"2013-04-29T18:22:18","modified_gmt":"2013-04-29T21:22:18","slug":"conectar-igualdad","status":"publish","type":"page","link":"https:\/\/www.inet.edu.ar\/index.php\/politicas-transversales\/conectar-igualdad\/","title":{"rendered":"Conectar Igualdad"},"content":{"rendered":"<p>En el marco de la implementaci\u00f3n de una pol\u00edtica nacional de inclusi\u00f3n digital educativa, el Programa Conectar Igualdad constituye una estrategia de revalorizaci\u00f3n de la escuela p\u00fablica y de mejora de la calidad de los procesos de ense\u00f1anza y aprendizaje.<\/p>\n<p><a href=\"http:\/\/portales.educacion.gov.ar\/conectarigualdad\/\" target=\"_blank\">M\u00e1s informaci\u00f3n sobre el Programa Conectar Igualdad<\/a><\/p>\n<p>&nbsp;<\/p>\n","protected":false},"excerpt":{"rendered":"<p>En el marco de la implementaci\u00f3n de una pol\u00edtica nacional de inclusi\u00f3n digital educativa, el Programa Conectar Igualdad constituye una estrategia de revalorizaci\u00f3n de la escuela p\u00fablica y de mejora de la calidad de los procesos de ense\u00f1anza y aprendizaje. M\u00e1s informaci\u00f3n sobre el Programa Conectar Igualdad &nbsp;<\/p>\n","protected":false},"author":3,"featured_media":0,"parent":1462,"menu_order":5,"comment_status":"closed","ping_status":"open","template":"","meta":{"footnotes":""},"class_list":["post-1633","page","type-page","status-publish","hentry"],"_links":{"self":[{"href":"https:\/\/www.inet.edu.ar\/index.php\/wp-json\/wp\/v2\/pages\/1633","targetHints":{"allow":["GET"]}}],"collection":[{"href":"https:\/\/www.inet.edu.ar\/index.php\/wp-json\/wp\/v2\/pages"}],"about":[{"href":"https:\/\/www.inet.edu.ar\/index.php\/wp-json\/wp\/v2\/types\/page"}],"author":[{"embeddable":true,"href":"https:\/\/www.inet.edu.ar\/index.php\/wp-json\/wp\/v2\/users\/3"}],"replies":[{"embeddable":true,"href":"https:\/\/www.inet.edu.ar\/index.php\/wp-json\/wp\/v2\/comments?post=1633"}],"version-history":[{"count":1,"href":"https:\/\/www.inet.edu.ar\/index.php\/wp-json\/wp\/v2\/pages\/1633\/revisions"}],"predecessor-version":[{"id":1634,"href":"https:\/\/www.inet.edu.ar\/index.php\/wp-json\/wp\/v2\/pages\/1633\/revisions\/1634"}],"up":[{"embeddable":true,"href":"https:\/\/www.inet.edu.ar\/index.php\/wp-json\/wp\/v2\/pages\/1462"}],"wp:attachment":[{"href":"https:\/\/www.inet.edu.ar\/index.php\/wp-json\/wp\/v2\/media?parent=1633"}],"curies":[{"name":"wp","href":"https:\/\/api.w.org\/{rel}","templated":true}]}}