{"id":1645,"date":"2013-04-30T12:07:02","date_gmt":"2013-04-30T15:07:02","guid":{"rendered":"https:\/\/www.inet.edu.ar\/?page_id=1645"},"modified":"2025-09-11T15:11:02","modified_gmt":"2025-09-11T18:11:02","slug":"programa-federal-de-aulas-tecnicas-moviles","status":"publish","type":"page","link":"https:\/\/www.inet.edu.ar\/index.php\/programa-federal-de-aulas-tecnicas-moviles\/","title":{"rendered":"Aulas Talleres M\u00f3viles"},"content":{"rendered":"\n<p>El <strong>Programa Federal Red de Aulas Talleres M\u00f3viles<\/strong> creado bajo <a href=\"https:\/\/www.inet.edu.ar\/wp-content\/uploads\/2012\/10\/176-12.pdf\">Resoluci\u00f3n N\u00b0 176\/12 aprobada por el Consejo Federal de Educaci\u00f3n (CFE)<\/a>, surgi\u00f3 en el a\u00f1o 2012 ante la necesidad de asegurar espacios de formaci\u00f3n y capacitaci\u00f3n a personas que residen alejadas de los centros urbanos (y que, de otra manera, no hubieran podido acceder, quedando fuera del sistema educativo y del trabajo); velando as\u00ed por el aseguramiento de una educaci\u00f3n inclusiva y de calidad en todo el territorio argentino.<\/p>\n\n\n\n<p>Las <strong>Aulas Talleres M\u00f3viles (ATM)&nbsp;<\/strong>refieren a una estructura transportable y desplazable, por v\u00eda terrestre o acu\u00e1tica, que reproduce las caracter\u00edsticas de un espacio de aula-taller y\/o laboratorio para el desarrollo de actividades de capacitaci\u00f3n, con las comodidades y el equipamiento requeridos para tal fin, seg\u00fan la especialidad t\u00e9cnica atendida: <strong>Instalaciones Domiciliarias; Reparaci\u00f3n de Autos y Motos; Soldadura; Inform\u00e1tica, Redes y Reparaci\u00f3n de PC; Refrigeraci\u00f3n y Climatizaci\u00f3n; Textil e Indumentaria; Gastronom\u00eda; Energ\u00edas Renovables y Alternativas; Metalmec\u00e1nica; Automatizaci\u00f3n Industrial; Agropecuaria; Saberes Digitales; Sistemas Tecnol\u00f3gicos,<\/strong> entre otras.<\/p>\n\n\n\n<p>Sus principales funciones son:<\/p>\n\n\n\n<ul class=\"wp-block-list\">\n<li>Promover el acceso a la Educaci\u00f3n T\u00e9cnica en zonas rurales y alejadas, garantizando la educaci\u00f3n t\u00e9cnica y profesional a comunidades que se encuentran lejos de los centros urbanos, brindando oportunidades de capacitaci\u00f3n a personas que de otra manera no tendr\u00edan acceso a estos conocimientos.<br><\/li>\n\n\n\n<li>Capacitar y ofrecer formaci\u00f3n en una amplia gama de oficios y especialidades, como instalaci\u00f3n domiciliaria, reparaci\u00f3n de veh\u00edculos, soldadura, inform\u00e1tica, energ\u00edas renovables y m\u00e1s, con el fin de mejorar las habilidades laborales de las personas.<br><\/li>\n\n\n\n<li>Fomentar el desarrollo productivo local, apoyando el crecimiento y la productividad de las regiones a trav\u00e9s de la formaci\u00f3n t\u00e9cnica que pueda satisfacer las demandas locales y el crecimiento econ\u00f3mico y social de las comunidades.<br><\/li>\n\n\n\n<li>Adaptar el programa a las necesidades locales y particularidades de cada regi\u00f3n, permitiendo que las capacitaciones sean relevantes y respondan a las necesidades productivas locales, fomentando el trabajo mancomunado con las jurisdicciones para garantizar su implementaci\u00f3n efectiva.<\/li>\n<\/ul>\n\n\n\n<p><strong><a href=\"https:\/\/youtu.be\/j1Yeo_hmG4U\" target=\"_blank\" rel=\"noopener\">Armado de ATM &#8211; Video tutorial<\/a><\/strong><\/p>\n\n\n\n<address>&nbsp;<\/address>\n","protected":false},"excerpt":{"rendered":"<p>El Programa Federal Red de Aulas Talleres M\u00f3viles creado bajo Resoluci\u00f3n N\u00b0 176\/12 aprobada por el Consejo Federal de Educaci\u00f3n (CFE), surgi\u00f3 en el a\u00f1o 2012 ante la necesidad de asegurar espacios de formaci\u00f3n y capacitaci\u00f3n a personas que residen alejadas de los centros urbanos (y que, de otra manera, no hubieran podido acceder, quedando [&hellip;]<\/p>\n","protected":false},"author":3,"featured_media":0,"parent":0,"menu_order":0,"comment_status":"closed","ping_status":"open","template":"","meta":{"footnotes":""},"class_list":["post-1645","page","type-page","status-publish","hentry"],"_links":{"self":[{"href":"https:\/\/www.inet.edu.ar\/index.php\/wp-json\/wp\/v2\/pages\/1645","targetHints":{"allow":["GET"]}}],"collection":[{"href":"https:\/\/www.inet.edu.ar\/index.php\/wp-json\/wp\/v2\/pages"}],"about":[{"href":"https:\/\/www.inet.edu.ar\/index.php\/wp-json\/wp\/v2\/types\/page"}],"author":[{"embeddable":true,"href":"https:\/\/www.inet.edu.ar\/index.php\/wp-json\/wp\/v2\/users\/3"}],"replies":[{"embeddable":true,"href":"https:\/\/www.inet.edu.ar\/index.php\/wp-json\/wp\/v2\/comments?post=1645"}],"version-history":[{"count":93,"href":"https:\/\/www.inet.edu.ar\/index.php\/wp-json\/wp\/v2\/pages\/1645\/revisions"}],"predecessor-version":[{"id":41427,"href":"https:\/\/www.inet.edu.ar\/index.php\/wp-json\/wp\/v2\/pages\/1645\/revisions\/41427"}],"wp:attachment":[{"href":"https:\/\/www.inet.edu.ar\/index.php\/wp-json\/wp\/v2\/media?parent=1645"}],"curies":[{"name":"wp","href":"https:\/\/api.w.org\/{rel}","templated":true}]}}