{"id":1658,"date":"2013-05-06T13:17:50","date_gmt":"2013-05-06T16:17:50","guid":{"rendered":"https:\/\/www.inet.edu.ar\/?page_id=1658"},"modified":"2023-06-05T13:35:24","modified_gmt":"2023-06-05T16:35:24","slug":"la-estatica-en-la-vida-cotidiana","status":"publish","type":"page","link":"https:\/\/www.inet.edu.ar\/index.php\/material-de-capacitacion\/nueva-serie-de-libros\/la-estatica-en-la-vida-cotidiana\/","title":{"rendered":"La est\u00e1tica en la vida cotidiana"},"content":{"rendered":"<p><a href=\"https:\/\/www.inet.edu.ar\/wp-content\/uploads\/2013\/05\/La-Estatica-tapa.png\"><img loading=\"lazy\" decoding=\"async\" class=\"alignleft wp-image-1659\" title=\"La-Estatica---tapa\" src=\"https:\/\/www.inet.edu.ar\/wp-content\/uploads\/2013\/05\/La-Estatica-tapa.png\" alt=\"\" width=\"200\" height=\"249\" \/><\/a><\/p>\n<p><strong>La Est\u00e1tica en la vida cotidiana<\/strong><\/p>\n<p>\u00bf&#8230;y para qu\u00e9 nos sirve saber&#8230;?<\/p>\n<p>Esta pregunta es com\u00fan escucharla en las aulas, a los alumnos de la escuela secundaria. El porqu\u00e9 de ella lo podemos encontrar en la forma de ense\u00f1anza. Si los saberes cient\u00edficos se ense\u00f1an sin establecer un v\u00ednculo con hechos concretos, seguramente la pregunta estar\u00e1 siempre presente en los estudiantes. \u00abLa Est\u00e1tica en la vida cotidiana\u00bb es un libro pensado para que el lector, desde sus primeras p\u00e1ginas encuentre una respuesta a la pregunta: &#8230;y para qu\u00e9 nos sirve la Est\u00e1tica?<\/p>\n<p>Los principios y las leyes de la Est\u00e1tica est\u00e1n presentes en el Universo donde vivimos. Por este motivo el desarrollo de cada uno de los cinco cap\u00edtulos que integran este libro est\u00e1 asociado a hechos de la vida cotidiana. Partimos del planteo de una situaci\u00f3n problem\u00e1tica, que el lector podr\u00e1 ir resolviendo, a medida que avance en la lectura comprensiva de los diferentes contenidos. Numerosos ejercicios y problemas permiten vincular los conocimientos te\u00f3ricos con situaciones reales de nuestra vida. Desde lo f\u00e1cil a lo dif\u00edcil, desde lo simple a lo complejo, en un recorrido cada vez m\u00e1s amplio y profundo a su vez, es la estrategia que hemos utilizado en la explicaci\u00f3n de las diferentes tem\u00e1ticas que se abordan. De la mano de dos personajes: Coni y Gast\u00f3n, quienes representan el esfuerzo, la inteligencia y la voluntad, el lector podr\u00e1 transitar por los conceptos, principios, leyes, definiciones, etc. de la Est\u00e1tica, siempre vinculados a situaciones concretas.<\/p>\n<p>Mediante un lenguaje amigable, ya sea de la Est\u00e1tica como de la Matem\u00e1tica asociada, y sin perder el formalismo, ni el rigor cient\u00edfico correspondiente, se desarrolla la totalidad de los cap\u00edtulos. Esperamos que el lector, al t\u00e9rmino de la lectura de este libro, haya comprendido los saberes fundamentales de la Est\u00e1tica y est\u00e9 motivado para profundizar aquellos que despertaron su inter\u00e9s y tambi\u00e9n pueda responder la pregunta inicial:<\/p>\n<p>\u00bf&#8230;y para qu\u00e9 sirve estudiar Est\u00e1tica?<\/p>\n<h3>Autores<\/h3>\n<p><strong>1) Hayde<\/strong><strong>\u00e9<\/strong><strong>\u00a0Noceti<\/strong><br \/>\nIngeniera en Construcciones, Prof. en Matem\u00e1tica y Cosmograf\u00eda<\/p>\n<p><strong>2) Susana Noem<\/strong><strong>\u00ed<\/strong><strong>\u00a0Iba<\/strong><strong>\u00f1<\/strong><strong>ez<\/strong><br \/>\nLic. en Adm. y Ec Agropecuaria, Especialista en Gesti\u00f3n Educativa<\/p>\n<p><strong style=\"line-height: 1.21em;\">3) Sol Avancini Noceti<br \/>\n<\/strong><span style=\"line-height: 1.21em;\">Licenciada en Qu\u00edmica<\/span><\/p>\n<h3>Descargas<\/h3>\n<p><a class=\"media media-zip\" href=\"https:\/\/www.inet.edu.ar\/wp-content\/uploads\/2013\/05\/Estatica-Cap0.zip\">Est\u00e1tica &#8211; Cap0<\/a><\/p>\n<p><a class=\"media media-zip\" href=\"https:\/\/www.inet.edu.ar\/wp-content\/uploads\/2013\/05\/Estatica-Cap1.zip\">Est\u00e1tica &#8211; Cap1<\/a><\/p>\n<p><a class=\"media media-zip\" href=\"https:\/\/www.inet.edu.ar\/wp-content\/uploads\/2013\/05\/Estatica-Cap2.zip\">Est\u00e1tica &#8211; Cap2<\/a><\/p>\n<p><a class=\"media media-zip\" href=\"https:\/\/www.inet.edu.ar\/wp-content\/uploads\/2013\/05\/Estatica-Cap3.zip\">Est\u00e1tica &#8211; Cap3<\/a><\/p>\n<p><a class=\"media media-zip\" href=\"https:\/\/www.inet.edu.ar\/wp-content\/uploads\/2013\/05\/Estatica-Cap4.zip\">Est\u00e1tica &#8211; Cap4<\/a><\/p>\n<p><a class=\"media media-zip\" href=\"https:\/\/www.inet.edu.ar\/wp-content\/uploads\/2013\/05\/Estatica-Cap5.zip\">Est\u00e1tica &#8211; Cap5<\/a><\/p>\n<p><a class=\"media media-zip\" href=\"https:\/\/www.inet.edu.ar\/wp-content\/uploads\/2013\/05\/Estatica-Cap6.zip\">Est\u00e1tica &#8211; Cap6<\/a><\/p>\n<p><a class=\"media media-zip\" href=\"https:\/\/www.inet.edu.ar\/wp-content\/uploads\/2013\/05\/Estatica-Cap7-Ap.zip\">Est\u00e1tica &#8211; Cap7 &#8211; Ap<\/a><\/p>\n<p><a class=\"media media-zip\" href=\"https:\/\/www.inet.edu.ar\/wp-content\/uploads\/2013\/05\/Estatica-Ep\u00edlogoyBibliograf\u00eda.zip\">Est\u00e1tica &#8211; Ep\u00edlogo y Bibliograf\u00eda<\/a><\/p>\n","protected":false},"excerpt":{"rendered":"<p>La Est\u00e1tica en la vida cotidiana \u00bf&#8230;y para qu\u00e9 nos sirve saber&#8230;? Esta pregunta es com\u00fan escucharla en las aulas, a los alumnos de la escuela secundaria. El porqu\u00e9 de ella lo podemos encontrar en la forma de ense\u00f1anza. Si los saberes cient\u00edficos se ense\u00f1an sin establecer un v\u00ednculo con hechos concretos, seguramente la pregunta [&hellip;]<\/p>\n","protected":false},"author":3,"featured_media":0,"parent":526,"menu_order":0,"comment_status":"closed","ping_status":"open","template":"","meta":{"footnotes":""},"class_list":["post-1658","page","type-page","status-publish","hentry"],"_links":{"self":[{"href":"https:\/\/www.inet.edu.ar\/index.php\/wp-json\/wp\/v2\/pages\/1658","targetHints":{"allow":["GET"]}}],"collection":[{"href":"https:\/\/www.inet.edu.ar\/index.php\/wp-json\/wp\/v2\/pages"}],"about":[{"href":"https:\/\/www.inet.edu.ar\/index.php\/wp-json\/wp\/v2\/types\/page"}],"author":[{"embeddable":true,"href":"https:\/\/www.inet.edu.ar\/index.php\/wp-json\/wp\/v2\/users\/3"}],"replies":[{"embeddable":true,"href":"https:\/\/www.inet.edu.ar\/index.php\/wp-json\/wp\/v2\/comments?post=1658"}],"version-history":[{"count":4,"href":"https:\/\/www.inet.edu.ar\/index.php\/wp-json\/wp\/v2\/pages\/1658\/revisions"}],"predecessor-version":[{"id":37640,"href":"https:\/\/www.inet.edu.ar\/index.php\/wp-json\/wp\/v2\/pages\/1658\/revisions\/37640"}],"up":[{"embeddable":true,"href":"https:\/\/www.inet.edu.ar\/index.php\/wp-json\/wp\/v2\/pages\/526"}],"wp:attachment":[{"href":"https:\/\/www.inet.edu.ar\/index.php\/wp-json\/wp\/v2\/media?parent=1658"}],"curies":[{"name":"wp","href":"https:\/\/api.w.org\/{rel}","templated":true}]}}