{"id":19354,"date":"2017-04-19T12:10:54","date_gmt":"2017-04-19T15:10:54","guid":{"rendered":"https:\/\/www.inet.edu.ar\/?page_id=19354"},"modified":"2025-09-25T14:49:25","modified_gmt":"2025-09-25T17:49:25","slug":"academia-inet-cisco","status":"publish","type":"page","link":"https:\/\/www.inet.edu.ar\/index.php\/cenet\/academia-inet-cisco\/","title":{"rendered":"Academia INET-CISCO"},"content":{"rendered":"\n<p><br><strong>Alianza INET y Cisco Networking Academy<br><\/strong>Programa de formaci\u00f3n de docentes en Redes y Ciberseguridad<\/p>\n\n\n\n<p><strong>Objetivo<\/strong><br>El INET, en colaboraci\u00f3n con el programa Cisco Networking Academy, ofrece capacitaci\u00f3n a docentes de Escuelas T\u00e9cnicas de Argentina con el fin de incorporarlos como Instructores de la Academia INET-Cisco.<\/p>\n\n\n\n<p><strong>Compromisos<\/strong><\/p>\n\n\n\n<ol class=\"wp-block-list\">\n<li>Participar de los encuentros sincr\u00f3nicos con el instructor de su preferencia.<\/li>\n\n\n\n<li>Seguir el calendario de estudio propuesto y terminar la capacitaci\u00f3n.<\/li>\n\n\n\n<li>Abrir al menos una clase a sus alumnos de ETP asociado.<\/li>\n<\/ol>\n\n\n\n<p><strong>Cursos y Calendario<\/strong><\/p>\n\n\n\n<p><strong>Fundamentos de Ciberseguridad<\/strong><br>Prepara para el rol de analista de seguridad cibern\u00e9tica junior al equipar a los estudiantes con habilidades laborales en tres dominios: seguridad de puntos finales, defensa de redes y administraci\u00f3n de amenazas cibern\u00e9ticas.<br><br>Todos los lunes y jueves de 18 a 19:30 h<br>Curso de 70 horas.<\/p>\n\n\n\n<p><strong>Fundamentos de Redes<\/strong><br>Desarrolla una comprensi\u00f3n fundamental de la arquitectura de red de alto nivel y c\u00f3mo funciona una red. Son cuatro dominios: conceptos b\u00e1sicos de red, dispositivos de red y configuraci\u00f3n inicial, direccionamiento de red y soluci\u00f3n de problemas b\u00e1sicos, y soporte y seguridad de redes.<br><br>Todos los lunes y jueves de 18 a 19:30 hs.<br>Curso de 65 horas.<\/p>\n\n\n\n<p><strong>CCNA &#8211; Introducci\u00f3n a la Red<\/strong><br>El primer curso del curr\u00edculo de CCNA presenta las arquitecturas, los modelos, los protocolos y los elementos de red que conectan a los usuarios, dispositivos, aplicaciones y datos a trav\u00e9s de Internet y las redes de computadoras modernas.<br><br>Todos los lunes y jueves de 18 a 19:30 hs.<br>Curso de 70 horas.<\/p>\n\n\n\n<p class=\"has-text-align-left\">Por consultas, escribir al siguiente correo electr\u00f3nico: <a href=\"mailto:academiainet-cisco@educacion.gob.ar\">academiainet-cisco@educacion.gob.ar<\/a><\/p>\n\n\n\n<p class=\"has-text-align-left\"><\/p>\n","protected":false},"excerpt":{"rendered":"<p>Alianza INET y Cisco Networking AcademyPrograma de formaci\u00f3n de docentes en Redes y Ciberseguridad ObjetivoEl INET, en colaboraci\u00f3n con el programa Cisco Networking Academy, ofrece capacitaci\u00f3n a docentes de Escuelas T\u00e9cnicas de Argentina con el fin de incorporarlos como Instructores de la Academia INET-Cisco. Compromisos Cursos y Calendario Fundamentos de CiberseguridadPrepara para el rol de [&hellip;]<\/p>\n","protected":false},"author":7,"featured_media":0,"parent":94,"menu_order":4,"comment_status":"closed","ping_status":"closed","template":"","meta":{"footnotes":""},"class_list":["post-19354","page","type-page","status-publish","hentry"],"_links":{"self":[{"href":"https:\/\/www.inet.edu.ar\/index.php\/wp-json\/wp\/v2\/pages\/19354","targetHints":{"allow":["GET"]}}],"collection":[{"href":"https:\/\/www.inet.edu.ar\/index.php\/wp-json\/wp\/v2\/pages"}],"about":[{"href":"https:\/\/www.inet.edu.ar\/index.php\/wp-json\/wp\/v2\/types\/page"}],"author":[{"embeddable":true,"href":"https:\/\/www.inet.edu.ar\/index.php\/wp-json\/wp\/v2\/users\/7"}],"replies":[{"embeddable":true,"href":"https:\/\/www.inet.edu.ar\/index.php\/wp-json\/wp\/v2\/comments?post=19354"}],"version-history":[{"count":85,"href":"https:\/\/www.inet.edu.ar\/index.php\/wp-json\/wp\/v2\/pages\/19354\/revisions"}],"predecessor-version":[{"id":40916,"href":"https:\/\/www.inet.edu.ar\/index.php\/wp-json\/wp\/v2\/pages\/19354\/revisions\/40916"}],"up":[{"embeddable":true,"href":"https:\/\/www.inet.edu.ar\/index.php\/wp-json\/wp\/v2\/pages\/94"}],"wp:attachment":[{"href":"https:\/\/www.inet.edu.ar\/index.php\/wp-json\/wp\/v2\/media?parent=19354"}],"curies":[{"name":"wp","href":"https:\/\/api.w.org\/{rel}","templated":true}]}}