{"id":19825,"date":"2017-05-30T18:16:00","date_gmt":"2017-05-30T21:16:00","guid":{"rendered":"https:\/\/www.inet.edu.ar\/?page_id=19825"},"modified":"2024-04-12T12:44:20","modified_gmt":"2024-04-12T15:44:20","slug":"convocatoria-2018","status":"publish","type":"page","link":"https:\/\/www.inet.edu.ar\/index.php\/credito-fiscal\/convocatorias\/convocatoria-2018\/","title":{"rendered":"Convocatoria 2018"},"content":{"rendered":"<p>&nbsp;<\/p>\n<p>Disposici\u00f3n de pr\u00f3rroga para la presentaci\u00f3n de patrocinantes para las escuelas aprobadas por <a href=\"https:\/\/www.inet.edu.ar\/wp-content\/uploads\/2019\/04\/DI-2019-19532220-APN-INETMEMECCYT-PRORROGA-DE-PATROCINANTE.pdf\">DI-2019-19532220-APN-INETME%MECCYT<\/a><\/p>\n<p>&nbsp;<\/p>\n<p>Nota: Ante las reiteradas consultas,\u00a0sobre la leyenda \u00abno dispone de cupo\u00bb, se informa que deber\u00e1n consultar el status de su proyecto en la <strong><a href=\"https:\/\/www.inet.edu.ar\/wp-content\/uploads\/2018\/12\/RCF-aprobados2018.zip\" target=\"_blank\" rel=\"noopener\">Disposici\u00f3n DI-305-APN-INETME#MECCYT y el Anexo I<\/a>, <\/strong>dado que dicha leyenda fue emitida por error involuntario del sistema.<\/p>\n<p>&nbsp;<\/p>\n<p>Disposici\u00f3n DI-305-APN-INETME#MECCYT y el Anexo I con los <strong>proyectos aprobados para el 2018<\/strong>. El mismo se encuentra para ser publicado en el Bolet\u00edn Oficial.\u00a0\u00a0<a href=\"https:\/\/www.inet.edu.ar\/wp-content\/uploads\/2018\/12\/RCF-aprobados2018.zip\">Bajar resoluci\u00f3n<\/a><\/p>\n<p><a href=\"https:\/\/www.inet.edu.ar\/wp-content\/uploads\/2019\/01\/ORDEN-DE-MERITO-RCF-INET-2018.pdf\" target=\"_blank\" rel=\"noopener\">Orden de m\u00e9rito Convocatoria 2018<\/a><\/p>\n<p>&nbsp;<\/p>\n<p>Pr\u00f3rroga hasta el 30 de junio de 2019 para la <strong>ejecuci\u00f3n y finalizaci\u00f3n<\/strong> de los proyectos aprobados para el 2017.\u00a0<a href=\"https:\/\/www.inet.edu.ar\/wp-content\/uploads\/2018\/12\/DI-2018-67519201-APN-INETMEMECCYT-PRORROGA.pdf\">Bajar Resoluci\u00f3n<\/a><\/p>\n<p>Se aprob\u00f3 una pr\u00f3rroga para presentaci\u00f3n de proyectos hasta el 13 de julio inclusive, por resoluci\u00f3n\u00a0DI-2018-28908426-APN-INET-ME.\u00a0<a href=\"https:\/\/www.inet.edu.ar\/wp-content\/uploads\/2018\/06\/DI-2018-28908426-APN-INETME-PRORROGA.pdf\">Bajar Resoluci\u00f3n<\/a><\/p>\n<p>&nbsp;<\/p>\n<p>Se aprob\u00f3 por Disposici\u00f3n DI-2018-308-APN-INET#ME del 16 de Abril de 2018, el Reglamento para la Presentaci\u00f3n, Evaluaci\u00f3n, Asignaci\u00f3n y Rendici\u00f3n de los Proyectos del marco del R\u00e9gimen de Cr\u00e9dito Fiscal de la Ley N\u00b0 22.317.<\/p>\n<p><a href=\"https:\/\/www.inet.edu.ar\/wp-content\/uploads\/2018\/04\/DI-2018-16653283-APN-INETME.pdf\">Bajar Resoluci\u00f3n<\/a><\/p>\n<p><a href=\"https:\/\/www.inet.edu.ar\/wp-content\/uploads\/2018\/04\/IF-2018-13104542-APN-INETME-REGLAMENTO.pdf\">Bajar Reglamento<\/a><\/p>\n<p><a href=\"https:\/\/www.boletinoficial.gob.ar\/#!DetalleNorma\/anexos\/182025\/20180420\">Disposici\u00f3n 308\/2018 Bolet\u00edn Oficial<\/a><\/p>\n<p>Para ingresar a la Plataforma de Inscripci\u00f3n, <a href=\"http:\/\/creditofiscal.inet.edu.ar\/login\" target=\"_blank\" rel=\"noopener\">haga clic aqu\u00ed<\/a>.<\/p>\n<p>&nbsp;<\/p>\n<p><strong>Servicio t\u00e9cnico plataforma web<\/strong>: felipe.gandur@educacion.gob.ar<\/p>\n<p>Nota:\u00a0El R\u00e9gimen de Cr\u00e9dito Fiscal no permite solventar honorarios de gestor a un intermediario.<\/p>\n","protected":false},"excerpt":{"rendered":"<p>&nbsp; Disposici\u00f3n de pr\u00f3rroga para la presentaci\u00f3n de patrocinantes para las escuelas aprobadas por DI-2019-19532220-APN-INETME%MECCYT &nbsp; Nota: Ante las reiteradas consultas,\u00a0sobre la leyenda \u00abno dispone de cupo\u00bb, se informa que deber\u00e1n consultar el status de su proyecto en la Disposici\u00f3n DI-305-APN-INETME#MECCYT y el Anexo I, dado que dicha leyenda fue emitida por error involuntario del [&hellip;]<\/p>\n","protected":false},"author":3,"featured_media":0,"parent":56,"menu_order":5,"comment_status":"closed","ping_status":"closed","template":"","meta":{"footnotes":""},"class_list":["post-19825","page","type-page","status-publish","hentry"],"_links":{"self":[{"href":"https:\/\/www.inet.edu.ar\/index.php\/wp-json\/wp\/v2\/pages\/19825","targetHints":{"allow":["GET"]}}],"collection":[{"href":"https:\/\/www.inet.edu.ar\/index.php\/wp-json\/wp\/v2\/pages"}],"about":[{"href":"https:\/\/www.inet.edu.ar\/index.php\/wp-json\/wp\/v2\/types\/page"}],"author":[{"embeddable":true,"href":"https:\/\/www.inet.edu.ar\/index.php\/wp-json\/wp\/v2\/users\/3"}],"replies":[{"embeddable":true,"href":"https:\/\/www.inet.edu.ar\/index.php\/wp-json\/wp\/v2\/comments?post=19825"}],"version-history":[{"count":45,"href":"https:\/\/www.inet.edu.ar\/index.php\/wp-json\/wp\/v2\/pages\/19825\/revisions"}],"predecessor-version":[{"id":28870,"href":"https:\/\/www.inet.edu.ar\/index.php\/wp-json\/wp\/v2\/pages\/19825\/revisions\/28870"}],"up":[{"embeddable":true,"href":"https:\/\/www.inet.edu.ar\/index.php\/wp-json\/wp\/v2\/pages\/56"}],"wp:attachment":[{"href":"https:\/\/www.inet.edu.ar\/index.php\/wp-json\/wp\/v2\/media?parent=19825"}],"curies":[{"name":"wp","href":"https:\/\/api.w.org\/{rel}","templated":true}]}}