{"id":20281,"date":"2017-06-28T17:09:27","date_gmt":"2017-06-28T20:09:27","guid":{"rendered":"https:\/\/www.inet.edu.ar\/?page_id=20281"},"modified":"2025-11-11T09:06:31","modified_gmt":"2025-11-11T12:06:31","slug":"acceso-a-instituciones-de-nivel-secundario","status":"publish","type":"page","link":"https:\/\/www.inet.edu.ar\/index.php\/estudios-investigaciones\/autoevaluacion-institucional\/acceso-a-instituciones-de-nivel-secundario\/","title":{"rendered":"Acceso a Instituciones de nivel Secundario"},"content":{"rendered":"\n<p>Ingrese al micrositio de Autoevaluaci\u00f3n Institucional 2025\u00a0<a href=\"https:\/\/rfietp.educacion.gob.ar\/seguridad\/AEI.aspx\"><strong>Haga clic aqu\u00ed<\/strong><\/a><\/p>\n\n\n\n<p>Materiales para <em><span style=\"color: #0067b1;\"><strong>DESCARGAR<\/strong><\/span><\/em> de Autoevaluaci\u00f3n Institucional<\/p>\n\n\n\n<p><a href=\"https:\/\/www.inet.edu.ar\/wp-content\/uploads\/2023\/06\/AEI-Secundaria-2023_VD.pdf\" target=\"_blank\" rel=\"noopener\">Presentaci\u00f3n_AEI Secundaria 2023<\/a><\/p>\n\n\n\n<p><a href=\"https:\/\/www.inet.edu.ar\/wp-content\/uploads\/2024\/01\/DT01vMAYO_2023_VF.pdf\">DT01_Antecedentes-y-marco<\/a><\/p>\n\n\n\n<p><a href=\"https:\/\/www.inet.edu.ar\/wp-content\/uploads\/2023\/06\/DT02vMAYO_2023.pdf\" target=\"_blank\" rel=\"noopener\">DT02_Organizacion-del-relevamiento<\/a><\/p>\n\n\n\n<p><a href=\"https:\/\/www.inet.edu.ar\/wp-content\/uploads\/2023\/06\/DT03vMAYO_2023.pdf\" target=\"_blank\" rel=\"noopener\">DT03_Jornada-de-Autoevaluaci\u00f3n-Institucional<\/a><\/p>\n\n\n\n<p><a href=\"https:\/\/www.inet.edu.ar\/wp-content\/uploads\/2025\/09\/DTO4_GUIA-JORNADA-AEI_12_09_2025.pdf\" data-type=\"link\" data-id=\"https:\/\/www.inet.edu.ar\/wp-content\/uploads\/2025\/09\/DTO4_GUIA-JORNADA-AEI_12_09_2025.pdf\" target=\"_blank\" rel=\"noreferrer noopener\">DT04_Gu\u00eda para la realizaci\u00f3n de la Jornada de AEI en la escuela<\/a><\/p>\n\n\n\n<p><a href=\"https:\/\/www.inet.edu.ar\/wp-content\/uploads\/2025\/11\/DTO5_GUIA-SEGUIMIENTO-PFI.pdf\" data-type=\"link\" data-id=\"https:\/\/www.inet.edu.ar\/wp-content\/uploads\/2025\/11\/DTO5_GUIA-SEGUIMIENTO-PFI.pdf\" target=\"_blank\" rel=\"noreferrer noopener\">DT05_Gu\u00eda para el encuentro de seguimiento de PFI<\/a><\/p>\n","protected":false},"excerpt":{"rendered":"<p>Ingrese al micrositio de Autoevaluaci\u00f3n Institucional 2025\u00a0Haga clic aqu\u00ed Materiales para DESCARGAR de Autoevaluaci\u00f3n Institucional Presentaci\u00f3n_AEI Secundaria 2023 DT01_Antecedentes-y-marco DT02_Organizacion-del-relevamiento DT03_Jornada-de-Autoevaluaci\u00f3n-Institucional DT04_Gu\u00eda para la realizaci\u00f3n de la Jornada de AEI en la escuela DT05_Gu\u00eda para el encuentro de seguimiento de PFI<\/p>\n","protected":false},"author":3,"featured_media":0,"parent":3084,"menu_order":0,"comment_status":"closed","ping_status":"closed","template":"","meta":{"footnotes":""},"class_list":["post-20281","page","type-page","status-publish","hentry"],"_links":{"self":[{"href":"https:\/\/www.inet.edu.ar\/index.php\/wp-json\/wp\/v2\/pages\/20281","targetHints":{"allow":["GET"]}}],"collection":[{"href":"https:\/\/www.inet.edu.ar\/index.php\/wp-json\/wp\/v2\/pages"}],"about":[{"href":"https:\/\/www.inet.edu.ar\/index.php\/wp-json\/wp\/v2\/types\/page"}],"author":[{"embeddable":true,"href":"https:\/\/www.inet.edu.ar\/index.php\/wp-json\/wp\/v2\/users\/3"}],"replies":[{"embeddable":true,"href":"https:\/\/www.inet.edu.ar\/index.php\/wp-json\/wp\/v2\/comments?post=20281"}],"version-history":[{"count":21,"href":"https:\/\/www.inet.edu.ar\/index.php\/wp-json\/wp\/v2\/pages\/20281\/revisions"}],"predecessor-version":[{"id":41786,"href":"https:\/\/www.inet.edu.ar\/index.php\/wp-json\/wp\/v2\/pages\/20281\/revisions\/41786"}],"up":[{"embeddable":true,"href":"https:\/\/www.inet.edu.ar\/index.php\/wp-json\/wp\/v2\/pages\/3084"}],"wp:attachment":[{"href":"https:\/\/www.inet.edu.ar\/index.php\/wp-json\/wp\/v2\/media?parent=20281"}],"curies":[{"name":"wp","href":"https:\/\/api.w.org\/{rel}","templated":true}]}}