{"id":2069,"date":"2013-08-22T15:33:32","date_gmt":"2013-08-22T18:33:32","guid":{"rendered":"https:\/\/www.inet.edu.ar\/?page_id=2069"},"modified":"2020-01-09T15:33:19","modified_gmt":"2020-01-09T18:33:19","slug":"encuesta-nacional-de-trayectoria-de-egresados-2013","status":"publish","type":"page","link":"https:\/\/www.inet.edu.ar\/index.php\/estudios-investigaciones\/sistema-de-seguimiento-de-egresados\/encuesta-nacional-de-trayectoria-de-egresados-2013\/","title":{"rendered":"Etapa 3: Encuesta Nacional de Trayectoria de Egresados 2013"},"content":{"rendered":"<p><span style=\"line-height: 1.21em; font-size: 12.1599998474121px;\">\u00a0<\/span><strong><br \/>\n\u00bfQu\u00e9 es la Encuesta Nacional de Trayectoria de Egresados (ENTE) 2013?<\/strong><\/p>\n<p>La ENTE 2013 es la tercera etapa del\u00a0<a href=\"https:\/\/www.inet.edu.ar\/estudios-investigaciones\/sistema-de-seguimiento-de-egresados\/\">Programa de Seguimiento de Estudiantes y Graduados\u00a0<\/a>iniciado en el a\u00f1o 2009 con el <a href=\"https:\/\/www.inet.edu.ar\/estudios-investigaciones\/sistema-de-seguimiento-de-egresados\/censo-nacional-de-ultimo-ano-2009\/\">Censo Nacional de Estudiantes del \u00daltimo a\u00f1o de Educaci\u00f3n T\u00e9cnico Profesional (CENUAETP)<\/a>, y continuado en 2011 con la <a href=\"https:\/\/www.inet.edu.ar\/estudios-investigaciones\/sistema-de-seguimiento-de-egresados\/encuesta-nacional-2011\/\">Encuesta Nacional de Inserci\u00f3n de Egresados (ENIE)<\/a>.<\/p>\n<p>&nbsp;<\/p>\n<p><strong>\u00bfCu\u00e1les son los objetivos espec\u00edficos de esta encuesta?<\/strong><\/p>\n<ul>\n<li>Indagar acerca de la situaci\u00f3n actual de los j\u00f3venes respecto a\u00a0 la terminaci\u00f3n de los estudios secundarios y el acceso a los estudios de nivel superior.<\/li>\n<li>Describir el tr\u00e1nsito de la escuela al trabajo de dichos j\u00f3venes en cuanto a acceso al empleo, condici\u00f3n en que se encuentra empleado y vinculaci\u00f3n entre el puesto laboral y sus estudios.<\/li>\n<\/ul>\n<ul>\n<li><a href=\"https:\/\/www.inet.edu.ar\/wp-content\/uploads\/2015\/12\/ENTE-2013-Resultados-Definitivos.pdf\">ENTE 2013 \u2013 Resultados definitivos<\/a><\/li>\n<\/ul>\n<p>&nbsp;<\/p>\n<p><strong>S\u00edntesis de Resultados por cap\u00edtulo<\/strong><\/p>\n<ul>\n<li><a href=\"https:\/\/www.inet.edu.ar\/wp-content\/uploads\/2015\/12\/1_Terminalidad.pdf\">Cap\u00edtulo 1:\u00a0Terminalidad: los alumnos de ETP que culminaron el ciclo secundario<\/a><\/li>\n<li><a href=\"https:\/\/www.inet.edu.ar\/wp-content\/uploads\/2015\/12\/2_Los-egresados-que-trabajan_el-valor-del-t\u00edtulo-secundario.pdf\">Cap\u00edtulo 2: Los egresados que trabajan: el valor del t\u00edtulo secundario de ETP<\/a><\/li>\n<li><a href=\"https:\/\/www.inet.edu.ar\/wp-content\/uploads\/2015\/12\/3_Continuacion-estudios.pdf\">Cap\u00edtulo 3: La inserci\u00f3n educativa de los egresados de ETP que contin\u00faan estudiando<\/a><\/li>\n<li><a href=\"https:\/\/www.inet.edu.ar\/wp-content\/uploads\/2015\/12\/4_Trabajo-y-afinidad-con-estudio.pdf\">Cap\u00edtulo 4: La inserci\u00f3n ocupacional y su afinidad con estudios de ETP realizados<\/a><\/li>\n<li><a href=\"https:\/\/www.inet.edu.ar\/wp-content\/uploads\/2015\/12\/5_No-estudian-y-no-trabajan.pdf\">Cap\u00edtulo 5: Perfil de los egresados de ETP que no estudian ni trabajan<\/a><\/li>\n<li><a href=\"https:\/\/www.inet.edu.ar\/wp-content\/uploads\/2015\/12\/6_Uso-del-tiempo-libre.pdf\">Cap\u00edtulo 6: Uso del tiempo libre de los egresados de ETP<\/a><\/li>\n<\/ul>\n<p><strong>Documentos relacionados<\/strong><\/p>\n<div>\n<ul>\n<li><a href=\"https:\/\/www.inet.edu.ar\/wp-content\/uploads\/2013\/08\/CUESTIONARIO_ENTE_2013_A-CUATRO-A%C3%91OS-DE-EGRESAR.pdf\">Cuestionario\u00a0ENTE 2013<\/a><\/li>\n<li><a href=\"https:\/\/www.inet.edu.ar\/wp-content\/uploads\/2013\/08\/Presentacion-ENTE-2013_-Primeros-resultados_A-CUATRO-A%C3%91OS-DE-EGRESAR.pdf\">Presentaci\u00f3n ENTE 2013\u00a0&#8211;\u00a0Primeros resultados<\/a><\/li>\n<li><a href=\"https:\/\/www.inet.edu.ar\/wp-content\/uploads\/2013\/08\/ENTE-2013-Resultados-Generales.pdf\">ENTE 2013 &#8211; Resultados Generales<\/a><\/li>\n<li><a href=\"https:\/\/www.inet.edu.ar\/wp-content\/uploads\/2015\/12\/ENTE-2013-Resultados-Definitivos.pdf\">ENTE 2013 &#8211; Resultados definitivos<\/a><\/li>\n<li><a href=\"https:\/\/www.inet.edu.ar\/wp-content\/uploads\/2013\/08\/NotasBrevesENTE-2013_El-valor-de-un-t\u00edtulo-secundario-de-ETP.pdf\">Notas Breves ENTE 2013 &#8211; El valor de un t\u00edtulo secundario de ETP<\/a><\/li>\n<\/ul>\n<\/div>\n<p>&nbsp;<\/p>\n","protected":false},"excerpt":{"rendered":"<p>\u00a0 \u00bfQu\u00e9 es la Encuesta Nacional de Trayectoria de Egresados (ENTE) 2013? La ENTE 2013 es la tercera etapa del\u00a0Programa de Seguimiento de Estudiantes y Graduados\u00a0iniciado en el a\u00f1o 2009 con el Censo Nacional de Estudiantes del \u00daltimo a\u00f1o de Educaci\u00f3n T\u00e9cnico Profesional (CENUAETP), y continuado en 2011 con la Encuesta Nacional de Inserci\u00f3n de [&hellip;]<\/p>\n","protected":false},"author":3,"featured_media":0,"parent":382,"menu_order":3,"comment_status":"closed","ping_status":"open","template":"","meta":{"footnotes":""},"class_list":["post-2069","page","type-page","status-publish","hentry"],"_links":{"self":[{"href":"https:\/\/www.inet.edu.ar\/index.php\/wp-json\/wp\/v2\/pages\/2069","targetHints":{"allow":["GET"]}}],"collection":[{"href":"https:\/\/www.inet.edu.ar\/index.php\/wp-json\/wp\/v2\/pages"}],"about":[{"href":"https:\/\/www.inet.edu.ar\/index.php\/wp-json\/wp\/v2\/types\/page"}],"author":[{"embeddable":true,"href":"https:\/\/www.inet.edu.ar\/index.php\/wp-json\/wp\/v2\/users\/3"}],"replies":[{"embeddable":true,"href":"https:\/\/www.inet.edu.ar\/index.php\/wp-json\/wp\/v2\/comments?post=2069"}],"version-history":[{"count":29,"href":"https:\/\/www.inet.edu.ar\/index.php\/wp-json\/wp\/v2\/pages\/2069\/revisions"}],"predecessor-version":[{"id":32536,"href":"https:\/\/www.inet.edu.ar\/index.php\/wp-json\/wp\/v2\/pages\/2069\/revisions\/32536"}],"up":[{"embeddable":true,"href":"https:\/\/www.inet.edu.ar\/index.php\/wp-json\/wp\/v2\/pages\/382"}],"wp:attachment":[{"href":"https:\/\/www.inet.edu.ar\/index.php\/wp-json\/wp\/v2\/media?parent=2069"}],"curies":[{"name":"wp","href":"https:\/\/api.w.org\/{rel}","templated":true}]}}