{"id":23619,"date":"2018-02-20T17:50:06","date_gmt":"2018-02-20T20:50:06","guid":{"rendered":"https:\/\/www.inet.edu.ar\/?page_id=23619"},"modified":"2018-04-09T12:51:46","modified_gmt":"2018-04-09T15:51:46","slug":"categoria-etp-b-4-desarrollo-sustentable-y-conservacion-del-ambiente","status":"publish","type":"page","link":"https:\/\/www.inet.edu.ar\/index.php\/material-de-capacitacion\/feria-nacional-de-innovacion-educativa-2017-proyectos\/categoria-etp-b-4-desarrollo-sustentable-y-conservacion-del-ambiente\/","title":{"rendered":"Categor\u00eda ETP-B-4 \u2013 \u00abDesarrollo sustentable y conservaci\u00f3n del ambiente\u00bb"},"content":{"rendered":"<p>&nbsp;<\/p>\n<p>Son proyectos que proponen soluciones tecnol\u00f3gicas innovadoras relacionadas con el desarrollo sustentable de los procesos, productos y\/o servicios, que procuran y promueven la conservaci\u00f3n del ambiente.<\/p>\n<p><strong>\u00abEcoepet &#8211; Reciclado y producci\u00f3n a partir de neum\u00e1ticos\u00bb.\u00a0<\/strong>EPET N\u00ba 6, Realic\u00f3, Provincia de La Pampa\u00a0<em>(Ganador)<\/em><br \/>\nResumen: El proyecto identifica en el uso de los neum\u00e1ticos la problem\u00e1tica que se genera por la contaminaci\u00f3n ambiental en los dep\u00f3sitos de neum\u00e1ticos descartados. Entre las diversas alternativas, propone su reciclado, el dise\u00f1o y construcci\u00f3n de un equipo que troza y desmenuza los neum\u00e1ticos, para obtener un producto de uso industrial.<br \/>\n<a href=\"https:\/\/www.inet.edu.ar\/wp-content\/uploads\/2018\/04\/LPA-25.F3.M.3.8.2.ETP-B-4.pdf\">Bajar proyecto en PDF<\/a><\/p>\n<p><strong>\u00abPlastituna\u00bb.<\/strong>\u00a0EET N\u00ba 3159 \u00abDr. Dar\u00edo Felipe Arias &#8211; Ex N\u00b05060\u00bb, El Bord\u00f3, Provincia de Salta\u00a0<em>(Ganador)<\/em><br \/>\nResumen: El proyecto consiste en la producci\u00f3n de un material biopl\u00e1stico utilizando como materia prima la tuna, de la cual se emplear\u00e1 el muc\u00edlago. Con este material se fabricar\u00e1n envases para plantines que ser\u00e1n empleados en el cultivo del tabaco reemplazando a los pl\u00e1sticos convencionales y de esta manera se puede reducir la contaminaci\u00f3n ambiental.<br \/>\n<a href=\"https:\/\/www.inet.edu.ar\/wp-content\/uploads\/2018\/04\/SAL-33.F3.M.3.8.2.ETP-B-4.pdf\">Bajar proyecto en PDF<\/a><\/p>\n<p><strong>\u00abInducompact\u00bb.<\/strong>\u00a0Escuela de Educaci\u00f3n Secundaria T\u00e9cnica N\u00ba 1 \u00abGeneral Savio\u00bb, Saladillo, Provincia de Buenos Aires (<em>Menci\u00f3n<\/em>)<br \/>\nResumen: El proyecto plantea la necesidad de reducir la cantidad de residuos con una opci\u00f3n de mejorar la relaci\u00f3n costo-beneficio. Se desarrolla una m\u00e1quina compactadora de aluminio\u00a0dado que es totalmente reutilizable.<br \/>\n<a href=\"https:\/\/www.inet.edu.ar\/wp-content\/uploads\/2018\/04\/BAP-39.F3.M.3.8.2.ETP-B-4.pdf\">Bajar proyecto en PDF<\/a><\/p>\n<p><strong>\u00abEscalera-rampa\u00bb.<\/strong>\u00a0Escuela de Educaci\u00f3n Secundaria T\u00e9cnica N\u00ba 4 \u00abIng. Emilio Mitre\u00bb, Gral. San Mart\u00edn, Provincia de Buenos Aires\u00a0<em>(Menci\u00f3n)<\/em><br \/>\nResumen: Es un desarrollo nuevo con el fin de inclusi\u00f3n social y compromiso comunitario adaptando escaleras en cualquier \u00e1mbito para personas con modalidad reducida.<br \/>\n<a href=\"https:\/\/www.inet.edu.ar\/wp-content\/uploads\/2018\/04\/BAP-46.F3.M.3.8.2.ETP-B-4.pdf\">Bajar proyecto en PDF<\/a><\/p>\n<p><strong>\u00abRevestimiento ecoaislante\u00bb.\u00a0<\/strong>Escuela Provincial de Educaci\u00f3n T\u00e9cnica N\u00b0 2, Bel\u00e9n, Provincia de Catamarca (<em>Menci\u00f3n<\/em>)<br \/>\nResumen: La propuesta consiste en utilizar materiales reciclados y de construcci\u00f3n a fin de mejorar el ahorro energ\u00e9tico de una vivienda y\/o edificio a un costo m\u00e1s bajo de lo que el mercado ofrece.<br \/>\n<a href=\"https:\/\/www.inet.edu.ar\/wp-content\/uploads\/2018\/04\/CAT-27.F3.M.3.8.2.ETP-B-4.pdf\">Bajar proyecto en PDF<\/a><\/p>\n<p><strong>\u00abGenerador e\u00f3lico de eje vertical\u00bb.<\/strong>\u00a0EPET N\u00ba 9 \u00abJosefa Miguel de Tubio\u00bb, Jacinto Arauz, Provincia de La Pampa (<em>Menci\u00f3n<\/em>)<br \/>\nResumen: El proyecto plantea que una de las energ\u00edas renovables menos utilizadas en la regi\u00f3n es la e\u00f3lica. Por estas razones, propone realizar un generador e\u00f3lico que pudiese aprovechar los fuertes y constantes vientos pampeamos. Llega a la conclusi\u00f3n de que un generador de eje vertical ser\u00eda lo m\u00e1s sencillo y f\u00e1cil de construir.<br \/>\n<a href=\"https:\/\/www.inet.edu.ar\/wp-content\/uploads\/2018\/04\/LPA-27.F3.M.3.8.2.ETP-B-4.pdf\">Bajar proyecto en PDF<\/a><\/p>\n<p><strong>\u00abPlantas depuradoras de agua contaminada &#8211; Biorremediaci\u00f3n hidrop\u00f3nica mediante girasoles\u00bb.<\/strong>\u00a0Capit\u00e1n Jos\u00e9 Daniel V\u00e1zquez, Las Heras, Provincia de Mendoza (<em>Menci\u00f3n<\/em>)<br \/>\nResumen: En este trabajo se pretende comprobar la capacidad de diversas plantas para absorber metales contaminantes presentes en el agua. Se trabaja con girasol como primera elecci\u00f3n, ya que diversos estudios han comprobado su eficacia en el tratamiento de suelos contaminados.<br \/>\n<a href=\"https:\/\/www.inet.edu.ar\/wp-content\/uploads\/2018\/04\/MZA-18.F3.M.3.8.2.ETP-B-4.pdf\">Bajar proyecto en PDF<\/a><\/p>\n<p><strong>\u00abAprovechando hasta la \u00faltima gota de agua &#8211; Reuso de agua contaminada en cultivos de la escuela\u00bb.<\/strong>\u00a0Escuela N\u00b0 4-182 \u00abSecundaria A\u00edda Font\u00bb, Desaguadero, Provincia de Mendoza (<em>Menci\u00f3n<\/em>)<br \/>\nResumen: El proyecto plantea como principal problem\u00e1tica la zona desfavorable donde se ubica la escuela que presenta un clima semides\u00e9rtico, con escasas precipitaciones (250 a 300 mm anuales), veranos con m\u00e1ximas de hasta 42\u00b0C, inviernos con m\u00ednimas de hasta -15\u00b0C, con un suelo de textura arcilloso y salino. Siendo uno de los mayores problemas la escasa disponibilidad de agua, y siendo las diferentes opciones de acceso costosas o poco apropiadas, analiza la opci\u00f3n de realizar un tratamiento del agua cloacal que permita volverla a utilizar en las tareas agroproductivas de la escuela (cultivo de vegetales).<br \/>\n<a href=\"https:\/\/www.inet.edu.ar\/wp-content\/uploads\/2018\/04\/MZA-21.F3.M.3.8.1.ETP-B-4.pdf\">Bajar proyecto en PDF<\/a><\/p>\n<p><strong>\u00abTurbina de flujo laminar tipo tesla\u00bb.<\/strong>\u00a0Escuela Provincial de Ense\u00f1anza T\u00e9cnica N\u00b0 4 \u00abGendarmer\u00eda Nacional\u00bb, Jun\u00edn de los Andes, Provincia de Neuqu\u00e9n (<em>Menci\u00f3n<\/em>)<br \/>\nResumen: Este proyecto propone dise\u00f1ar, construir y ensayar una turbina de flujo laminar \u2013Turbina Tesla (turbina mixta)\u2013 que funcione con la energ\u00eda de un salto de agua para resolver la falta de energ\u00eda el\u00e9ctrica en las viviendas del \u00e1rea rural de Huilches.<br \/>\n<a href=\"https:\/\/www.inet.edu.ar\/wp-content\/uploads\/2018\/04\/NEU-25.F3.M.3.8.2.ETP-B-4.pdf\">Bajar proyecto en PDF<\/a><\/p>\n<p><strong>\u00abRefrigerador solar-t\u00e9rmico por adsorci\u00f3n\u00bb.<\/strong>\u00a0Escuela Provincial de Ense\u00f1anza T\u00e9cnica N\u00b0 4 \u00abGendarmer\u00eda Nacional\u00bb, Jun\u00edn de los Andes, Provincia de Neuqu\u00e9n (<em>Menci\u00f3n)<\/em><br \/>\nResumen: El proyecto plantea el desarrollo de un equipo de refrigeraci\u00f3n autosustentable que utilice energ\u00edas renovables. El mismo est\u00e1 destinado a satisfacer las necesidades de pobladores del \u00e1rea rural con escaso acceso a la red el\u00e9ctrica y de bajos recursos. Propone dise\u00f1ar y construir un sistema cerrado de refrigeraci\u00f3n por adsorci\u00f3n, aprovechando la radiaci\u00f3n solar, para la conservaci\u00f3n de alimentos y medicamentos. Se tratar\u00eda de un sistema de bajo costo y f\u00e1cil construcci\u00f3n.<br \/>\n<a href=\"https:\/\/www.inet.edu.ar\/wp-content\/uploads\/2018\/04\/NEU-50.F3.M.3.8.2.ETP-B-4.pdf\">Bajar proyecto en PDF<\/a><\/p>\n<p><strong>\u00abSe\u00f1alizando el futuro\u00bb.<\/strong>\u00a0Escuela T\u00e9cnica N\u00ba 29 \u00abComandante Luis Piedrabuena\u00bb, San Francisco del Monte de Oro, Provincia de San Luis (<em>Menci\u00f3n<\/em>)<br \/>\nResumen: El proyecto propone la instalaci\u00f3n de se\u00f1ales de tr\u00e1nsito con sistemas led, que sea alimentado por pantalla solar, con la finalidad de alertar a los conductores para que puedan tomar los recaudos necesarios. Dado el bajo costo del equipamiento, y aprovechando la energ\u00eda solar, renovable y sin costo, se evalu\u00f3 esta alternativa -la cual soluciona un tema recurrente: los accidentes de tr\u00e1nsito en la zona debido a la poca iluminaci\u00f3n que hay en la entrada a la localidad.<br \/>\n<a href=\"https:\/\/www.inet.edu.ar\/wp-content\/uploads\/2018\/04\/SLS-50.F3.M.3.8.1.ETP-B-4.pdf\">Bajar proyecto en PDF<\/a><\/p>\n<p><strong>\u00abRevestimos reciclando &#8211; Por un mundo mejor\u00bb.<\/strong>\u00a0Escuela Industrial N\u00ba 1 \u00abGral. Enrique Mosconi\u00bb, Caleta Olivia, Provincia de Chubut (<em>Menci\u00f3n<\/em>)<br \/>\nResumen: El proyecto intenta buscar soluciones con el fin de mitigar problem\u00e1ticas urbanas\u00a0como la alta contaminaci\u00f3n ambiental por falta de recolecci\u00f3n de residuos y su no tratamiento, en pos del mejoramiento de los espacios p\u00fablicos y la calidad de vida de los habitantes. Para ello se tom\u00f3 el Barrio Nuevos Pobladores como muestra para realizar su desarrollo, trabajando en conjunto con su Uni\u00f3n Vecinal. Se trata de un proyecto integral que consta de dise\u00f1o de un canasto de residuos; separaci\u00f3n botellas pl\u00e1sticas y de vidrio; una m\u00e1quina trituradora que transformen dichos residuos en materia prima. Con los residuos triturados se propone la fabricaci\u00f3n de adoquines a partir de ese \u201chormig\u00f3n modificado\u201d.<br \/>\n<a href=\"https:\/\/www.inet.edu.ar\/wp-content\/uploads\/2018\/04\/SCZ-39.F3.M.3.8.2.ETP-B-4.pdf\">Bajar proyecto en PDF<\/a><\/p>\n<p><strong>\u00abAbrigando casas &#8211; Aislaci\u00f3n t\u00e9rmica en casillas precarias de los asentamientos\u00bb.<\/strong>\u00a0Colegio Provincial de Educaci\u00f3n Tecnol\u00f3gica \u00abR\u00edo Grande\u00bb, R\u00edo Grande, Provincia Tierra del Fuego (<em>Menci\u00f3n<\/em>)<br \/>\nResumen: El proyecto identifica como principal problem\u00e1tica las casillas construidas precariamente con grandes p\u00e9rdidas de calor. Propone aplicar un aislante t\u00e9rmico\u00a0a\u00a0las mismas y utilizar materiales reciclados. De esta manera, plantea como objetivo una soluci\u00f3n en ahorro energ\u00e9tico.<br \/>\n<a href=\"https:\/\/www.inet.edu.ar\/wp-content\/uploads\/2018\/04\/TDF-20.F3.M.3.8.2.ETP-B-4.pdf\">Bajar proyecto en PDF<\/a><\/p>\n<h3><\/h3>\n","protected":false},"excerpt":{"rendered":"<p>&nbsp; Son proyectos que proponen soluciones tecnol\u00f3gicas innovadoras relacionadas con el desarrollo sustentable de los procesos, productos y\/o servicios, que procuran y promueven la conservaci\u00f3n del ambiente. \u00abEcoepet &#8211; Reciclado y producci\u00f3n a partir de neum\u00e1ticos\u00bb.\u00a0EPET N\u00ba 6, Realic\u00f3, Provincia de La Pampa\u00a0(Ganador) Resumen: El proyecto identifica en el uso de los neum\u00e1ticos la problem\u00e1tica [&hellip;]<\/p>\n","protected":false},"author":7,"featured_media":0,"parent":23611,"menu_order":0,"comment_status":"closed","ping_status":"closed","template":"","meta":{"footnotes":""},"class_list":["post-23619","page","type-page","status-publish","hentry"],"_links":{"self":[{"href":"https:\/\/www.inet.edu.ar\/index.php\/wp-json\/wp\/v2\/pages\/23619","targetHints":{"allow":["GET"]}}],"collection":[{"href":"https:\/\/www.inet.edu.ar\/index.php\/wp-json\/wp\/v2\/pages"}],"about":[{"href":"https:\/\/www.inet.edu.ar\/index.php\/wp-json\/wp\/v2\/types\/page"}],"author":[{"embeddable":true,"href":"https:\/\/www.inet.edu.ar\/index.php\/wp-json\/wp\/v2\/users\/7"}],"replies":[{"embeddable":true,"href":"https:\/\/www.inet.edu.ar\/index.php\/wp-json\/wp\/v2\/comments?post=23619"}],"version-history":[{"count":7,"href":"https:\/\/www.inet.edu.ar\/index.php\/wp-json\/wp\/v2\/pages\/23619\/revisions"}],"predecessor-version":[{"id":24473,"href":"https:\/\/www.inet.edu.ar\/index.php\/wp-json\/wp\/v2\/pages\/23619\/revisions\/24473"}],"up":[{"embeddable":true,"href":"https:\/\/www.inet.edu.ar\/index.php\/wp-json\/wp\/v2\/pages\/23611"}],"wp:attachment":[{"href":"https:\/\/www.inet.edu.ar\/index.php\/wp-json\/wp\/v2\/media?parent=23619"}],"curies":[{"name":"wp","href":"https:\/\/api.w.org\/{rel}","templated":true}]}}