{"id":24763,"date":"2018-05-04T12:56:15","date_gmt":"2018-05-04T15:56:15","guid":{"rendered":"https:\/\/www.inet.edu.ar\/?page_id=24763"},"modified":"2026-01-12T10:50:10","modified_gmt":"2026-01-12T13:50:10","slug":"fondo-nacional-de-investigaciones-de-educacion-tecnico-profesional","status":"publish","type":"page","link":"https:\/\/www.inet.edu.ar\/index.php\/estudios-investigaciones\/fondo-nacional-de-investigaciones-de-educacion-tecnico-profesional\/","title":{"rendered":"Fondo Nacional de Investigaciones de la Educaci\u00f3n T\u00e9cnico Profesional"},"content":{"rendered":"\n<p><\/p>\n\n\n\n<p>El Fondo Nacional de Investigaci\u00f3n de Educaci\u00f3n T\u00e9cnico Profesional <strong>(FoNIETP),<\/strong> instituido por el Consejo Federal de Educaci\u00f3n y gestionado por el INET, tiene el prop\u00f3sito de apoyar el desarrollo de investigaciones a fin de aportar evidencias para la mejora de la calidad de las pol\u00edticas p\u00fablicas de la Educaci\u00f3n T\u00e9cnico Profesional y sus pr\u00e1cticas institucionales.<\/p>\n\n\n\n<p>Sus componentes son:<\/p>\n\n\n\n<ul class=\"wp-block-list\">\n<li><strong>Investigaciones Individuales<\/strong>: para<strong> <\/strong>la explotaci\u00f3n de bases anonimizadas de datos a efectos de responder a cuestiones planteadas por el INET.<\/li>\n\n\n\n<li><strong>Investigaciones INET<\/strong>: los t\u00e9rminos de referencia son definidos por el INET, contemplando antecedentes institucionales, actividades y productos, equipo de investigaci\u00f3n y presupuesto m\u00e1ximo. Ejecutadas por otras instituciones expertas seleccionadas en forma competitiva.<\/li>\n\n\n\n<li><strong>Proyectos Institucionales en Red:<\/strong>\u00a0destinados a instituciones de la ETP \u2013inscriptas en el Registro federal de Instituciones de la ETP\u2013 que deseen presentar un proyecto de investigaci\u00f3n, en articulaci\u00f3n con universidades p\u00fablicas nacionales y provinciales.<\/li>\n<\/ul>\n","protected":false},"excerpt":{"rendered":"<p>El Fondo Nacional de Investigaci\u00f3n de Educaci\u00f3n T\u00e9cnico Profesional (FoNIETP), instituido por el Consejo Federal de Educaci\u00f3n y gestionado por el INET, tiene el prop\u00f3sito de apoyar el desarrollo de investigaciones a fin de aportar evidencias para la mejora de la calidad de las pol\u00edticas p\u00fablicas de la Educaci\u00f3n T\u00e9cnico Profesional y sus pr\u00e1cticas institucionales. [&hellip;]<\/p>\n","protected":false},"author":9,"featured_media":0,"parent":92,"menu_order":5,"comment_status":"closed","ping_status":"closed","template":"","meta":{"footnotes":""},"class_list":["post-24763","page","type-page","status-publish","hentry"],"_links":{"self":[{"href":"https:\/\/www.inet.edu.ar\/index.php\/wp-json\/wp\/v2\/pages\/24763","targetHints":{"allow":["GET"]}}],"collection":[{"href":"https:\/\/www.inet.edu.ar\/index.php\/wp-json\/wp\/v2\/pages"}],"about":[{"href":"https:\/\/www.inet.edu.ar\/index.php\/wp-json\/wp\/v2\/types\/page"}],"author":[{"embeddable":true,"href":"https:\/\/www.inet.edu.ar\/index.php\/wp-json\/wp\/v2\/users\/9"}],"replies":[{"embeddable":true,"href":"https:\/\/www.inet.edu.ar\/index.php\/wp-json\/wp\/v2\/comments?post=24763"}],"version-history":[{"count":20,"href":"https:\/\/www.inet.edu.ar\/index.php\/wp-json\/wp\/v2\/pages\/24763\/revisions"}],"predecessor-version":[{"id":39916,"href":"https:\/\/www.inet.edu.ar\/index.php\/wp-json\/wp\/v2\/pages\/24763\/revisions\/39916"}],"up":[{"embeddable":true,"href":"https:\/\/www.inet.edu.ar\/index.php\/wp-json\/wp\/v2\/pages\/92"}],"wp:attachment":[{"href":"https:\/\/www.inet.edu.ar\/index.php\/wp-json\/wp\/v2\/media?parent=24763"}],"curies":[{"name":"wp","href":"https:\/\/api.w.org\/{rel}","templated":true}]}}