{"id":27753,"date":"2018-12-18T14:24:02","date_gmt":"2018-12-18T17:24:02","guid":{"rendered":"https:\/\/www.inet.edu.ar\/?page_id=27753"},"modified":"2023-11-07T16:24:58","modified_gmt":"2023-11-07T19:24:58","slug":"normativa","status":"publish","type":"page","link":"https:\/\/www.inet.edu.ar\/index.php\/niveles-educativos\/educacion-superior-tecnica\/normativa\/","title":{"rendered":"Normativa"},"content":{"rendered":"<p>&nbsp;<\/p>\n<p>La creaci\u00f3n de la Comisi\u00f3n de G\u00e9nero del INET se establece dentro de un marco normativo que incluye una serie de leyes, disposiciones y lineamientos que gu\u00edan las pol\u00edticas p\u00fablicas relativas a esta tem\u00e1tica. Estas son las leyes en las que se encuadra la Comisi\u00f3n:<\/p>\n<ul>\n<li><a href=\"https:\/\/www.inet.edu.ar\/wp-content\/uploads\/2012\/10\/ley-26058.pdf\">Ley de Educaci\u00f3n T\u00e9cnico Profesional (N\u00b0 26.058)<\/a> en su art\u00edculo 40 \u201cDe la Igualdad de Oportunidades\u201d, donde se llama a implementar acciones espec\u00edficas para <em>\u201cpromover la incorporaci\u00f3n de mujeres en la educaci\u00f3n t\u00e9cnico profesional en sus distintas modalidades, impulsando campa\u00f1as de comunicaci\u00f3n, financiando adecuaciones edilicias y regulando las adaptaciones curriculares correspondientes, y toda acci\u00f3n que se considere necesaria para la expansi\u00f3n de las oportunidades educativas de las mujeres en relaci\u00f3n con la educaci\u00f3n t\u00e9cnico profesional\u201d.<\/em><\/li>\n<li><a href=\"https:\/\/www.inet.edu.ar\/wp-content\/uploads\/2013\/03\/ley_de_educ_nac1.pdf\">Ley de Educaci\u00f3n Nacional (N\u00b0 26.206)<\/a>, cap. II art. 11; en su apartado (f) busca <em>\u201cAsegurar condiciones de igualdad, respetando las diferencias entre las personas sin admitir discriminaci\u00f3n de g\u00e9nero ni de ning\u00fan otro tipo\u201d.<\/em><\/li>\n<li><a href=\"http:\/\/servicios.infoleg.gob.ar\/infolegInternet\/anexos\/120000-124999\/121222\/norma.htm\">La Ley Nacional de Educaci\u00f3n Sexual Integral N\u00b0 26.150<\/a>, que tiene entre sus objetivos principales el de <em>\u201cProcurar la igualdad de trato y oportunidades para varones y mujeres\u201d<\/em><\/li>\n<li><a href=\"https:\/\/www.argentina.gob.ar\/sites\/default\/files\/anexo_resolucion_cfe_340_18_0.pdf\" target=\"_blank\" rel=\"noopener\">Aprobaci\u00f3n e implementaci\u00f3n de \u00abN\u00facleos de Aprendizaje Prioritarios para Educaci\u00f3n Sexual Integral<\/a> (Resoluci\u00f3n del CFE N\u00b0 340\/18)<\/li>\n<li><a href=\"https:\/\/www.argentina.gob.ar\/sites\/default\/files\/lineamientos_0.pdf\">Lineamientos Curriculares para la Educaci\u00f3n Sexual Integral.<\/a><\/li>\n<li><a href=\"https:\/\/www.argentina.gob.ar\/sites\/default\/files\/ley-26.743-identidad-de-genero_0.pdf\">Ley de <\/a><a href=\"https:\/\/www.argentina.gob.ar\/sites\/default\/files\/ley-26.743-identidad-de-genero_0.pdf\">Identidad de g\u00e9nero<\/a><a href=\"https:\/\/www.argentina.gob.ar\/sites\/default\/files\/ley-26.743-identidad-de-genero_0.pdf\">\u00a0(N\u00b0 26.743)\u00a0<\/a><\/li>\n<li><a href=\"http:\/\/servicios.infoleg.gob.ar\/infolegInternet\/anexos\/255000-259999\/257439\/norma.htm\">Ley Educar en Igualdad: Prevenci\u00f3n y Erradicaci\u00f3n de la Violencia de G\u00e9nero (N\u00b0 <\/a><a href=\"http:\/\/servicios.infoleg.gob.ar\/infolegInternet\/anexos\/255000-259999\/257439\/norma.htm\">27.234<\/a><a href=\"http:\/\/servicios.infoleg.gob.ar\/infolegInternet\/anexos\/255000-259999\/257439\/norma.htm\">)<\/a>.<\/li>\n<\/ul>\n<p>&nbsp;<\/p>\n","protected":false},"excerpt":{"rendered":"<p>&nbsp; La creaci\u00f3n de la Comisi\u00f3n de G\u00e9nero del INET se establece dentro de un marco normativo que incluye una serie de leyes, disposiciones y lineamientos que gu\u00edan las pol\u00edticas p\u00fablicas relativas a esta tem\u00e1tica. Estas son las leyes en las que se encuadra la Comisi\u00f3n: Ley de Educaci\u00f3n T\u00e9cnico Profesional (N\u00b0 26.058) en su [&hellip;]<\/p>\n","protected":false},"author":3,"featured_media":0,"parent":1427,"menu_order":3,"comment_status":"closed","ping_status":"closed","template":"","meta":{"footnotes":""},"class_list":["post-27753","page","type-page","status-publish","hentry"],"_links":{"self":[{"href":"https:\/\/www.inet.edu.ar\/index.php\/wp-json\/wp\/v2\/pages\/27753","targetHints":{"allow":["GET"]}}],"collection":[{"href":"https:\/\/www.inet.edu.ar\/index.php\/wp-json\/wp\/v2\/pages"}],"about":[{"href":"https:\/\/www.inet.edu.ar\/index.php\/wp-json\/wp\/v2\/types\/page"}],"author":[{"embeddable":true,"href":"https:\/\/www.inet.edu.ar\/index.php\/wp-json\/wp\/v2\/users\/3"}],"replies":[{"embeddable":true,"href":"https:\/\/www.inet.edu.ar\/index.php\/wp-json\/wp\/v2\/comments?post=27753"}],"version-history":[{"count":5,"href":"https:\/\/www.inet.edu.ar\/index.php\/wp-json\/wp\/v2\/pages\/27753\/revisions"}],"predecessor-version":[{"id":29274,"href":"https:\/\/www.inet.edu.ar\/index.php\/wp-json\/wp\/v2\/pages\/27753\/revisions\/29274"}],"up":[{"embeddable":true,"href":"https:\/\/www.inet.edu.ar\/index.php\/wp-json\/wp\/v2\/pages\/1427"}],"wp:attachment":[{"href":"https:\/\/www.inet.edu.ar\/index.php\/wp-json\/wp\/v2\/media?parent=27753"}],"curies":[{"name":"wp","href":"https:\/\/api.w.org\/{rel}","templated":true}]}}