{"id":27755,"date":"2018-12-18T14:25:36","date_gmt":"2018-12-18T17:25:36","guid":{"rendered":"https:\/\/www.inet.edu.ar\/?page_id=27755"},"modified":"2024-12-05T08:39:07","modified_gmt":"2024-12-05T11:39:07","slug":"informacion-estadistica","status":"publish","type":"page","link":"https:\/\/www.inet.edu.ar\/index.php\/estudios-investigaciones\/equidad-de-genero-en-la-educacion-tecnico-profesional\/informacion-estadistica\/","title":{"rendered":"Informaci\u00f3n Estad\u00edstica"},"content":{"rendered":"\n<p>En este apartado se presenta una serie de documentos elaborados en base a estad\u00edsticas de fuentes primarias y secundarias con el fin de dar a conocer las brechas y desigualdades entre varones y mujeres en el \u00e1mbito de la educaci\u00f3n t\u00e9cnica profesional.<\/p>\n\n\n\n<ul class=\"wp-block-list\">\n<li><a href=\"https:\/\/www.inet.edu.ar\/wp-content\/uploads\/2018\/03\/Mujeres-en-la-ETP-Desigualdades-y-oportunidades.pdf\">Mujeres en la ETP: desigualdades y oportunidades (presentaci\u00f3n)<\/a><\/li>\n\n\n\n<li><a href=\"https:\/\/www.inet.edu.ar\/wp-content\/uploads\/2019\/03\/1.Presentacion-INET-post-Secundaria_Final.pdf\">Mujeres en la ETP: Trayectorias Educativas post Secundaria<\/a><\/li>\n\n\n\n<li><a href=\"https:\/\/www.inet.edu.ar\/wp-content\/uploads\/2019\/03\/ON_Participacion-por-g--nero.pdf\">Olimp\u00edadas Estudiantiles 2017: Participaci\u00f3n por g\u00e9nero<\/a><\/li>\n\n\n\n<li><a href=\"https:\/\/www.inet.edu.ar\/wp-content\/uploads\/2020\/07\/ETP_Mujeres-en-la-Secundaria-T--cnica_2020.pdf\">ETP: Algunos datos sobre la participaci\u00f3n de las mujeres en la secundaria t\u00e9cnica-2020<\/a><\/li>\n\n\n\n<li><a href=\"https:\/\/www.inet.edu.ar\/wp-content\/uploads\/2021\/12\/Cepal.pdf\" target=\"_blank\" rel=\"noopener\">M. P. Sevilla, \u201cLa educaci\u00f3n t\u00e9cnico-profesional y su potencial para mejorar la trayectoria educativa&nbsp;y laboral de las mujeres en las \u00e1reas de ciencia, tecnolog\u00eda, ingenier\u00eda y matem\u00e1ticas: una revisi\u00f3n regional\u201d, serie Asuntos de G\u00e9nero&nbsp;N\u00ba 160 (LC\/TS.2021\/155), Santiago, Comisi\u00f3n Econ\u00f3mica para Am\u00e9rica Latina y el Caribe (CEPAL), 2021.<\/a><\/li>\n\n\n\n<li><a href=\"https:\/\/www.inet.edu.ar\/wp-content\/uploads\/2022\/06\/GENERO-Estadisticas_02-06.pdf\">Estudiantes Mujeres en la ETP: indicadores sobre la participaci\u00f3n de las mujeres en la educaci\u00f3n t\u00e9cnica de nivel secundario. A\u00f1o 2021.<\/a><\/li>\n\n\n\n<li><a href=\"https:\/\/www.inet.edu.ar\/wp-content\/uploads\/2024\/05\/GENERO-Estadisticas-2023-B.pdf\" target=\"_blank\" rel=\"noreferrer noopener\">Estudiantes Mujeres en la ETP: indicadores sobre la participaci\u00f3n de las mujeres en la educaci\u00f3n t\u00e9cnica de nivel secundario. A\u00f1o 2023.<\/a><\/li>\n<\/ul>\n","protected":false},"excerpt":{"rendered":"<p>En este apartado se presenta una serie de documentos elaborados en base a estad\u00edsticas de fuentes primarias y secundarias con el fin de dar a conocer las brechas y desigualdades entre varones y mujeres en el \u00e1mbito de la educaci\u00f3n t\u00e9cnica profesional.<\/p>\n","protected":false},"author":3,"featured_media":0,"parent":23912,"menu_order":2,"comment_status":"closed","ping_status":"closed","template":"","meta":{"footnotes":""},"class_list":["post-27755","page","type-page","status-publish","hentry"],"_links":{"self":[{"href":"https:\/\/www.inet.edu.ar\/index.php\/wp-json\/wp\/v2\/pages\/27755","targetHints":{"allow":["GET"]}}],"collection":[{"href":"https:\/\/www.inet.edu.ar\/index.php\/wp-json\/wp\/v2\/pages"}],"about":[{"href":"https:\/\/www.inet.edu.ar\/index.php\/wp-json\/wp\/v2\/types\/page"}],"author":[{"embeddable":true,"href":"https:\/\/www.inet.edu.ar\/index.php\/wp-json\/wp\/v2\/users\/3"}],"replies":[{"embeddable":true,"href":"https:\/\/www.inet.edu.ar\/index.php\/wp-json\/wp\/v2\/comments?post=27755"}],"version-history":[{"count":20,"href":"https:\/\/www.inet.edu.ar\/index.php\/wp-json\/wp\/v2\/pages\/27755\/revisions"}],"predecessor-version":[{"id":40335,"href":"https:\/\/www.inet.edu.ar\/index.php\/wp-json\/wp\/v2\/pages\/27755\/revisions\/40335"}],"up":[{"embeddable":true,"href":"https:\/\/www.inet.edu.ar\/index.php\/wp-json\/wp\/v2\/pages\/23912"}],"wp:attachment":[{"href":"https:\/\/www.inet.edu.ar\/index.php\/wp-json\/wp\/v2\/media?parent=27755"}],"curies":[{"name":"wp","href":"https:\/\/api.w.org\/{rel}","templated":true}]}}