{"id":27757,"date":"2018-12-18T14:26:11","date_gmt":"2018-12-18T17:26:11","guid":{"rendered":"https:\/\/www.inet.edu.ar\/?page_id=27757"},"modified":"2019-03-14T11:06:36","modified_gmt":"2019-03-14T14:06:36","slug":"materiales-de-consulta","status":"publish","type":"page","link":"https:\/\/www.inet.edu.ar\/index.php\/estudios-investigaciones\/equidad-de-genero-en-la-educacion-tecnico-profesional\/materiales-de-consulta\/","title":{"rendered":"Materiales de consulta"},"content":{"rendered":"<p>&nbsp;<\/p>\n<p>Como parte de sus objetivos, la Comisi\u00f3n de G\u00e9nero se propone ofrecer materiales de consulta, de ayuda y de apoyo que sea de utilidad para quienes se propongan incorporar la perspectiva de g\u00e9nero desde su lugar de trabajo. En esta secci\u00f3n se ir\u00e1 publicando material propio (de la Comisi\u00f3n) o de terceros que resulten de utilidad para cumplir estos objetivos.<\/p>\n<ul>\n<li><a href=\"https:\/\/www.inet.edu.ar\/wp-content\/uploads\/2019\/03\/Gu--a-de-buenas-pr--cticas-INET.pdf\">Gu\u00eda de buenas pr\u00e1cticas en el \u00e1mbito laboral INET<\/a><\/li>\n<li><a href=\"https:\/\/www.inet.edu.ar\/wp-content\/uploads\/2019\/03\/Las-mujeres-en-la-ETP.pdf\">Las mujeres en la ETP<\/a><\/li>\n<li><a href=\"https:\/\/www.inet.edu.ar\/wp-content\/uploads\/2019\/03\/Informe-Comision-G--nero-2018.pdf\">Informe Comisi\u00f3n G\u00e9nero 2018<\/a><\/li>\n<\/ul>\n","protected":false},"excerpt":{"rendered":"<p>&nbsp; Como parte de sus objetivos, la Comisi\u00f3n de G\u00e9nero se propone ofrecer materiales de consulta, de ayuda y de apoyo que sea de utilidad para quienes se propongan incorporar la perspectiva de g\u00e9nero desde su lugar de trabajo. En esta secci\u00f3n se ir\u00e1 publicando material propio (de la Comisi\u00f3n) o de terceros que resulten [&hellip;]<\/p>\n","protected":false},"author":3,"featured_media":0,"parent":23912,"menu_order":3,"comment_status":"closed","ping_status":"closed","template":"","meta":{"footnotes":""},"class_list":["post-27757","page","type-page","status-publish","hentry"],"_links":{"self":[{"href":"https:\/\/www.inet.edu.ar\/index.php\/wp-json\/wp\/v2\/pages\/27757","targetHints":{"allow":["GET"]}}],"collection":[{"href":"https:\/\/www.inet.edu.ar\/index.php\/wp-json\/wp\/v2\/pages"}],"about":[{"href":"https:\/\/www.inet.edu.ar\/index.php\/wp-json\/wp\/v2\/types\/page"}],"author":[{"embeddable":true,"href":"https:\/\/www.inet.edu.ar\/index.php\/wp-json\/wp\/v2\/users\/3"}],"replies":[{"embeddable":true,"href":"https:\/\/www.inet.edu.ar\/index.php\/wp-json\/wp\/v2\/comments?post=27757"}],"version-history":[{"count":5,"href":"https:\/\/www.inet.edu.ar\/index.php\/wp-json\/wp\/v2\/pages\/27757\/revisions"}],"predecessor-version":[{"id":28527,"href":"https:\/\/www.inet.edu.ar\/index.php\/wp-json\/wp\/v2\/pages\/27757\/revisions\/28527"}],"up":[{"embeddable":true,"href":"https:\/\/www.inet.edu.ar\/index.php\/wp-json\/wp\/v2\/pages\/23912"}],"wp:attachment":[{"href":"https:\/\/www.inet.edu.ar\/index.php\/wp-json\/wp\/v2\/media?parent=27757"}],"curies":[{"name":"wp","href":"https:\/\/api.w.org\/{rel}","templated":true}]}}