{"id":27759,"date":"2018-12-18T14:26:49","date_gmt":"2018-12-18T17:26:49","guid":{"rendered":"https:\/\/www.inet.edu.ar\/?page_id=27759"},"modified":"2023-08-18T17:45:01","modified_gmt":"2023-08-18T20:45:01","slug":"voces-de-la-etp","status":"publish","type":"page","link":"https:\/\/www.inet.edu.ar\/index.php\/estudios-investigaciones\/equidad-de-genero-en-la-educacion-tecnico-profesional\/voces-de-la-etp\/","title":{"rendered":"Voces de la ETP"},"content":{"rendered":"<p>En este espacio se busca dar mayor visibilizaci\u00f3n a mujeres que estudian o trabajan en \u00e1mbitos tradicionalmente asociados a varones, y por lo tanto, de escasa participaci\u00f3n de las mujeres.<\/p>\n<p>Historias como las que aqu\u00ed se presentan nos ayudan a pensar y derribar ciertas creencias que siguen vigentes en la educaci\u00f3n t\u00e9cnica: las capacidades y el rendimiento no tienen ninguna relaci\u00f3n con el sexo de los\/as alumnos\/as. \u00c9stas son caracterizaciones socialmente construidas, asociadas con lo que tradicionalmente las sociedades distinguieron y reprodujeron en los roles de g\u00e9neros.<\/p>\n<p>Derribando estos estereotipos de g\u00e9nero se busca que m\u00e1s mujeres elijan la educaci\u00f3n t\u00e9cnica profesional para construir un espacio educativo m\u00e1s amplio, diverso e inclusivo.<\/p>\n<ul>\n<li><a href=\"https:\/\/www.inet.edu.ar\/index.php\/se-conformo-la-comision-de-equidad-de-genero-en-la-educacion-tecnico-profesional\/\">\u00abSe conform\u00f3 la Comisi\u00f3n de equidad de g\u00e9nero en la Educaci\u00f3n T\u00e9cnico Profesional\u00bb<\/a><\/li>\n<li><a href=\"https:\/\/www.inet.edu.ar\/index.php\/la-educacion-tecnico-profesional-tambien-es-cosa-de-mujeres-conoce-la-historia-de-la-profesora-mariela\/\">\u00abLa Educaci\u00f3n T\u00e9cnico Profesional tambi\u00e9n es cosa de mujeres. Conoc\u00e9 la historia de la profesora Mariela\u00bb<\/a><\/li>\n<li><a href=\"https:\/\/www.inet.edu.ar\/index.php\/mariana-varela-una-chica-tecnologica-que-se-formo-en-una-escuela-tecnica\/\">\u00abMariana Varela, una chica tecnol\u00f3gica que se form\u00f3 en un escuela t\u00e9cnica\u00bb<\/a><\/li>\n<li><a href=\"https:\/\/www.inet.edu.ar\/index.php\/mujeres-que-eligen-carreras-tecnicas-conoce-la-historia-de-ana\/\" target=\"_blank\" rel=\"noopener\">\u00abAna, la educaci\u00f3n t\u00e9cnica en primera persona\u00bb<\/a><\/li>\n<li><a href=\"https:\/\/www.inet.edu.ar\/index.php\/la-escuela-tecnica-ensena-para-la-vida-giselle-volpe-jefa-de-taller\/\">\u00abGiselle Volpe: una mujer en la educaci\u00f3n t\u00e9cnica\u00bb<\/a><\/li>\n<li><a href=\"https:\/\/www.inet.edu.ar\/index.php\/marcela-alejandra-li-gotti-directiva-de-educacion-tecnica-de-caba\/\" target=\"_blank\" rel=\"noopener\">\u00abMarcela Alejandra Li Gotti, directiva de Educaci\u00f3n T\u00e9cnica de CABA\u00bb<\/a><\/li>\n<li><a href=\"https:\/\/www.inet.edu.ar\/index.php\/mujeres-en-educacion-tecnica-conoce-la-historia-de-andrea-tecnica-avionica\/\" target=\"_blank\" rel=\"noopener\">\u00abMujeres en educaci\u00f3n t\u00e9cnica. Conoc\u00e9 la historia de Andrea, T\u00e9cnica Avi\u00f3nica\u00bb<\/a><\/li>\n<li><a href=\"https:\/\/www.inet.edu.ar\/index.php\/la-educacion-tecnica-con-ojos-de-mujer-conoce-la-historia-de-anabel-jefa-de-area-en-escuela-agraria\/\" target=\"_blank\" rel=\"noopener\">\u00abLa Educaci\u00f3n T\u00e9cnica con ojos de mujer: Conoc\u00e9 la historia de Anabel, jefa de \u00e1rea en escuela agraria\u00bb<\/a><\/li>\n<li><a href=\"https:\/\/www.inet.edu.ar\/index.php\/mujeres-en-educacion-tecnica-directora-de-salta-cuenta-su-experiencia\/\" target=\"_blank\" rel=\"noopener\">\u00abMujeres en Educaci\u00f3n T\u00e9cnica: directora de Salta cuenta su experiencia\u00bb<\/a><\/li>\n<li><a href=\"https:\/\/www.inet.edu.ar\/index.php\/colocan-banco-rojo-en-escuela-tecnica-como-simbolo-de-prevencion-contra-la-violencia-a-las-mujeres\/\" target=\"_blank\" rel=\"noopener\">\u00abColocan banco rojo en escuela t\u00e9cnica, como s\u00edmbolo de prevenci\u00f3n contra la violencia a las mujeres\u00bb<\/a><\/li>\n<li><a href=\"https:\/\/www.inet.edu.ar\/index.php\/proyecto-de-escuela-tecnica-de-la-rioja-para-incorporar-mas-estudiantes-mujeres\/\">\u00abProyecto de escuela t\u00e9cnica de La Rioja para incorporar m\u00e1s estudiantes mujeres\u00bb<\/a><\/li>\n<li><a href=\"https:\/\/www.inet.edu.ar\/index.php\/record-de-inscripcion-de-mujeres-en-escuela-tecnica-de-buenos-aires\/\" target=\"_blank\" rel=\"noopener\">\u00abR\u00e9cord de inscripci\u00f3n de mujeres en escuelas t\u00e9cnicas\u00bb<\/a><\/li>\n<li><a href=\"https:\/\/www.inet.edu.ar\/index.php\/otro-banco-rojo-en-escuela-tecnica-como-simbolo-contra-la-violencia-de-genero\/\" target=\"_blank\" rel=\"noopener\">\u00abOtro banco rojo en escuela t\u00e9cnica como s\u00edmbolo contra la violencia de g\u00e9nero\u00bb<\/a><\/li>\n<li><a href=\"http:\/\/Presentan proyecto para aumentar la matr\u00edcula femenina en escuelas t\u00e9cnicas\" target=\"_blank\" rel=\"noopener\">\u00abPresentan proyecto para aumentar la matr\u00edcula femenina en escuelas t\u00e9cnicas\u00bb<\/a><\/li>\n<li class=\"entry-title\"><a href=\"https:\/\/www.inet.edu.ar\/index.php\/directora-ganadora-de-maestros-argentinos-destaca-la-importancia-de-la-educacion-tecnica-para-las-mujeres\/\" target=\"_blank\" rel=\"noopener\">\u00abDirectora ganadora de Maestros Argentinos destaca la importancia de la Educaci\u00f3n T\u00e9cnica para las mujeres\u00bb<\/a><\/li>\n<li class=\"entry-title\"><a href=\"https:\/\/www.inet.edu.ar\/index.php\/estudiantes-crean-un-banco-rojo-para-concientizar-sobre-la-violencia-de-genero\/\" target=\"_blank\" rel=\"noopener\">\u00abEstudiantes crean un banco rojo para concientizar sobre la violencia de g\u00e9nero\u00bb<\/a><\/li>\n<li class=\"entry-title\"><a href=\"https:\/\/www.inet.edu.ar\/index.php\/cada-vez-mas-mujeres-estudian-en-escuelas-agrotecnicas\/\" target=\"_blank\" rel=\"noopener\">\u00abCada vez m\u00e1s mujeres estudian en escuelas agrot\u00e9cnicas\u00bb<\/a><\/li>\n<li><a href=\"https:\/\/educrear.com.ar\/es\/columnas-de-opinion\/ana-rapoport-necesitamos-una-escuela-mas-agradable\/\" target=\"_blank\" rel=\"noopener\">\u00abAna Rapoport: \u00abNecesitamos una escuela m\u00e1s agradable\u00bb<\/a><\/li>\n<li><a href=\"https:\/\/www.inet.edu.ar\/index.php\/practicas-profesionalizantes-con-perspectiva-de-genero-en-mendoza\/\" target=\"_blank\" rel=\"noopener\">\u00abPr\u00e1cticas profesionalizantes con perspectiva de g\u00e9nero en Mendoza\u00bb<\/a><\/li>\n<li><a href=\"https:\/\/www.inet.edu.ar\/index.php\/fabrican-banco-rojo-para-sensibilizar-sobre-la-violencia-de-genero\/\">\u00abFabrican banco rojo para sensibilizar sobre la violencia de g\u00e9nero\u00bb<\/a><\/li>\n<\/ul>\n<p>&nbsp;<\/p>\n","protected":false},"excerpt":{"rendered":"<p>En este espacio se busca dar mayor visibilizaci\u00f3n a mujeres que estudian o trabajan en \u00e1mbitos tradicionalmente asociados a varones, y por lo tanto, de escasa participaci\u00f3n de las mujeres. Historias como las que aqu\u00ed se presentan nos ayudan a pensar y derribar ciertas creencias que siguen vigentes en la educaci\u00f3n t\u00e9cnica: las capacidades y [&hellip;]<\/p>\n","protected":false},"author":3,"featured_media":0,"parent":23912,"menu_order":10,"comment_status":"closed","ping_status":"closed","template":"","meta":{"footnotes":""},"class_list":["post-27759","page","type-page","status-publish","hentry"],"_links":{"self":[{"href":"https:\/\/www.inet.edu.ar\/index.php\/wp-json\/wp\/v2\/pages\/27759","targetHints":{"allow":["GET"]}}],"collection":[{"href":"https:\/\/www.inet.edu.ar\/index.php\/wp-json\/wp\/v2\/pages"}],"about":[{"href":"https:\/\/www.inet.edu.ar\/index.php\/wp-json\/wp\/v2\/types\/page"}],"author":[{"embeddable":true,"href":"https:\/\/www.inet.edu.ar\/index.php\/wp-json\/wp\/v2\/users\/3"}],"replies":[{"embeddable":true,"href":"https:\/\/www.inet.edu.ar\/index.php\/wp-json\/wp\/v2\/comments?post=27759"}],"version-history":[{"count":17,"href":"https:\/\/www.inet.edu.ar\/index.php\/wp-json\/wp\/v2\/pages\/27759\/revisions"}],"predecessor-version":[{"id":35305,"href":"https:\/\/www.inet.edu.ar\/index.php\/wp-json\/wp\/v2\/pages\/27759\/revisions\/35305"}],"up":[{"embeddable":true,"href":"https:\/\/www.inet.edu.ar\/index.php\/wp-json\/wp\/v2\/pages\/23912"}],"wp:attachment":[{"href":"https:\/\/www.inet.edu.ar\/index.php\/wp-json\/wp\/v2\/media?parent=27759"}],"curies":[{"name":"wp","href":"https:\/\/api.w.org\/{rel}","templated":true}]}}