{"id":28528,"date":"2019-03-14T11:10:57","date_gmt":"2019-03-14T14:10:57","guid":{"rendered":"https:\/\/www.inet.edu.ar\/?page_id=28528"},"modified":"2024-03-19T13:35:50","modified_gmt":"2024-03-19T16:35:50","slug":"centro-nacional-de-simulacion-clinica","status":"publish","type":"page","link":"https:\/\/www.inet.edu.ar\/index.php\/pronafe\/simulacion-clinica\/centro-nacional-de-simulacion-clinica\/","title":{"rendered":"Centro Nacional de Simulaci\u00f3n Cl\u00ednica"},"content":{"rendered":"<p>El Centro Nacional de Simulaci\u00f3n Cl\u00ednica de Enfermer\u00eda (CeNSiCE) se cre\u00f3 con el prop\u00f3sito de mejorar la formaci\u00f3n y capacitaci\u00f3n continua de docentes, estudiantes y los\/as enfermeros\/as en Argentina y garantizar la seguridad de los pacientes y la calidad de atenci\u00f3n de la salud.<\/p>\n<p>Ubicado en la planta baja del Instituto Nacional de Educaci\u00f3n Tecnol\u00f3gica, cuenta con el equipamiento m\u00e1s avanzado en tecnolog\u00eda para simulaci\u00f3n en tres \u00e1reas cl\u00ednicas independientes: cada una con sala de control y sala de <em>debriefing<\/em> y dispositivos de audio y video para el registro y reproducci\u00f3n de los escenarios a actuar por los estudiantes con alguno de los tres maniqu\u00eds de alto rendimiento (cl\u00ednica de adulto, obstetricia y pediatr\u00eda).<\/p>\n<p>El CeNSiCE funciona los cinco d\u00edas de la semana desde enero hasta diciembre de cada a\u00f1o en doble turno, permitiendo el acceso y formaci\u00f3n de estudiantes y docentes de las instituciones formadoras de enfermer\u00eda y enfermeros en ejercicio de la profesi\u00f3n de todo el pa\u00eds.<\/p>\n<p>Cuenta con tres simuladores de alta fidelidad, que permiten recrear situaciones de salud b\u00e1sica y compleja que puede presentar cualquier paciente. En estos escenarios, se ofrece a los asistentes la posibilidad de desarrollar habilidades como la comunicaci\u00f3n, el trabajo en equipo, la toma de decisiones y una reflexi\u00f3n profunda de su quehacer profesional.<\/p>\n<p>ENTRE 2019 Y 2023 SE HAN CAPACITADO EN EL CENSICE M\u00c1S DE 16.000 PARTICIPANTES.<\/p>\n","protected":false},"excerpt":{"rendered":"<p>El Centro Nacional de Simulaci\u00f3n Cl\u00ednica de Enfermer\u00eda (CeNSiCE) se cre\u00f3 con el prop\u00f3sito de mejorar la formaci\u00f3n y capacitaci\u00f3n continua de docentes, estudiantes y los\/as enfermeros\/as en Argentina y garantizar la seguridad de los pacientes y la calidad de atenci\u00f3n de la salud. Ubicado en la planta baja del Instituto Nacional de Educaci\u00f3n Tecnol\u00f3gica, [&hellip;]<\/p>\n","protected":false},"author":3,"featured_media":0,"parent":34035,"menu_order":1,"comment_status":"closed","ping_status":"closed","template":"","meta":{"footnotes":""},"class_list":["post-28528","page","type-page","status-publish","hentry"],"_links":{"self":[{"href":"https:\/\/www.inet.edu.ar\/index.php\/wp-json\/wp\/v2\/pages\/28528","targetHints":{"allow":["GET"]}}],"collection":[{"href":"https:\/\/www.inet.edu.ar\/index.php\/wp-json\/wp\/v2\/pages"}],"about":[{"href":"https:\/\/www.inet.edu.ar\/index.php\/wp-json\/wp\/v2\/types\/page"}],"author":[{"embeddable":true,"href":"https:\/\/www.inet.edu.ar\/index.php\/wp-json\/wp\/v2\/users\/3"}],"replies":[{"embeddable":true,"href":"https:\/\/www.inet.edu.ar\/index.php\/wp-json\/wp\/v2\/comments?post=28528"}],"version-history":[{"count":8,"href":"https:\/\/www.inet.edu.ar\/index.php\/wp-json\/wp\/v2\/pages\/28528\/revisions"}],"predecessor-version":[{"id":39103,"href":"https:\/\/www.inet.edu.ar\/index.php\/wp-json\/wp\/v2\/pages\/28528\/revisions\/39103"}],"up":[{"embeddable":true,"href":"https:\/\/www.inet.edu.ar\/index.php\/wp-json\/wp\/v2\/pages\/34035"}],"wp:attachment":[{"href":"https:\/\/www.inet.edu.ar\/index.php\/wp-json\/wp\/v2\/media?parent=28528"}],"curies":[{"name":"wp","href":"https:\/\/api.w.org\/{rel}","templated":true}]}}