{"id":28530,"date":"2019-03-14T11:12:29","date_gmt":"2019-03-14T14:12:29","guid":{"rendered":"https:\/\/www.inet.edu.ar\/?page_id=28530"},"modified":"2024-03-19T13:37:39","modified_gmt":"2024-03-19T16:37:39","slug":"aula-taller-movil-de-enfermeria","status":"publish","type":"page","link":"https:\/\/www.inet.edu.ar\/index.php\/pronafe\/simulacion-clinica\/aula-taller-movil-de-enfermeria\/","title":{"rendered":"Aula Taller M\u00f3vil de Enfermer\u00eda"},"content":{"rendered":"<p>El Aula Taller M\u00f3vil de Simulaci\u00f3n Cl\u00ednica de Enfermer\u00eda tiene por objeto replicar, a nivel local, el modelo formativo del CeNSiCE, basado en los est\u00e1ndares internacionales de Simulaci\u00f3n Cl\u00ednica, con sus mismos objetivos b\u00e1sicos sumando el acercamiento de la simulaci\u00f3n cl\u00ednica realista a las instituciones PRONAFE m\u00e1s alejadas del CENTRO. En realidad, no replica el modelo al CeNSiCE lo que hace es acercar la Simulaci\u00f3n Cl\u00ednica a las Instituciones formadoras y a los Centros de Salud que tiene poca accesibilidad a los Centros Regionales o el CeNSiCE permitiendo desarrollar las Simulaci\u00f3n Cl\u00ednica basado en los est\u00e1ndares internacionales, como lo hace el CeNSiCE.<\/p>\n<p>Con igual din\u00e1mica que el CeNSiCE, el ATM de Simulaci\u00f3n Cl\u00ednica de Enfermer\u00eda complementa el trabajo que se realiza en los Gabinetes de Pr\u00e1cticas de las Instituciones, donde los estudiantes comienzan a adquirir las habilidades y destrezas necesarias para la labor profesional, con simuladores de baja complejidad tecnol\u00f3gica.<\/p>\n<p>El ATM permite complementar la formaci\u00f3n de los estudiantes de Enfermer\u00eda ofreci\u00e9ndoles la posibilidad de simular situaciones realistas en un contexto controlado y seguro, para el desarrollo de capacidades complejas.<\/p>\n<p>Simult\u00e1neamente trabaja para acercar la simulaci\u00f3n a enfermeros\/as en ejercicio en los lugares de desarrollo de sus tareas, con el objetivo de mejorar su formaci\u00f3n y aumentar la calidad de atenci\u00f3n y del cuidado.<\/p>\n<p>Desde el inicio de las actividades en octubre de 2018 hasta diciembre de 2019 se organizaron 2 salidas mensuales de 4 d\u00edas cada una. Durante este per\u00edodo se ha capacitado a un total de 2.400 personas de Instituciones Superiores T\u00e9cnicas, Universidades, Centros de Salud y Hospitales, en escenarios de Ginecolog\u00eda, Obstetricia, Cl\u00ednica de Adultos, Pediatr\u00eda, Emergencias, Terapia Intensiva y Unidad Coronaria.<\/p>\n<p>Las localidades donde se han realizado actividades con el Aula Taller M\u00f3vil fueron Brandsen, Campana, Ca\u00f1uelas, Escobar, Florencio Varela, Gonz\u00e1lez Cat\u00e1n, Lan\u00fas, La Matanza, La Plata, Mor\u00f3n, San Miguel, Z\u00e1rate y en La Rural, CABA.<\/p>\n","protected":false},"excerpt":{"rendered":"<p>El Aula Taller M\u00f3vil de Simulaci\u00f3n Cl\u00ednica de Enfermer\u00eda tiene por objeto replicar, a nivel local, el modelo formativo del CeNSiCE, basado en los est\u00e1ndares internacionales de Simulaci\u00f3n Cl\u00ednica, con sus mismos objetivos b\u00e1sicos sumando el acercamiento de la simulaci\u00f3n cl\u00ednica realista a las instituciones PRONAFE m\u00e1s alejadas del CENTRO. En realidad, no replica el [&hellip;]<\/p>\n","protected":false},"author":3,"featured_media":0,"parent":34035,"menu_order":3,"comment_status":"closed","ping_status":"closed","template":"","meta":{"footnotes":""},"class_list":["post-28530","page","type-page","status-publish","hentry"],"_links":{"self":[{"href":"https:\/\/www.inet.edu.ar\/index.php\/wp-json\/wp\/v2\/pages\/28530","targetHints":{"allow":["GET"]}}],"collection":[{"href":"https:\/\/www.inet.edu.ar\/index.php\/wp-json\/wp\/v2\/pages"}],"about":[{"href":"https:\/\/www.inet.edu.ar\/index.php\/wp-json\/wp\/v2\/types\/page"}],"author":[{"embeddable":true,"href":"https:\/\/www.inet.edu.ar\/index.php\/wp-json\/wp\/v2\/users\/3"}],"replies":[{"embeddable":true,"href":"https:\/\/www.inet.edu.ar\/index.php\/wp-json\/wp\/v2\/comments?post=28530"}],"version-history":[{"count":3,"href":"https:\/\/www.inet.edu.ar\/index.php\/wp-json\/wp\/v2\/pages\/28530\/revisions"}],"predecessor-version":[{"id":39061,"href":"https:\/\/www.inet.edu.ar\/index.php\/wp-json\/wp\/v2\/pages\/28530\/revisions\/39061"}],"up":[{"embeddable":true,"href":"https:\/\/www.inet.edu.ar\/index.php\/wp-json\/wp\/v2\/pages\/34035"}],"wp:attachment":[{"href":"https:\/\/www.inet.edu.ar\/index.php\/wp-json\/wp\/v2\/media?parent=28530"}],"curies":[{"name":"wp","href":"https:\/\/api.w.org\/{rel}","templated":true}]}}