{"id":28838,"date":"2019-03-29T16:53:29","date_gmt":"2019-03-29T19:53:29","guid":{"rendered":"https:\/\/www.inet.edu.ar\/?page_id=28838"},"modified":"2024-04-12T12:43:54","modified_gmt":"2024-04-12T15:43:54","slug":"convocatoria-2019","status":"publish","type":"page","link":"https:\/\/www.inet.edu.ar\/index.php\/credito-fiscal\/convocatorias\/convocatoria-2019\/","title":{"rendered":"Convocatoria 2019"},"content":{"rendered":"<p>&nbsp;<\/p>\n<p><strong>Se prorroga la presentaci\u00f3n de empresas patrocinantes para el cupo 2019 hasta el 31\/07\/20.<\/strong><\/p>\n<p>&nbsp;<\/p>\n<p>Se aprob\u00f3 el Reglamento 2019 del R\u00e9gimen de Cr\u00e9dito Fiscal mediante la disposici\u00f3n\u00a0DI-2019-201-APN-INETME#MECCYT.<\/p>\n<p>Disposici\u00f3n: <a href=\"https:\/\/www.inet.edu.ar\/wp-content\/uploads\/2019\/03\/DI-2019-19148190-APN-INETMEMECCYT.pdf\">DI-2019-19148190-APN-INETME%MECCYT<\/a><\/p>\n<p>Reglamento: <a href=\"https:\/\/www.inet.edu.ar\/wp-content\/uploads\/2019\/03\/IF-2019-15710214-APN-INETMEMECCYT-REGLAMENTO.pdf\">IF-2019-15710214-APN-INETME%MECCYT<\/a><\/p>\n<p>&nbsp;<\/p>\n<p>Disposici\u00f3n de pr\u00f3rroga de presentaci\u00f3n de proyectos de Cr\u00e9dito Fiscal 2019 hasta el 5 de julio inclusive.<strong>\u00a0<\/strong><a href=\"https:\/\/www.inet.edu.ar\/wp-content\/uploads\/2019\/05\/DI-2019-50579999-APN-INETMEMECCYT.pdf\">Bajar archivo<\/a><\/p>\n<p>&nbsp;<\/p>\n<p><strong>Proyectos aprobados para el 2019.\u00a0<\/strong>Disposici\u00f3n 2019-979-APN-INETME-MECCYT y el Anexo I\u00a0(se encuentra para ser publicada en Bolet\u00edn Oficial). <a href=\"https:\/\/www.inet.edu.ar\/index.php\/credito-fiscal\/convocatoria-2019\/proyectosaprobados2019\/\" rel=\"attachment wp-att-32431\">Bajar Disposici\u00f3n<\/a><\/p>\n<p>Orden de M\u00e9rito 2019.\u00a0<a href=\"https:\/\/www.inet.edu.ar\/index.php\/credito-fiscal\/convocatoria-2019\/orden-de-merito-rcf-2019\/\" rel=\"attachment wp-att-32443\">Bajar archivo<\/a><\/p>\n<p>&nbsp;<\/p>\n<p>Para ingresar a la Plataforma de Inscripci\u00f3n,\u00a0<a href=\"http:\/\/creditofiscal.inet.edu.ar\/login\">haga clic aqu\u00ed<\/a>.<\/p>\n<p>&nbsp;<\/p>\n<p><strong>Formularios<\/strong><\/p>\n<p><a href=\"https:\/\/www.inet.edu.ar\/wp-content\/uploads\/2019\/10\/FAD.zip\">Formulario FAD<\/a> (Formulario de Autoevaluaci\u00f3n del Docente)<\/p>\n<p><a href=\"https:\/\/www.inet.edu.ar\/wp-content\/uploads\/2019\/10\/FEP.zip\">Formulario FEP<\/a> (Formulario de Evaluaci\u00f3n del Participante)<\/p>\n","protected":false},"excerpt":{"rendered":"<p>&nbsp; Se prorroga la presentaci\u00f3n de empresas patrocinantes para el cupo 2019 hasta el 31\/07\/20. &nbsp; Se aprob\u00f3 el Reglamento 2019 del R\u00e9gimen de Cr\u00e9dito Fiscal mediante la disposici\u00f3n\u00a0DI-2019-201-APN-INETME#MECCYT. Disposici\u00f3n: DI-2019-19148190-APN-INETME%MECCYT Reglamento: IF-2019-15710214-APN-INETME%MECCYT &nbsp; Disposici\u00f3n de pr\u00f3rroga de presentaci\u00f3n de proyectos de Cr\u00e9dito Fiscal 2019 hasta el 5 de julio inclusive.\u00a0Bajar archivo &nbsp; Proyectos aprobados [&hellip;]<\/p>\n","protected":false},"author":3,"featured_media":0,"parent":56,"menu_order":4,"comment_status":"closed","ping_status":"closed","template":"","meta":{"footnotes":""},"class_list":["post-28838","page","type-page","status-publish","hentry"],"_links":{"self":[{"href":"https:\/\/www.inet.edu.ar\/index.php\/wp-json\/wp\/v2\/pages\/28838","targetHints":{"allow":["GET"]}}],"collection":[{"href":"https:\/\/www.inet.edu.ar\/index.php\/wp-json\/wp\/v2\/pages"}],"about":[{"href":"https:\/\/www.inet.edu.ar\/index.php\/wp-json\/wp\/v2\/types\/page"}],"author":[{"embeddable":true,"href":"https:\/\/www.inet.edu.ar\/index.php\/wp-json\/wp\/v2\/users\/3"}],"replies":[{"embeddable":true,"href":"https:\/\/www.inet.edu.ar\/index.php\/wp-json\/wp\/v2\/comments?post=28838"}],"version-history":[{"count":11,"href":"https:\/\/www.inet.edu.ar\/index.php\/wp-json\/wp\/v2\/pages\/28838\/revisions"}],"predecessor-version":[{"id":33211,"href":"https:\/\/www.inet.edu.ar\/index.php\/wp-json\/wp\/v2\/pages\/28838\/revisions\/33211"}],"up":[{"embeddable":true,"href":"https:\/\/www.inet.edu.ar\/index.php\/wp-json\/wp\/v2\/pages\/56"}],"wp:attachment":[{"href":"https:\/\/www.inet.edu.ar\/index.php\/wp-json\/wp\/v2\/media?parent=28838"}],"curies":[{"name":"wp","href":"https:\/\/api.w.org\/{rel}","templated":true}]}}