{"id":3084,"date":"2014-04-01T15:32:21","date_gmt":"2014-04-01T18:32:21","guid":{"rendered":"https:\/\/www.inet.edu.ar\/?page_id=3084"},"modified":"2025-09-11T15:12:31","modified_gmt":"2025-09-11T18:12:31","slug":"autoevaluacion-institucional","status":"publish","type":"page","link":"https:\/\/www.inet.edu.ar\/index.php\/estudios-investigaciones\/autoevaluacion-institucional\/","title":{"rendered":"Autoevaluaci\u00f3n Institucional"},"content":{"rendered":"<p><strong>\u00bfQu\u00e9 es la Autoevaluaci\u00f3n institucional?<\/strong><\/p>\n<p>La Autoevaluaci\u00f3n Institucional \u2013AEI\u2013 es una pr\u00e1ctica pedag\u00f3gica que contribuye al proceso de mejora de la calidad de la Educaci\u00f3n T\u00e9cnico Profesional en tanto que, a partir de una instancia de reflexi\u00f3n y participaci\u00f3n entre Directivos, Docentes y Estudiantes; brinda a la comunidad educativa de cada instituci\u00f3n la posibilidad de realizar un diagn\u00f3stico sobre sus fortalezas, debilidades y desaf\u00edos.<\/p>\n<p>Con el fin de acompa\u00f1ar a las instituciones en este proceso, el INET dise\u00f1a los instrumentos de recolecci\u00f3n de datos necesarios para el relevamiento, colabora con el procesamiento y sistematizaci\u00f3n de la informaci\u00f3n y brinda asistencia a los equipos t\u00e9cnicos para concretar la AEI en forma met\u00f3dica y oportuna.<\/p>\n<p>Partimos de la premisa de que conocer la mirada del \u201cotro\u201d nos ayuda a comprender mejor nuestra realidad y a desarrollar modos innovadores para afrontar los desaf\u00edos. Cada instituci\u00f3n educativa es \u00fanica y tiene distintas problem\u00e1ticas y dificultades que afrontar. En este sentido, se espera que a trav\u00e9s de la AEI cada instituci\u00f3n participante, tenga la posibilidad de identificar el grado de avance de sus proyectos educativos, consensuar qu\u00e9 cambios pueden implementarse en su establecimiento en particular y elaborar un proyecto de fortalecimiento institucional partiendo de informaci\u00f3n confiable y significativa.<strong>\u00a0<\/strong><\/p>\n<p>&nbsp;<\/p>\n<p><strong>\u00bfC\u00f3mo se organiza el proceso de AEI?<\/strong><\/p>\n<p><strong>Se desarrolla en tres etapas:\u00a0<\/strong><\/p>\n<p><strong>En la primera,<\/strong> los equipos t\u00e9cnicos jurisdiccionales convocan a Equipos Directivos de cada instituci\u00f3n para dar a conocer de qu\u00e9 manera se desarrolla el operativo y los tiempos estipulados en que los diferentes actores deben completar los cuestionarios.<\/p>\n<p><strong>En la segunda,<\/strong> se aplica una serie de encuestas autoadministradas a Directivos, Docentes y Estudiantes (de \u00faltimo a\u00f1o de cada ciclo). Una vez completados los cuestionarios el Equipo INET procesa los datos y devuelve los resultados en informes espec\u00edficos para cada instituci\u00f3n. Luego se organizan jornadas institucionales de discusi\u00f3n para valorar los resultados obtenidos con intercambio de ideas y aportes.<\/p>\n<p><strong>En la \u00faltima etapa,<\/strong> se formula el Proyecto de Fortalecimiento Institucional a partir de la experiencia compartida a lo largo de todo el proceso. Los proyectos tienen la funci\u00f3n de ponderar las situaciones problem\u00e1ticas de mayor relevancia y proponer alternativas de reparaci\u00f3n que sean abordables para la escuela, con el objetivo de fortalecer sus pr\u00e1cticas pedag\u00f3gicas e institucionales.<\/p>\n<p>&nbsp;<\/p>\n<p><strong>\u00bfCu\u00e1les son los aportes de la Autoevaluaci\u00f3n?<\/strong><\/p>\n<ul>\n<li>Fomenta el protagonismo de la comunidad educativa, la reflexi\u00f3n sobre la propia pr\u00e1ctica y el intercambio de experiencias y aprendizajes compartidos.<\/li>\n<li>Contribuye al fortalecimiento institucional y de los niveles jurisdiccionales al aportar insumos para la planificaci\u00f3n estrat\u00e9gica de la ETP.<\/li>\n<li>Fortalece la gesti\u00f3n organizativa de las instituciones ETP a nivel federal, mejorando sus condiciones de funcionamiento. Este enfoque se orienta a mejorar los procesos de ense\u00f1anza y aprendizaje, garantizando una formaci\u00f3n que sea equitativa, relevante y de calidad.<\/li>\n<\/ul>\n<p>&nbsp;<\/p>\n\n\n<p><\/p>\n","protected":false},"excerpt":{"rendered":"<p>\u00bfQu\u00e9 es la Autoevaluaci\u00f3n institucional? La Autoevaluaci\u00f3n Institucional \u2013AEI\u2013 es una pr\u00e1ctica pedag\u00f3gica que contribuye al proceso de mejora de la calidad de la Educaci\u00f3n T\u00e9cnico Profesional en tanto que, a partir de una instancia de reflexi\u00f3n y participaci\u00f3n entre Directivos, Docentes y Estudiantes; brinda a la comunidad educativa de cada instituci\u00f3n la posibilidad de [&hellip;]<\/p>\n","protected":false},"author":3,"featured_media":0,"parent":92,"menu_order":1,"comment_status":"closed","ping_status":"open","template":"","meta":{"footnotes":""},"class_list":["post-3084","page","type-page","status-publish","hentry"],"_links":{"self":[{"href":"https:\/\/www.inet.edu.ar\/index.php\/wp-json\/wp\/v2\/pages\/3084","targetHints":{"allow":["GET"]}}],"collection":[{"href":"https:\/\/www.inet.edu.ar\/index.php\/wp-json\/wp\/v2\/pages"}],"about":[{"href":"https:\/\/www.inet.edu.ar\/index.php\/wp-json\/wp\/v2\/types\/page"}],"author":[{"embeddable":true,"href":"https:\/\/www.inet.edu.ar\/index.php\/wp-json\/wp\/v2\/users\/3"}],"replies":[{"embeddable":true,"href":"https:\/\/www.inet.edu.ar\/index.php\/wp-json\/wp\/v2\/comments?post=3084"}],"version-history":[{"count":21,"href":"https:\/\/www.inet.edu.ar\/index.php\/wp-json\/wp\/v2\/pages\/3084\/revisions"}],"predecessor-version":[{"id":40615,"href":"https:\/\/www.inet.edu.ar\/index.php\/wp-json\/wp\/v2\/pages\/3084\/revisions\/40615"}],"up":[{"embeddable":true,"href":"https:\/\/www.inet.edu.ar\/index.php\/wp-json\/wp\/v2\/pages\/92"}],"wp:attachment":[{"href":"https:\/\/www.inet.edu.ar\/index.php\/wp-json\/wp\/v2\/media?parent=3084"}],"curies":[{"name":"wp","href":"https:\/\/api.w.org\/{rel}","templated":true}]}}