{"id":3088,"date":"2014-04-01T15:33:31","date_gmt":"2014-04-01T18:33:31","guid":{"rendered":"https:\/\/www.inet.edu.ar\/?page_id=3088"},"modified":"2016-04-19T13:56:37","modified_gmt":"2016-04-19T16:56:37","slug":"coordinador-de-area-de-aei","status":"publish","type":"page","link":"https:\/\/www.inet.edu.ar\/index.php\/estudios-investigaciones\/autoevaluacion-institucional\/coordinador-de-area-de-aei\/","title":{"rendered":"Coordinador de \u00e1rea"},"content":{"rendered":"<p>Su rol consiste en actuar como el intermediario entre las escuela participantes y el Equipo Central del INET, brindando la informaci\u00f3n y el asesoramiento requerido por cada establecimiento para el desarrollo de la Autoevaluaci\u00f3n as\u00ed como tambi\u00e9n reportando peri\u00f3dicamente los avances de las instituciones a su cargo. Asimismo, es tarea de la coordinaci\u00f3n de \u00e1rea el env\u00edo de informes que acompa\u00f1en y faciliten este proceso.<\/p>\n","protected":false},"excerpt":{"rendered":"<p>Su rol consiste en actuar como el intermediario entre las escuela participantes y el Equipo Central del INET, brindando la informaci\u00f3n y el asesoramiento requerido por cada establecimiento para el desarrollo de la Autoevaluaci\u00f3n as\u00ed como tambi\u00e9n reportando peri\u00f3dicamente los avances de las instituciones a su cargo. Asimismo, es tarea de la coordinaci\u00f3n de \u00e1rea [&hellip;]<\/p>\n","protected":false},"author":3,"featured_media":0,"parent":3084,"menu_order":1,"comment_status":"closed","ping_status":"open","template":"","meta":{"footnotes":""},"class_list":["post-3088","page","type-page","status-publish","hentry"],"_links":{"self":[{"href":"https:\/\/www.inet.edu.ar\/index.php\/wp-json\/wp\/v2\/pages\/3088","targetHints":{"allow":["GET"]}}],"collection":[{"href":"https:\/\/www.inet.edu.ar\/index.php\/wp-json\/wp\/v2\/pages"}],"about":[{"href":"https:\/\/www.inet.edu.ar\/index.php\/wp-json\/wp\/v2\/types\/page"}],"author":[{"embeddable":true,"href":"https:\/\/www.inet.edu.ar\/index.php\/wp-json\/wp\/v2\/users\/3"}],"replies":[{"embeddable":true,"href":"https:\/\/www.inet.edu.ar\/index.php\/wp-json\/wp\/v2\/comments?post=3088"}],"version-history":[{"count":7,"href":"https:\/\/www.inet.edu.ar\/index.php\/wp-json\/wp\/v2\/pages\/3088\/revisions"}],"predecessor-version":[{"id":10254,"href":"https:\/\/www.inet.edu.ar\/index.php\/wp-json\/wp\/v2\/pages\/3088\/revisions\/10254"}],"up":[{"embeddable":true,"href":"https:\/\/www.inet.edu.ar\/index.php\/wp-json\/wp\/v2\/pages\/3084"}],"wp:attachment":[{"href":"https:\/\/www.inet.edu.ar\/index.php\/wp-json\/wp\/v2\/media?parent=3088"}],"curies":[{"name":"wp","href":"https:\/\/api.w.org\/{rel}","templated":true}]}}