{"id":3090,"date":"2014-04-01T15:33:47","date_gmt":"2014-04-01T18:33:47","guid":{"rendered":"https:\/\/www.inet.edu.ar\/?page_id=3090"},"modified":"2016-04-28T09:44:51","modified_gmt":"2016-04-28T12:44:51","slug":"propositos-de-la-aei","status":"publish","type":"page","link":"https:\/\/www.inet.edu.ar\/index.php\/estudios-investigaciones\/autoevaluacion-institucional\/propositos-de-la-aei\/","title":{"rendered":"Prop\u00f3sitos"},"content":{"rendered":"<ul>\n<li>Promover la Autoevaluaci\u00f3n Institucional en las instituciones educativas como una actividad sistem\u00e1tica, integral y participativa, como un instrumento valioso para elevar la calidad e impulsar el desarrollo de la ense\u00f1anza t\u00e9cnica del pa\u00eds.<\/li>\n<li>Fomentar el protagonismo de la comunidad educativa, la reflexi\u00f3n sobre la propia pr\u00e1ctica, el intercambio de experiencias y aprendizajes compartidos a fin de construir propuestas alternativas para el mejoramiento sobre la base del consenso.<\/li>\n<li>Reconocer tanto las fortalezas institucionales como las situaciones problem\u00e1ticas existentes a fin de fijarse prioridades y establecer un camino de acci\u00f3n a seguir que permitan su transformaci\u00f3n en forma progresiva.<\/li>\n<\/ul>\n","protected":false},"excerpt":{"rendered":"<p>Promover la Autoevaluaci\u00f3n Institucional en las instituciones educativas como una actividad sistem\u00e1tica, integral y participativa, como un instrumento valioso para elevar la calidad e impulsar el desarrollo de la ense\u00f1anza t\u00e9cnica del pa\u00eds. Fomentar el protagonismo de la comunidad educativa, la reflexi\u00f3n sobre la propia pr\u00e1ctica, el intercambio de experiencias y aprendizajes compartidos a fin [&hellip;]<\/p>\n","protected":false},"author":3,"featured_media":0,"parent":3084,"menu_order":5,"comment_status":"closed","ping_status":"open","template":"","meta":{"footnotes":""},"class_list":["post-3090","page","type-page","status-publish","hentry"],"_links":{"self":[{"href":"https:\/\/www.inet.edu.ar\/index.php\/wp-json\/wp\/v2\/pages\/3090","targetHints":{"allow":["GET"]}}],"collection":[{"href":"https:\/\/www.inet.edu.ar\/index.php\/wp-json\/wp\/v2\/pages"}],"about":[{"href":"https:\/\/www.inet.edu.ar\/index.php\/wp-json\/wp\/v2\/types\/page"}],"author":[{"embeddable":true,"href":"https:\/\/www.inet.edu.ar\/index.php\/wp-json\/wp\/v2\/users\/3"}],"replies":[{"embeddable":true,"href":"https:\/\/www.inet.edu.ar\/index.php\/wp-json\/wp\/v2\/comments?post=3090"}],"version-history":[{"count":7,"href":"https:\/\/www.inet.edu.ar\/index.php\/wp-json\/wp\/v2\/pages\/3090\/revisions"}],"predecessor-version":[{"id":10484,"href":"https:\/\/www.inet.edu.ar\/index.php\/wp-json\/wp\/v2\/pages\/3090\/revisions\/10484"}],"up":[{"embeddable":true,"href":"https:\/\/www.inet.edu.ar\/index.php\/wp-json\/wp\/v2\/pages\/3084"}],"wp:attachment":[{"href":"https:\/\/www.inet.edu.ar\/index.php\/wp-json\/wp\/v2\/media?parent=3090"}],"curies":[{"name":"wp","href":"https:\/\/api.w.org\/{rel}","templated":true}]}}