{"id":3092,"date":"2014-04-01T15:34:00","date_gmt":"2014-04-01T18:34:00","guid":{"rendered":"https:\/\/www.inet.edu.ar\/?page_id=3092"},"modified":"2016-04-28T09:41:02","modified_gmt":"2016-04-28T12:41:02","slug":"marco-normativo","status":"publish","type":"page","link":"https:\/\/www.inet.edu.ar\/index.php\/estudios-investigaciones\/autoevaluacion-institucional\/marco-normativo\/","title":{"rendered":"Marco normativo"},"content":{"rendered":"<p>La <strong>Ley de ETP<\/strong> en su Art\u00edculo <strong>45 reconoce al INET como el \u00e1mbito<\/strong> que debe hacer cumplir con la responsabilidad de \u201cPromover la calidad de la educaci\u00f3n t\u00e9cnico profesional para asegurar la equidad y la adecuaci\u00f3n permanente de la oferta educativa a las demandas sociales y productivas a trav\u00e9s de la coordinaci\u00f3n de programas y proyectos en acuerdo con las pautas establecidas por el Consejo Federal de Cultura y Educaci\u00f3n. <strong>Desarrollar los instrumentos necesarios para la evaluaci\u00f3n de la calidad de las ofertas de Educaci\u00f3n T\u00e9cnico Profesional e intervenir en la evaluaci\u00f3n<\/strong>.\u201d<\/p>\n<p>La <a href=\"https:\/\/www.inet.edu.ar\/wp-content\/uploads\/2014\/04\/ResolucionINET-1171-15.pdf\" rel=\"\">Resoluci\u00f3n INET N\u00b0 1171\/15<\/a>\u00a0establece que la Autoevaluaci\u00f3n Institucional de nivel secundario deber\u00e1 ser llevada a cabo cada cuatro a\u00f1os en las distintas jurisdicciones del pa\u00eds y que para ello, habr\u00e1 de financiarse mediante el Fondo de Mejora de la Educaci\u00f3n T\u00e9cnico Profesional.<\/p>\n","protected":false},"excerpt":{"rendered":"<p>La Ley de ETP en su Art\u00edculo 45 reconoce al INET como el \u00e1mbito que debe hacer cumplir con la responsabilidad de \u201cPromover la calidad de la educaci\u00f3n t\u00e9cnico profesional para asegurar la equidad y la adecuaci\u00f3n permanente de la oferta educativa a las demandas sociales y productivas a trav\u00e9s de la coordinaci\u00f3n de programas [&hellip;]<\/p>\n","protected":false},"author":3,"featured_media":0,"parent":3084,"menu_order":3,"comment_status":"closed","ping_status":"open","template":"","meta":{"footnotes":""},"class_list":["post-3092","page","type-page","status-publish","hentry"],"_links":{"self":[{"href":"https:\/\/www.inet.edu.ar\/index.php\/wp-json\/wp\/v2\/pages\/3092","targetHints":{"allow":["GET"]}}],"collection":[{"href":"https:\/\/www.inet.edu.ar\/index.php\/wp-json\/wp\/v2\/pages"}],"about":[{"href":"https:\/\/www.inet.edu.ar\/index.php\/wp-json\/wp\/v2\/types\/page"}],"author":[{"embeddable":true,"href":"https:\/\/www.inet.edu.ar\/index.php\/wp-json\/wp\/v2\/users\/3"}],"replies":[{"embeddable":true,"href":"https:\/\/www.inet.edu.ar\/index.php\/wp-json\/wp\/v2\/comments?post=3092"}],"version-history":[{"count":6,"href":"https:\/\/www.inet.edu.ar\/index.php\/wp-json\/wp\/v2\/pages\/3092\/revisions"}],"predecessor-version":[{"id":10482,"href":"https:\/\/www.inet.edu.ar\/index.php\/wp-json\/wp\/v2\/pages\/3092\/revisions\/10482"}],"up":[{"embeddable":true,"href":"https:\/\/www.inet.edu.ar\/index.php\/wp-json\/wp\/v2\/pages\/3084"}],"wp:attachment":[{"href":"https:\/\/www.inet.edu.ar\/index.php\/wp-json\/wp\/v2\/media?parent=3092"}],"curies":[{"name":"wp","href":"https:\/\/api.w.org\/{rel}","templated":true}]}}