{"id":314,"date":"2012-11-01T21:23:46","date_gmt":"2012-11-01T21:23:46","guid":{"rendered":"https:\/\/www.inet.edu.ar\/?page_id=314"},"modified":"2023-04-17T10:27:47","modified_gmt":"2023-04-17T13:27:47","slug":"material-de-capacitacion","status":"publish","type":"page","link":"https:\/\/www.inet.edu.ar\/index.php\/material-de-capacitacion\/","title":{"rendered":"Biblioteca"},"content":{"rendered":"<p>&nbsp;<\/p>\n<ul>\n<li><a title=\"Las ciencias naturales y la matem\u00e1tica\" href=\"https:\/\/www.inet.edu.ar\/index.php\/material-de-capacitacion\/nueva-serie-de-libros\/\">Las Ciencias Naturales y la Matem\u00e1tica<\/a><\/li>\n<li><a href=\"https:\/\/www.inet.edu.ar\/index.php\/material-de-capacitacion\/coleccion-matematica\/\">Colecci\u00f3n Matem\u00e1tica<\/a><\/li>\n<li><a title=\"Gu\u00edas did\u00e1cticas\" href=\"https:\/\/www.inet.edu.ar\/index.php\/material-de-capacitacion\/guias-didacticas\/\">Gu\u00edas did\u00e1cticas<\/a><\/li>\n<li><a title=\"Educaci\u00f3n Tecnol\u00f3gica\" href=\"https:\/\/www.inet.edu.ar\/index.php\/material-de-capacitacion\/educacion-tecnologica\/\">Educaci\u00f3n tecnol\u00f3gica<\/a><\/li>\n<li><a title=\"Desarrollo de contenidos\" href=\"https:\/\/www.inet.edu.ar\/index.php\/material-de-capacitacion\/desarrollo-de-contenidos\/\">Desarrollo de contenidos<\/a><\/li>\n<li><a title=\"Educaci\u00f3n con tecnolog\u00edas\" href=\"https:\/\/www.inet.edu.ar\/index.php\/material-de-capacitacion\/educacion-con-tecnologias\/\">Educaci\u00f3n con tecnolog\u00edas<\/a><\/li>\n<li><a title=\"Educadores en tecnolog\u00edas\" href=\"https:\/\/www.inet.edu.ar\/index.php\/material-de-capacitacion\/educadores-en-tecnologias\/\">Educadores en tecnolog\u00edas<\/a><\/li>\n<li><a title=\"Documentos de la escuela t\u00e9cnica (1959-1995)\" href=\"https:\/\/www.inet.edu.ar\/index.php\/material-de-capacitacion\/documentos-de-la-escuela-tecnica-1959-1995\/\">Documentos de la escuela t\u00e9cnica (1959-1995)<\/a><\/li>\n<li><a href=\"https:\/\/www.inet.edu.ar\/index.php\/material-de-capacitacion\/educacion-tecnico-profesional-su-historia\/\">Educaci\u00f3n T\u00e9cnico Profesional: su historia<\/a><\/li>\n<li><a title=\"Educaci\u00f3n tecnol\u00f3gica. 10 a\u00f1os de construcci\u00f3n\" href=\"https:\/\/www.inet.edu.ar\/index.php\/material-de-capacitacion\/educacion-tecnologica-10-anos-de-construccion\/\">Educaci\u00f3n tecnol\u00f3gica. 10 a\u00f1os de construcci\u00f3n<\/a><\/li>\n<li><a title=\"Ciencias para la educaci\u00f3n tecnol\u00f3gica\" href=\"https:\/\/www.inet.edu.ar\/index.php\/material-de-capacitacion\/ciencias-para-la-educacion-tecnologica\/\">Ciencias para la educaci\u00f3n tecnol\u00f3gica<\/a><\/li>\n<li><a title=\"Recursos did\u00e1cticos\" href=\"https:\/\/www.inet.edu.ar\/index.php\/material-de-capacitacion\/recursos-didacticos\/\">Recursos did\u00e1cticos<\/a><\/li>\n<li class=\"menu-item-8560\"><a href=\"https:\/\/www.inet.edu.ar\/index.php\/material-de-capacitacion\/evaluacion-de-capacidades-profesionales-res-cfe-26615\/\">Evaluaci\u00f3n de Capacidades Profesionales (Res. CFE 266\/15)<\/a><\/li>\n<li class=\"menu-item-23611\"><a href=\"https:\/\/www.inet.edu.ar\/index.php\/material-de-capacitacion\/feria-nacional-de-innovacion-educativa-2017-proyectos\/\">Feria Nacional de Innovaci\u00f3n Educativa 2017: proyectos<\/a><\/li>\n<li><a href=\"https:\/\/www.inet.edu.ar\/index.php\/material-de-capacitacion\/construir-futuro-con-trabajo-decente\/\">Construir Futuro con Trabajo Decente<\/a><\/li>\n<li><a href=\"https:\/\/www.inet.edu.ar\/index.php\/material-de-capacitacion\/cuadernillo-a-ingresantes\/\">Cuadernillo a Ingresantes<\/a><\/li>\n<li><a href=\"https:\/\/www.inet.edu.ar\/index.php\/material-de-capacitacion\/inet-te-acompana\/\">INET Te acompa\u00f1a<\/a><\/li>\n<li><a href=\"https:\/\/www.inet.edu.ar\/index.php\/material-de-capacitacion\/guias-de-estudio-electronica\/\">Gu\u00edas de Estudio &#8211; Electr\u00f3nica<\/a><\/li>\n<li><a href=\"https:\/\/www.inet.edu.ar\/index.php\/material-de-capacitacion\/guias-de-estudio-informatica\/\">Gu\u00edas de Estudio &#8211; Inform\u00e1tica<\/a><\/li>\n<li><a href=\"https:\/\/www.inet.edu.ar\/index.php\/material-de-capacitacion\/guias-de-estudio-programacion\/\">Gu\u00edas de Estudio &#8211; Programaci\u00f3n<\/a><\/li>\n<li><a href=\"https:\/\/www.inet.edu.ar\/wp-content\/uploads\/2022\/11\/EABP-ETP-Digital.pdf\">Educaci\u00f3n T\u00e9cnica Nivel Secundario. La ense\u00f1anza y el aprendizaje basados en proyectos <\/a><\/li>\n<\/ul>\n","protected":false},"excerpt":{"rendered":"<p>&nbsp; Las Ciencias Naturales y la Matem\u00e1tica Colecci\u00f3n Matem\u00e1tica Gu\u00edas did\u00e1cticas Educaci\u00f3n tecnol\u00f3gica Desarrollo de contenidos Educaci\u00f3n con tecnolog\u00edas Educadores en tecnolog\u00edas Documentos de la escuela t\u00e9cnica (1959-1995) Educaci\u00f3n T\u00e9cnico Profesional: su historia Educaci\u00f3n tecnol\u00f3gica. 10 a\u00f1os de construcci\u00f3n Ciencias para la educaci\u00f3n tecnol\u00f3gica Recursos did\u00e1cticos Evaluaci\u00f3n de Capacidades Profesionales (Res. CFE 266\/15) Feria Nacional [&hellip;]<\/p>\n","protected":false},"author":3,"featured_media":0,"parent":0,"menu_order":5,"comment_status":"closed","ping_status":"open","template":"","meta":{"footnotes":""},"class_list":["post-314","page","type-page","status-publish","hentry"],"_links":{"self":[{"href":"https:\/\/www.inet.edu.ar\/index.php\/wp-json\/wp\/v2\/pages\/314","targetHints":{"allow":["GET"]}}],"collection":[{"href":"https:\/\/www.inet.edu.ar\/index.php\/wp-json\/wp\/v2\/pages"}],"about":[{"href":"https:\/\/www.inet.edu.ar\/index.php\/wp-json\/wp\/v2\/types\/page"}],"author":[{"embeddable":true,"href":"https:\/\/www.inet.edu.ar\/index.php\/wp-json\/wp\/v2\/users\/3"}],"replies":[{"embeddable":true,"href":"https:\/\/www.inet.edu.ar\/index.php\/wp-json\/wp\/v2\/comments?post=314"}],"version-history":[{"count":26,"href":"https:\/\/www.inet.edu.ar\/index.php\/wp-json\/wp\/v2\/pages\/314\/revisions"}],"predecessor-version":[{"id":37421,"href":"https:\/\/www.inet.edu.ar\/index.php\/wp-json\/wp\/v2\/pages\/314\/revisions\/37421"}],"wp:attachment":[{"href":"https:\/\/www.inet.edu.ar\/index.php\/wp-json\/wp\/v2\/media?parent=314"}],"curies":[{"name":"wp","href":"https:\/\/api.w.org\/{rel}","templated":true}]}}