{"id":32468,"date":"2020-01-03T11:50:26","date_gmt":"2020-01-03T14:50:26","guid":{"rendered":"https:\/\/www.inet.edu.ar\/?page_id=32468"},"modified":"2025-01-30T11:41:48","modified_gmt":"2025-01-30T14:41:48","slug":"direccion-ejecutiva","status":"publish","type":"page","link":"https:\/\/www.inet.edu.ar\/index.php\/institucional\/direccion-ejecutiva\/","title":{"rendered":"Direcci\u00f3n Ejecutiva"},"content":{"rendered":"\n<p><\/p>\n\n\n\n<figure class=\"wp-block-image size-full\"><img loading=\"lazy\" decoding=\"async\" width=\"2560\" height=\"1709\" src=\"https:\/\/www.inet.edu.ar\/wp-content\/uploads\/2024\/02\/DSC5132-scaled.jpg\" alt=\"\" class=\"wp-image-39030\" srcset=\"https:\/\/www.inet.edu.ar\/wp-content\/uploads\/2024\/02\/DSC5132-scaled.jpg 2560w, https:\/\/www.inet.edu.ar\/wp-content\/uploads\/2024\/02\/DSC5132-240x160.jpg 240w, https:\/\/www.inet.edu.ar\/wp-content\/uploads\/2024\/02\/DSC5132-468x312.jpg 468w, https:\/\/www.inet.edu.ar\/wp-content\/uploads\/2024\/02\/DSC5132-150x100.jpg 150w, https:\/\/www.inet.edu.ar\/wp-content\/uploads\/2024\/02\/DSC5132-768x513.jpg 768w, https:\/\/www.inet.edu.ar\/wp-content\/uploads\/2024\/02\/DSC5132-1536x1025.jpg 1536w, https:\/\/www.inet.edu.ar\/wp-content\/uploads\/2024\/02\/DSC5132-2048x1367.jpg 2048w\" sizes=\"auto, (max-width: 2560px) 100vw, 2560px\" \/><\/figure>\n\n\n<h2>\u00a0\u00a0<\/h2>\n<h2>Ludovico Grillo<\/h2>\n\n\n<p>Es Abogado (Universidad de Buenos Aires) y diplomado en el Programa de Alta Direcci\u00f3n Escolar (Universidad Di Tella). <\/p>\n\n\n\n<p>Se desempe\u00f1\u00f3 como director de la Escuela T\u00e9cnica Roberto Rocca (Grupo Techint) desde 2018 hasta 2023.<\/p>\n\n\n\n<p>Fue secretario de Educaci\u00f3n de la Municipalidad de Vicente L\u00f3pez (2011-2018); Secretario Ejecutivo del Consejo Provincial de Educaci\u00f3n y Trabajo PBA (2015- 2017); Director General del Centro Educativo Cat\u00f3lico Ceferino Namuncur\u00e1 (2004-2010) y Directivo del Instituto Parroquial \u00abJes\u00fas en el Huerto de los Olivos\u00bb (1997-2003).&nbsp;<\/p>\n\n\n\n<p><\/p>\n\n\n\n<h2 class=\"wp-block-heading\">&nbsp;<\/h2>\n","protected":false},"excerpt":{"rendered":"<p>\u00a0\u00a0 Ludovico Grillo Es Abogado (Universidad de Buenos Aires) y diplomado en el Programa de Alta Direcci\u00f3n Escolar (Universidad Di Tella). Se desempe\u00f1\u00f3 como director de la Escuela T\u00e9cnica Roberto Rocca (Grupo Techint) desde 2018 hasta 2023. Fue secretario de Educaci\u00f3n de la Municipalidad de Vicente L\u00f3pez (2011-2018); Secretario Ejecutivo del Consejo Provincial de Educaci\u00f3n [&hellip;]<\/p>\n","protected":false},"author":7,"featured_media":0,"parent":2,"menu_order":1,"comment_status":"closed","ping_status":"closed","template":"","meta":{"footnotes":""},"class_list":["post-32468","page","type-page","status-publish","hentry"],"_links":{"self":[{"href":"https:\/\/www.inet.edu.ar\/index.php\/wp-json\/wp\/v2\/pages\/32468","targetHints":{"allow":["GET"]}}],"collection":[{"href":"https:\/\/www.inet.edu.ar\/index.php\/wp-json\/wp\/v2\/pages"}],"about":[{"href":"https:\/\/www.inet.edu.ar\/index.php\/wp-json\/wp\/v2\/types\/page"}],"author":[{"embeddable":true,"href":"https:\/\/www.inet.edu.ar\/index.php\/wp-json\/wp\/v2\/users\/7"}],"replies":[{"embeddable":true,"href":"https:\/\/www.inet.edu.ar\/index.php\/wp-json\/wp\/v2\/comments?post=32468"}],"version-history":[{"count":10,"href":"https:\/\/www.inet.edu.ar\/index.php\/wp-json\/wp\/v2\/pages\/32468\/revisions"}],"predecessor-version":[{"id":40089,"href":"https:\/\/www.inet.edu.ar\/index.php\/wp-json\/wp\/v2\/pages\/32468\/revisions\/40089"}],"up":[{"embeddable":true,"href":"https:\/\/www.inet.edu.ar\/index.php\/wp-json\/wp\/v2\/pages\/2"}],"wp:attachment":[{"href":"https:\/\/www.inet.edu.ar\/index.php\/wp-json\/wp\/v2\/media?parent=32468"}],"curies":[{"name":"wp","href":"https:\/\/api.w.org\/{rel}","templated":true}]}}