{"id":32858,"date":"2020-04-09T13:02:15","date_gmt":"2020-04-09T16:02:15","guid":{"rendered":"https:\/\/www.inet.edu.ar\/?page_id=32858"},"modified":"2020-04-10T10:02:44","modified_gmt":"2020-04-10T13:02:44","slug":"ensenar-y-aprender-en-la-cultura-digital","status":"publish","type":"page","link":"https:\/\/www.inet.edu.ar\/index.php\/32954-2\/ensenar-y-aprender-en-la-cultura-digital\/","title":{"rendered":"Ense\u00f1ar y aprender en la cultura digital"},"content":{"rendered":"<p>&nbsp;<\/p>\n<p>Inmersos en la sociedad del conocimiento y la informaci\u00f3n, donde las comunidades de aprendizaje cobran una importancia relevante en la situaci\u00f3n de aislamiento social en que estamos viviendo, este curso te propone reflexionar acerca de qu\u00e9 modo esto impacta en la escuela como espacio social y en la construcci\u00f3n de los nuevos roles de estudiantes y docentes de la escuela t\u00e9cnica.<\/p>\n<p>&nbsp;<\/p>\n<p><strong>Tem\u00e1ticas:<\/strong><\/p>\n<ul>\n<li>Las nuevas tecnolog\u00edas aplicadas a la educaci\u00f3n. Exigencias, roles y mediaciones en la cultura digital.<\/li>\n<li>Lectura y escritura en el entorno anal\u00f3gico y digital.<\/li>\n<li>Ambientes de aprendizaje (las redes sociales como espacios de aprendizaje formal e informal).<\/li>\n<li>Tendencias pedag\u00f3gicas del siglo XXI: modelos emergentes en entornos virtuales de aprendizaje.<\/li>\n<\/ul>\n<p>&nbsp;<\/p>\n<p><strong>Carga horaria:<\/strong> 40 horas.<\/p>\n<p>&nbsp;<\/p>\n<p>Este curso es uno de los espacios curriculares del <a href=\"https:\/\/www.inet.edu.ar\/index.php\/postitulo-metodologias-innovadoras-con-tic\/\">Post\u00edtulo Actualizaci\u00f3n Acad\u00e9mica en Metodolog\u00edas innovadoras con TIC<\/a>.<\/p>\n","protected":false},"excerpt":{"rendered":"<p>&nbsp; Inmersos en la sociedad del conocimiento y la informaci\u00f3n, donde las comunidades de aprendizaje cobran una importancia relevante en la situaci\u00f3n de aislamiento social en que estamos viviendo, este curso te propone reflexionar acerca de qu\u00e9 modo esto impacta en la escuela como espacio social y en la construcci\u00f3n de los nuevos roles de [&hellip;]<\/p>\n","protected":false},"author":3,"featured_media":0,"parent":32954,"menu_order":0,"comment_status":"closed","ping_status":"closed","template":"","meta":{"footnotes":""},"class_list":["post-32858","page","type-page","status-publish","hentry"],"_links":{"self":[{"href":"https:\/\/www.inet.edu.ar\/index.php\/wp-json\/wp\/v2\/pages\/32858","targetHints":{"allow":["GET"]}}],"collection":[{"href":"https:\/\/www.inet.edu.ar\/index.php\/wp-json\/wp\/v2\/pages"}],"about":[{"href":"https:\/\/www.inet.edu.ar\/index.php\/wp-json\/wp\/v2\/types\/page"}],"author":[{"embeddable":true,"href":"https:\/\/www.inet.edu.ar\/index.php\/wp-json\/wp\/v2\/users\/3"}],"replies":[{"embeddable":true,"href":"https:\/\/www.inet.edu.ar\/index.php\/wp-json\/wp\/v2\/comments?post=32858"}],"version-history":[{"count":6,"href":"https:\/\/www.inet.edu.ar\/index.php\/wp-json\/wp\/v2\/pages\/32858\/revisions"}],"predecessor-version":[{"id":32928,"href":"https:\/\/www.inet.edu.ar\/index.php\/wp-json\/wp\/v2\/pages\/32858\/revisions\/32928"}],"up":[{"embeddable":true,"href":"https:\/\/www.inet.edu.ar\/index.php\/wp-json\/wp\/v2\/pages\/32954"}],"wp:attachment":[{"href":"https:\/\/www.inet.edu.ar\/index.php\/wp-json\/wp\/v2\/media?parent=32858"}],"curies":[{"name":"wp","href":"https:\/\/api.w.org\/{rel}","templated":true}]}}