{"id":33042,"date":"2020-05-07T13:22:34","date_gmt":"2020-05-07T16:22:34","guid":{"rendered":"https:\/\/www.inet.edu.ar\/?page_id=33042"},"modified":"2020-05-15T12:04:37","modified_gmt":"2020-05-15T15:04:37","slug":"noticias-nacionales-e-internacionales","status":"publish","type":"page","link":"https:\/\/www.inet.edu.ar\/index.php\/pronafe\/informacion-y-recursos-covid19\/noticias-nacionales-e-internacionales\/","title":{"rendered":"Noticias Nacionales e Internacionales"},"content":{"rendered":"<p>&nbsp;<\/p>\n<p>Selecci\u00f3n de informaci\u00f3n \u00fatil de las redes sociales, compuesta por los siguientes links:<\/p>\n<p><a href=\"https:\/\/confiar.telam.com.ar\/index.php\">Infodemia: la epidemia informativa de la pandemia &#8211; <\/a><a href=\"https:\/\/confiar.telam.com.ar\/index.php\"><strong>confi<\/strong><\/a><a href=\"https:\/\/confiar.telam.com.ar\/index.php\"><strong>ar<br \/>\n<\/strong><\/a><a href=\"https:\/\/www.facebook.com\/coronavirus_info\/?page_source=coronavirus_hub_attachment&amp;__tn__=HH-R\">Noticias en facebook &#8211; Centro de informaci\u00f3n sobre el coronavirus (COVID-19)<br \/>\n<\/a><a href=\"https:\/\/twitter.com\/i\/events\/1219057585707315201\">Coronavirus en Twitter<\/a><\/p>\n<p>&nbsp;<\/p>\n<p><strong>Noticias PRONAFE<\/strong><\/p>\n<p>Selecci\u00f3n de informaci\u00f3n de las acciones generadas por el PRONAFE, compuesta por los siguientes links:<\/p>\n<p><a href=\"https:\/\/twitter.com\/INETetp\/status\/1260935103401693186\">Capacitaci\u00f3n a equipos de salud de 13 hospitales de la zona sanitaria VI de Buenos Aires en el Hospital Fiorito<br \/>\n<\/a><a href=\"https:\/\/twitter.com\/gmunta1812\/status\/1261032674719936512\">Convenio Ministerio de Educaci\u00f3n de la Naci\u00f3n y ATSA Bs. As.<br \/>\n<\/a><a href=\"https:\/\/twitter.com\/EducacionAR\/status\/1260271460591026177\">Ministerio de Educaci\u00f3n \u2013 2020 A\u00f1o Internacional del Personal de Enfermer\u00eda<br \/>\n<\/a><a href=\"https:\/\/www.inet.edu.ar\/index.php\/capacitacion-a-equipos-de-salud\/\">Capacitaci\u00f3n a equipos de salud<br \/>\n<\/a><a href=\"https:\/\/twitter.com\/INETetp\/status\/1251143605047025667\">Capacitaci\u00f3n a distancia en el Chaco.<br \/>\n<\/a><a href=\"https:\/\/twitter.com\/INETetp\/status\/1250879995125399553?s=08\">Formaci\u00f3n de equipos de salud a distancia. Los ejemplos de Santa Cruz, Chaco y C\u00f3rdoba.<br \/>\n<\/a><a href=\"https:\/\/www.argentina.gob.ar\/noticias\/el-ministerio-de-educacion-traves-del-inet-y-el-pronafe-entrena-enfermeros-en-el-manejo-de\">INET y PRONAFE entrenan a enfermeros en el manejo de pacientes<br \/>\n<\/a><a href=\"https:\/\/www.argentina.gob.ar\/noticias\/capacitacion-equipos-de-salud\">Capacitaci\u00f3n de los equipos de salud de la provincia de Buenos Aires<br \/>\n<\/a><a href=\"https:\/\/twitter.com\/INETetp\/status\/1250850337789018112?s=08\">Testimonio de una profesional luego de la Capacitaci\u00f3n del equipo PRONAFE<br \/>\n<\/a><a href=\"https:\/\/www.gba.gob.ar\/saludprovincia\/noticias\/la_escuela_de_gobierno_en_salud_y_el_ministerio_de_educaci%C3%B3n_de_naci%C3%B3n\">La Escuela de Gobierno de Salud y el PRONAFE capacitan en centros bonaerenses.<br \/>\n<\/a><a href=\"https:\/\/www.argentina.gob.ar\/noticias\/capacitacion-equipos-de-salud\">PRONAFE y el Ministerio de Salud de la Provincia de Buenos Aires realizan acciones conjuntas con profesionales de la salud<br \/>\n<\/a><a href=\"http:\/\/www.nuevarioja.com.ar\/9996-educacion-y-cruz-roja-acuerdan-la-capacitacion-de-formadores-en-el-manejo-de-pacientes-con-covid19\">Educaci\u00f3n y Cruz Roja acuerdan la capacitaci\u00f3n de formadores en el manejo de pacientes con COVID-19<\/a><\/p>\n<p>&nbsp;<\/p>\n","protected":false},"excerpt":{"rendered":"<p>&nbsp; Selecci\u00f3n de informaci\u00f3n \u00fatil de las redes sociales, compuesta por los siguientes links: Infodemia: la epidemia informativa de la pandemia &#8211; confiar Noticias en facebook &#8211; Centro de informaci\u00f3n sobre el coronavirus (COVID-19) Coronavirus en Twitter &nbsp; Noticias PRONAFE Selecci\u00f3n de informaci\u00f3n de las acciones generadas por el PRONAFE, compuesta por los siguientes links: [&hellip;]<\/p>\n","protected":false},"author":3,"featured_media":0,"parent":33038,"menu_order":1,"comment_status":"closed","ping_status":"closed","template":"","meta":{"footnotes":""},"class_list":["post-33042","page","type-page","status-publish","hentry"],"_links":{"self":[{"href":"https:\/\/www.inet.edu.ar\/index.php\/wp-json\/wp\/v2\/pages\/33042","targetHints":{"allow":["GET"]}}],"collection":[{"href":"https:\/\/www.inet.edu.ar\/index.php\/wp-json\/wp\/v2\/pages"}],"about":[{"href":"https:\/\/www.inet.edu.ar\/index.php\/wp-json\/wp\/v2\/types\/page"}],"author":[{"embeddable":true,"href":"https:\/\/www.inet.edu.ar\/index.php\/wp-json\/wp\/v2\/users\/3"}],"replies":[{"embeddable":true,"href":"https:\/\/www.inet.edu.ar\/index.php\/wp-json\/wp\/v2\/comments?post=33042"}],"version-history":[{"count":5,"href":"https:\/\/www.inet.edu.ar\/index.php\/wp-json\/wp\/v2\/pages\/33042\/revisions"}],"predecessor-version":[{"id":33134,"href":"https:\/\/www.inet.edu.ar\/index.php\/wp-json\/wp\/v2\/pages\/33042\/revisions\/33134"}],"up":[{"embeddable":true,"href":"https:\/\/www.inet.edu.ar\/index.php\/wp-json\/wp\/v2\/pages\/33038"}],"wp:attachment":[{"href":"https:\/\/www.inet.edu.ar\/index.php\/wp-json\/wp\/v2\/media?parent=33042"}],"curies":[{"name":"wp","href":"https:\/\/api.w.org\/{rel}","templated":true}]}}