{"id":33047,"date":"2020-05-07T13:25:19","date_gmt":"2020-05-07T16:25:19","guid":{"rendered":"https:\/\/www.inet.edu.ar\/?page_id=33047"},"modified":"2020-05-07T13:25:19","modified_gmt":"2020-05-07T16:25:19","slug":"preguntas-frecuentes","status":"publish","type":"page","link":"https:\/\/www.inet.edu.ar\/index.php\/pronafe\/informacion-y-recursos-covid19\/preguntas-frecuentes\/","title":{"rendered":"Preguntas Frecuentes"},"content":{"rendered":"<p>&nbsp;<\/p>\n<p>Selecci\u00f3n de informaci\u00f3n sobre inquietudes frecuentes, compuesta por los siguientes links:<\/p>\n<p><a href=\"https:\/\/www.argentina.gob.ar\/aplicaciones\/coronavirus\">Autoevaluaci\u00f3n de s\u00edntomas de Coronavirus COVID-19 APP <\/a><a href=\"https:\/\/www.argentina.gob.ar\/aplicaciones\/coronavirus\"><strong>cuid<\/strong><\/a><a href=\"https:\/\/www.argentina.gob.ar\/aplicaciones\/coronavirus\"><strong>ar<br \/>\n<\/strong><\/a><a href=\"https:\/\/coronaconsultas.com.ar\/\">Informacion, cuidados y noticias sobre COVID-19 <\/a><a href=\"https:\/\/coronaconsultas.com.ar\/\">CORONA CONSULTAS<br \/>\n<\/a><a href=\"https:\/\/argentina.campusvirtualsp.org\/preguntas-y-respuestas-sobre-la-enfermedad-por-coronavirus-covid-19\">Preguntas y respuestas sobre la enfermedad por coronavirus COVID-19<br \/>\n<\/a><a href=\"https:\/\/podcasts.google.com\/?feed=aHR0cHM6Ly9mZWVkcy50cmFuc2lzdG9yLmZtL2Nvcm9uYXZpcnVzLWJyZXZlLXBvZGNhc3QtZGUtbGEtcGFuZGVtaWE\">Coronavirus Breve Podcast de la Pandemia<\/a><\/p>\n","protected":false},"excerpt":{"rendered":"<p>&nbsp; Selecci\u00f3n de informaci\u00f3n sobre inquietudes frecuentes, compuesta por los siguientes links: Autoevaluaci\u00f3n de s\u00edntomas de Coronavirus COVID-19 APP cuidar Informacion, cuidados y noticias sobre COVID-19 CORONA CONSULTAS Preguntas y respuestas sobre la enfermedad por coronavirus COVID-19 Coronavirus Breve Podcast de la Pandemia<\/p>\n","protected":false},"author":3,"featured_media":0,"parent":33038,"menu_order":2,"comment_status":"closed","ping_status":"closed","template":"","meta":{"footnotes":""},"class_list":["post-33047","page","type-page","status-publish","hentry"],"_links":{"self":[{"href":"https:\/\/www.inet.edu.ar\/index.php\/wp-json\/wp\/v2\/pages\/33047","targetHints":{"allow":["GET"]}}],"collection":[{"href":"https:\/\/www.inet.edu.ar\/index.php\/wp-json\/wp\/v2\/pages"}],"about":[{"href":"https:\/\/www.inet.edu.ar\/index.php\/wp-json\/wp\/v2\/types\/page"}],"author":[{"embeddable":true,"href":"https:\/\/www.inet.edu.ar\/index.php\/wp-json\/wp\/v2\/users\/3"}],"replies":[{"embeddable":true,"href":"https:\/\/www.inet.edu.ar\/index.php\/wp-json\/wp\/v2\/comments?post=33047"}],"version-history":[{"count":1,"href":"https:\/\/www.inet.edu.ar\/index.php\/wp-json\/wp\/v2\/pages\/33047\/revisions"}],"predecessor-version":[{"id":33048,"href":"https:\/\/www.inet.edu.ar\/index.php\/wp-json\/wp\/v2\/pages\/33047\/revisions\/33048"}],"up":[{"embeddable":true,"href":"https:\/\/www.inet.edu.ar\/index.php\/wp-json\/wp\/v2\/pages\/33038"}],"wp:attachment":[{"href":"https:\/\/www.inet.edu.ar\/index.php\/wp-json\/wp\/v2\/media?parent=33047"}],"curies":[{"name":"wp","href":"https:\/\/api.w.org\/{rel}","templated":true}]}}