{"id":33049,"date":"2020-05-07T13:26:23","date_gmt":"2020-05-07T16:26:23","guid":{"rendered":"https:\/\/www.inet.edu.ar\/?page_id=33049"},"modified":"2020-07-31T16:12:04","modified_gmt":"2020-07-31T19:12:04","slug":"estadisticas","status":"publish","type":"page","link":"https:\/\/www.inet.edu.ar\/index.php\/pronafe\/informacion-y-recursos-covid19\/estadisticas\/","title":{"rendered":"Estad\u00edsticas"},"content":{"rendered":"<p>&nbsp;<\/p>\n<p>Selecci\u00f3n de estad\u00edsticas \u00fatiles, compuesta por los siguientes links:<\/p>\n<p><a href=\"https:\/\/www.argentina.gob.ar\/salud\/coronavirus-COVID-19\/sala-situacion\">Estad\u00edsticas oficiales<br \/>\n<\/a><a href=\"https:\/\/www.covidvisualizer.com\/?fbclid=IwAR1CUJWqYFQBpvDp7m7zau4dIm2f5b-L3txo1wEXZtVOOIJS0TnbVPY5-PM\">Mapa visualizador del estado de la pandemia<br \/>\n<\/a><a href=\"http:\/\/www.jorgealiaga.com.ar\/?page_id=2185#\">Informes diarios del Dr. Jorge Aliaga<\/a><\/p>\n","protected":false},"excerpt":{"rendered":"<p>&nbsp; Selecci\u00f3n de estad\u00edsticas \u00fatiles, compuesta por los siguientes links: Estad\u00edsticas oficiales Mapa visualizador del estado de la pandemia Informes diarios del Dr. Jorge Aliaga<\/p>\n","protected":false},"author":3,"featured_media":0,"parent":33038,"menu_order":3,"comment_status":"closed","ping_status":"closed","template":"","meta":{"footnotes":""},"class_list":["post-33049","page","type-page","status-publish","hentry"],"_links":{"self":[{"href":"https:\/\/www.inet.edu.ar\/index.php\/wp-json\/wp\/v2\/pages\/33049","targetHints":{"allow":["GET"]}}],"collection":[{"href":"https:\/\/www.inet.edu.ar\/index.php\/wp-json\/wp\/v2\/pages"}],"about":[{"href":"https:\/\/www.inet.edu.ar\/index.php\/wp-json\/wp\/v2\/types\/page"}],"author":[{"embeddable":true,"href":"https:\/\/www.inet.edu.ar\/index.php\/wp-json\/wp\/v2\/users\/3"}],"replies":[{"embeddable":true,"href":"https:\/\/www.inet.edu.ar\/index.php\/wp-json\/wp\/v2\/comments?post=33049"}],"version-history":[{"count":3,"href":"https:\/\/www.inet.edu.ar\/index.php\/wp-json\/wp\/v2\/pages\/33049\/revisions"}],"predecessor-version":[{"id":33463,"href":"https:\/\/www.inet.edu.ar\/index.php\/wp-json\/wp\/v2\/pages\/33049\/revisions\/33463"}],"up":[{"embeddable":true,"href":"https:\/\/www.inet.edu.ar\/index.php\/wp-json\/wp\/v2\/pages\/33038"}],"wp:attachment":[{"href":"https:\/\/www.inet.edu.ar\/index.php\/wp-json\/wp\/v2\/media?parent=33049"}],"curies":[{"name":"wp","href":"https:\/\/api.w.org\/{rel}","templated":true}]}}