{"id":33051,"date":"2020-05-07T13:30:20","date_gmt":"2020-05-07T16:30:20","guid":{"rendered":"https:\/\/www.inet.edu.ar\/?page_id=33051"},"modified":"2020-07-22T13:12:15","modified_gmt":"2020-07-22T16:12:15","slug":"normativa-guias-protocolos-recomendaciones","status":"publish","type":"page","link":"https:\/\/www.inet.edu.ar\/index.php\/pronafe\/informacion-y-recursos-covid19\/normativa-guias-protocolos-recomendaciones\/","title":{"rendered":"Normativa &#8211; Gu\u00edas &#8211; Protocolos &#8211; Recomendaciones"},"content":{"rendered":"<p>&nbsp;<\/p>\n<p><a href=\"https:\/\/www.argentina.gob.ar\/salud\/coronavirus-COVID-19\/definicion-de-caso\">DEFINICI\u00d3N DE CASO<\/a><\/p>\n<p>&nbsp;<\/p>\n<p><strong>PREVENCI\u00d3N<\/strong><\/p>\n<p>Conjunto de recomendaciones de protecci\u00f3n, en los siguientes links:<\/p>\n<p><a href=\"https:\/\/www.youtube.com\/watch?v=xsIEMH1oXXk&amp;feature=youtu.be\">\u00bfC\u00f3mo trabajar con un paciente con posible COVID-19? (video PRONAFE)<\/a><u><br \/>\n<\/u><a href=\"https:\/\/www.youtube.com\/watch?v=6PXlvONG66s&amp;feature=youtu.be\">Elementos de protecci\u00f3n personal &#8211; Sociedad Argentina de Infectolog\u00eda (video)<br \/>\n<\/a><a href=\"https:\/\/www.argentina.gob.ar\/coronavirus\/barbijo\">Uso de barbijo casero<br \/>\n<\/a><a href=\"http:\/\/www.msal.gob.ar\/images\/stories\/bes\/graficos\/0000001899cnt-covid19-limpieza-desinfeccion-material-sanitario-superficies-y-ambientes-2020.pdf\">Recomendaciones limpieza y desinfecci\u00f3n de material sanitario, superficies y ambientes<br \/>\n<\/a><a href=\"http:\/\/www.msal.gob.ar\/images\/stories\/bes\/graficos\/0000001889cnt-covid19-procedimiento-gestion-residuos-en-establecimientos-de-salud-durante-pandemia.pdf\">Procedimiento para la gesti\u00f3n de residuos en establecimientos de atenci\u00f3n de salud durante la pandemia COVID-19<\/a><br \/>\n<a href=\"http:\/\/www.msal.gob.ar\/images\/stories\/bes\/graficos\/0000001853cnt-covid19-prevencion-y-abordaje-en-residencias-para-personas-mayores-y-plan-de-contingencia.pdf\">Recomendaciones para la prevenci\u00f3n y abordaje en residencias para personas mayores y plan de contingencia<\/a><br \/>\n<a href=\"http:\/\/www.msal.gob.ar\/images\/stories\/bes\/graficos\/0000001882cnt-20200403-recomendaciones-productos-limpieza-domiciliaria.pdf\">Recomendaciones para la limpieza domiciliaria y productos de uso domiciliario activos<br \/>\n<\/a><a href=\"http:\/\/www.msal.gob.ar\/images\/stories\/bes\/graficos\/0000001860cnt-covid-19_recomendaciones-gestion-residuos-domiciliarios.pdf\">Recomendaciones para la gesti\u00f3n de residuos domiciliarios de pacientes en cuarentena<br \/>\n<\/a><a href=\"http:\/\/www.msal.gob.ar\/images\/stories\/bes\/graficos\/0000001886cnt-covid-19-recomendaciones-salud-mental-ninos-ninas-adolescentes-contexto-pandemia.pdf\">Recomendaciones sobre la salud mental de ni\u00f1os, ni\u00f1as y adolescentes en contexto de pandemia<br \/>\n<\/a><a href=\"http:\/\/www.msal.gob.ar\/images\/stories\/bes\/graficos\/0000001853cnt-recomendaciones-residencias-adultos-mayores-covid19.pdf\">Recomendaciones para la prevenci\u00f3n y abordaje de COVID-19 en residencias de personas mayores<\/a><\/p>\n<p>&nbsp;<\/p>\n<p><strong>TRATAMIENTO<\/strong><\/p>\n<p>Selecci\u00f3n de material espec\u00edfico para el tratamiento del COVID 19, en los siguientes links:<\/p>\n<p><a href=\"http:\/\/www.msal.gob.ar\/images\/stories\/bes\/graficos\/0000001902cnt-covid19-recomendaciones-de-expertos-para-manejo-pacientes-insuficiencia-respiratoria-aguda.pdf\">Recomendaciones de Expertos para el Manejo de Pacientes con Insuficiencia Respiratoria Aguda por COVID19<br \/>\n<\/a><a href=\"http:\/\/www.msal.gob.ar\/images\/stories\/bes\/graficos\/0000001876cnt-covid19-recomendaciones-equipos-salud-del-primer-nivel-atencion-practicas-seguras-teleasistencia.pdf\">Teleasistencia para Terapia Intensiva. Recomendaciones para Equipos de Salud del Primer Nivel de Atenci\u00f3n (Pr\u00e1cticas seguras)<br \/>\n<\/a><a href=\"http:\/\/www.msal.gob.ar\/images\/stories\/bes\/graficos\/0000001897cnt-covid19-manejo-ventilacion-mecanica-inicial-en-paciente-con-sospecha-covid19-2020-normativa.pdf\">Manejo de la ventilaci\u00f3n mec\u00e1nica inicial en pacientes con sospecha de COVID-19<br \/>\n<\/a><a href=\"http:\/\/www.msal.gob.ar\/images\/stories\/bes\/graficos\/0000001942cnt-covid-19-recomendaciones-para-atencion-domiciliaria-de-casos-sospechosos-y-confirmados.pdf\">Recomendaciones para la atenci\u00f3n domiciliaria de casos sospechosos y confirmados de COVID-19<br \/>\n<\/a><a href=\"http:\/\/www.msal.gob.ar\/images\/stories\/bes\/graficos\/0000001894cnt-covid-19-recomendaciones-pacientes-cancer-contexto-pandemia.pdf\">Recomendaciones para pacientes con c\u00e1ncer en contexto de pandemia<br \/>\n<\/a><a href=\"http:\/\/www.msal.gob.ar\/images\/stories\/bes\/graficos\/0000001873cnt-covid-19-recomendaciones-1-nivel-atencion-gestantes-ninos-ninas-adolescentes.pdf\">Recomendaciones para el Primer Nivel de Atenci\u00f3n de Personas Gestantes, Ni\u00f1as y Ni\u00f1os y Adolescentes<br \/>\n<\/a><a href=\"http:\/\/www.msal.gob.ar\/images\/stories\/bes\/graficos\/0000001857cnt-20200331-tratamiento-farmacologico-antitermico-cuadro-infeccion-por-covid-19.pdf\">Tratamiento farmacol\u00f3gico antit\u00e9rmico en cuadro de infecci\u00f3n por COVID-19<br \/>\n<\/a><a href=\"http:\/\/www.msal.gob.ar\/images\/stories\/bes\/graficos\/0000001861cnt-covid19-recomendaciones-traslado-de-personas-con-sospecha-o-confirmacion-covid19-2020.pdf\">Recomendaciones para el traslado de personas con sospecha o confirmaci\u00f3n de COVID-19<br \/>\n<\/a><a href=\"http:\/\/www.msal.gob.ar\/images\/stories\/bes\/graficos\/0000001839cnt-covid-19-recomendaciones-atencion-embarazadas-recien-nacidos.pdf\">Recomendaciones para la atenci\u00f3n de embarazadas y reci\u00e9n nacidos con relaci\u00f3n a COVID-19<\/a><\/p>\n<p>&nbsp;<\/p>\n<p><strong>Teleasistencia para Terapia Intensiva \u2013 Videos Ministerio de Salud de la Nacion<\/strong><\/p>\n<p><a href=\"https:\/\/www.youtube.com\/watch?v=pmfy84OEfg4&amp;list=PLwad1oRGFEgAwOnD0xy1yOIGvEJ51J2ta&amp;index=10\">Recomendaciones sobre manejo de v\u00eda a\u00e9rea en paciente con sospecha de COVID-19. Enfermer\u00eda Cr\u00edtica.<br \/>\n<\/a><a href=\"https:\/\/www.youtube.com\/watch?v=v5lUFFBbguE&amp;list=PLwad1oRGFEgAwOnD0xy1yOIGvEJ51J2ta&amp;index=12\">Conceptos de Asistencia Ventilatoria Mec\u00e1nica. Enfermer\u00eda Cr\u00edtica.<br \/>\n<\/a><a href=\"https:\/\/www.youtube.com\/watch?v=HJYPXko1bK4&amp;list=PLwad1oRGFEgAwOnD0xy1yOIGvEJ51J2ta&amp;index=14\">Cuidados de Enfermer\u00eda en Ventilaci\u00f3n Mec\u00e1nica. Enfermer\u00eda Cr\u00edtica.<br \/>\n<\/a><a href=\"https:\/\/www.youtube.com\/watch?v=qpbq-AsQVgE&amp;list=PLwad1oRGFEgAwOnD0xy1yOIGvEJ51J2ta&amp;index=13\">Oxigenoterapia. Enfermer\u00eda Cr\u00edtica.<br \/>\n<\/a><a href=\"https:\/\/www.youtube.com\/watch?v=DYOUZ9Fy6Qg&amp;list=PLwad1oRGFEgAwOnD0xy1yOIGvEJ51J2ta&amp;index=6&amp;fbclid=IwAR3qypgqeKXzlXqqIIEQgbW6WsZZON2deIkjFD0Dyy_xo8Gl8EpyTIdnHaw\">Cuidados Generales del paciente cr\u00edtico con COVID 19<br \/>\n<\/a><a href=\"https:\/\/www.youtube.com\/watch?v=i2RBp01ZPUI&amp;list=PLwad1oRGFEgAwOnD0xy1yOIGvEJ51J2ta&amp;index=1\">Puesta en marcha del ventilador mec\u00e1nico<br \/>\n<\/a><a href=\"https:\/\/www.youtube.com\/watch?v=6zmENBIieHg&amp;list=PLwad1oRGFEgAwOnD0xy1yOIGvEJ51J2ta&amp;index=15\">Programaci\u00f3n de inicio<br \/>\n<\/a><a href=\"https:\/\/www.youtube.com\/watch?v=lPRQXG5vcrU&amp;list=PLwad1oRGFEgAwOnD0xy1yOIGvEJ51J2ta&amp;index=2\">Filtrado de gases<br \/>\n<\/a><a href=\"https:\/\/www.youtube.com\/watch?v=A1a8QQwAVEs&amp;list=PLwad1oRGFEgAwOnD0xy1yOIGvEJ51J2ta&amp;index=3\">Administraci\u00f3n de Aerosoles<br \/>\n<\/a><a href=\"https:\/\/www.youtube.com\/watch?v=bjgr7YaQspU&amp;list=PLwad1oRGFEgAwOnD0xy1yOIGvEJ51J2ta&amp;index=4\">Extubaci\u00f3n<br \/>\n<\/a><a href=\"https:\/\/www.youtube.com\/watch?v=EfueoxdjJjY&amp;list=PLwad1oRGFEgAwOnD0xy1yOIGvEJ51J2ta&amp;index=5\">Desconexi\u00f3n del paciente del ventilador<br \/>\n<\/a><a href=\"https:\/\/www.youtube.com\/watch?v=S4-AOb_lzUs&amp;list=PLwad1oRGFEgAwOnD0xy1yOIGvEJ51J2ta&amp;index=7\">Humidificaci\u00f3n<br \/>\n<\/a><a href=\"https:\/\/www.youtube.com\/watch?v=Jw0WGt2eCrc&amp;list=PLwad1oRGFEgAwOnD0xy1yOIGvEJ51J2ta&amp;index=8\">Aspiraci\u00f3n de secreciones<br \/>\n<\/a><a href=\"http:\/\/www.msal.gob.ar\/images\/stories\/bes\/graficos\/0000001949cnt-telerevista-de-terapia-intensiva-2020-enfermeria-07-mayo.pdf\">Tele-Revista de Terapia Intensiva Enfermer\u00eda \u2013 Recomendaciones<br \/>\n<\/a><a href=\"http:\/\/www.msal.gob.ar\/images\/stories\/bes\/graficos\/0000001948cnt-covid19-consideraciones-sobre-traqueostomia-en-pacientes-en-ventilacion-mecanica.pdf\">Consideraciones sobre la traqueostom\u00eda en pacientes con COVID-19 en ventilaci\u00f3n mec\u00e1nica.<br \/>\n<\/a><a href=\"http:\/\/www.msal.gob.ar\/images\/stories\/bes\/graficos\/0000001947cnt-covid-19_estrategias-atencion-ucin-recien-nacido-de-madre-con-sospecha-o-confirmacion.pdf\">Estrategias para la atenci\u00f3n en la UCIN del reci\u00e9n nacido hijo de madre sospechosa o positiva de COVID-19<\/a><\/p>\n<p>&nbsp;<\/p>\n","protected":false},"excerpt":{"rendered":"<p>&nbsp; DEFINICI\u00d3N DE CASO &nbsp; PREVENCI\u00d3N Conjunto de recomendaciones de protecci\u00f3n, en los siguientes links: \u00bfC\u00f3mo trabajar con un paciente con posible COVID-19? (video PRONAFE) Elementos de protecci\u00f3n personal &#8211; Sociedad Argentina de Infectolog\u00eda (video) Uso de barbijo casero Recomendaciones limpieza y desinfecci\u00f3n de material sanitario, superficies y ambientes Procedimiento para la gesti\u00f3n de residuos [&hellip;]<\/p>\n","protected":false},"author":3,"featured_media":0,"parent":33038,"menu_order":4,"comment_status":"closed","ping_status":"closed","template":"","meta":{"footnotes":""},"class_list":["post-33051","page","type-page","status-publish","hentry"],"_links":{"self":[{"href":"https:\/\/www.inet.edu.ar\/index.php\/wp-json\/wp\/v2\/pages\/33051","targetHints":{"allow":["GET"]}}],"collection":[{"href":"https:\/\/www.inet.edu.ar\/index.php\/wp-json\/wp\/v2\/pages"}],"about":[{"href":"https:\/\/www.inet.edu.ar\/index.php\/wp-json\/wp\/v2\/types\/page"}],"author":[{"embeddable":true,"href":"https:\/\/www.inet.edu.ar\/index.php\/wp-json\/wp\/v2\/users\/3"}],"replies":[{"embeddable":true,"href":"https:\/\/www.inet.edu.ar\/index.php\/wp-json\/wp\/v2\/comments?post=33051"}],"version-history":[{"count":11,"href":"https:\/\/www.inet.edu.ar\/index.php\/wp-json\/wp\/v2\/pages\/33051\/revisions"}],"predecessor-version":[{"id":33411,"href":"https:\/\/www.inet.edu.ar\/index.php\/wp-json\/wp\/v2\/pages\/33051\/revisions\/33411"}],"up":[{"embeddable":true,"href":"https:\/\/www.inet.edu.ar\/index.php\/wp-json\/wp\/v2\/pages\/33038"}],"wp:attachment":[{"href":"https:\/\/www.inet.edu.ar\/index.php\/wp-json\/wp\/v2\/media?parent=33051"}],"curies":[{"name":"wp","href":"https:\/\/api.w.org\/{rel}","templated":true}]}}