{"id":33058,"date":"2020-05-07T13:34:42","date_gmt":"2020-05-07T16:34:42","guid":{"rendered":"https:\/\/www.inet.edu.ar\/?page_id=33058"},"modified":"2020-05-07T13:34:42","modified_gmt":"2020-05-07T16:34:42","slug":"organismos-internacionales","status":"publish","type":"page","link":"https:\/\/www.inet.edu.ar\/index.php\/pronafe\/informacion-y-recursos-covid19\/organismos-internacionales\/","title":{"rendered":"Organismos Internacionales"},"content":{"rendered":"<p>&nbsp;<\/p>\n<p>Selecci\u00f3n de informaci\u00f3n sobre la situaci\u00f3n actual a partir de la pandemia, realizada por organismos internacionales de salud.<\/p>\n<p><a href=\"https:\/\/www.2020yearofthenurse.org\/\">Consejo Internacional de Enfermeras \u2013 CIE \/ ICN<br \/>\n<\/a><a href=\"https:\/\/www.un.org\/es\/coronavirus\">Organizaci\u00f3n de las Naciones Unidas \u2013 ONU \/ UN<br \/>\n<\/a><a href=\"https:\/\/www.who.int\/es\/emergencies\/diseases\/novel-coronavirus-2019\">Organizaci\u00f3n Mundial de la Salud \u2013 OMS \/ WHO<br \/>\n<\/a><a href=\"https:\/\/www.paho.org\/hq\/index.php?lang=es\">Organizaci\u00f3n Panamericana de la Salud \u2013 OPS \/ PAHO<br \/>\n<\/a><a href=\"https:\/\/www.paho.org\/arg\/index.php?option=com_content&amp;view=article&amp;id=10430:coronavirus&amp;Itemid=226\">Recursos de informaci\u00f3n relacionados con el nuevo coronavirus \u2013 OPS \u2013 Oficina de Argentina<br \/>\n<\/a><a href=\"http:\/\/www.alames.org\/\">Asociaci\u00f3n Latinoamericana de Medicina Social. Propuesta de matriz de monitoreo.<\/a><\/p>\n","protected":false},"excerpt":{"rendered":"<p>&nbsp; Selecci\u00f3n de informaci\u00f3n sobre la situaci\u00f3n actual a partir de la pandemia, realizada por organismos internacionales de salud. Consejo Internacional de Enfermeras \u2013 CIE \/ ICN Organizaci\u00f3n de las Naciones Unidas \u2013 ONU \/ UN Organizaci\u00f3n Mundial de la Salud \u2013 OMS \/ WHO Organizaci\u00f3n Panamericana de la Salud \u2013 OPS \/ PAHO Recursos [&hellip;]<\/p>\n","protected":false},"author":3,"featured_media":0,"parent":33038,"menu_order":7,"comment_status":"closed","ping_status":"closed","template":"","meta":{"footnotes":""},"class_list":["post-33058","page","type-page","status-publish","hentry"],"_links":{"self":[{"href":"https:\/\/www.inet.edu.ar\/index.php\/wp-json\/wp\/v2\/pages\/33058","targetHints":{"allow":["GET"]}}],"collection":[{"href":"https:\/\/www.inet.edu.ar\/index.php\/wp-json\/wp\/v2\/pages"}],"about":[{"href":"https:\/\/www.inet.edu.ar\/index.php\/wp-json\/wp\/v2\/types\/page"}],"author":[{"embeddable":true,"href":"https:\/\/www.inet.edu.ar\/index.php\/wp-json\/wp\/v2\/users\/3"}],"replies":[{"embeddable":true,"href":"https:\/\/www.inet.edu.ar\/index.php\/wp-json\/wp\/v2\/comments?post=33058"}],"version-history":[{"count":1,"href":"https:\/\/www.inet.edu.ar\/index.php\/wp-json\/wp\/v2\/pages\/33058\/revisions"}],"predecessor-version":[{"id":33059,"href":"https:\/\/www.inet.edu.ar\/index.php\/wp-json\/wp\/v2\/pages\/33058\/revisions\/33059"}],"up":[{"embeddable":true,"href":"https:\/\/www.inet.edu.ar\/index.php\/wp-json\/wp\/v2\/pages\/33038"}],"wp:attachment":[{"href":"https:\/\/www.inet.edu.ar\/index.php\/wp-json\/wp\/v2\/media?parent=33058"}],"curies":[{"name":"wp","href":"https:\/\/api.w.org\/{rel}","templated":true}]}}