{"id":33189,"date":"2020-06-30T13:15:42","date_gmt":"2020-06-30T16:15:42","guid":{"rendered":"https:\/\/www.inet.edu.ar\/?page_id=33189"},"modified":"2024-04-12T12:43:33","modified_gmt":"2024-04-12T15:43:33","slug":"convocatoria-2020","status":"publish","type":"page","link":"https:\/\/www.inet.edu.ar\/index.php\/credito-fiscal\/convocatorias\/convocatoria-2020\/","title":{"rendered":"Convocatoria 2020"},"content":{"rendered":"<p>&nbsp;<\/p>\n<p><strong>Segunda Asignaci\u00f3n<\/strong> para proyectos Educaci\u00f3n\u2013Trabajo y\/o Proyectos de Innovaci\u00f3n y\/o Capacitaci\u00f3n Tecnol\u00f3gica por Disposici\u00f3n DI-2020-91367476<\/p>\n<p><a href=\"https:\/\/www.inet.edu.ar\/wp-content\/uploads\/2021\/01\/DI-2020-91367476-segunda-asignacion-2020.pdf\">Bajar Disposici\u00f3n<\/a><\/p>\n<p><a href=\"https:\/\/www.inet.edu.ar\/wp-content\/uploads\/2021\/01\/IF-2020-90951042-anexo-segunda-Disposicion-2020.pdf\">Bajar Anexo<\/a><\/p>\n<p>&nbsp;<\/p>\n<p>Disposici\u00f3n DI-2020-88687536 y Anexo I con los <strong>Proyectos Aprobados para la Convocatoria 2020<\/strong>.<\/p>\n<p><a href=\"https:\/\/www.inet.edu.ar\/wp-content\/uploads\/2020\/12\/DI-2020-88687536-aprobatoria-cupo-2020.pdf\" target=\"_blank\" rel=\"noopener\">Bajar Disposici\u00f3n <\/a><\/p>\n<p><a href=\"https:\/\/www.inet.edu.ar\/wp-content\/uploads\/2020\/12\/IF-2020-88509000-ANEXO-DISPOSICION-APROBATORIA-2020.pdf\" target=\"_blank\" rel=\"noopener\">Bajar Anexo I<\/a><\/p>\n<p><strong>\u00a0<\/strong><\/p>\n<p style=\"text-align: left;\">Adjuntamos la\u00a0<a href=\"https:\/\/www.inet.edu.ar\/wp-content\/uploads\/2020\/11\/CF_Orden-de-m--rito-2020.pdf\" target=\"_blank\" rel=\"noopener\">Orden de m\u00e9rito 2020<\/a><\/p>\n<p>&nbsp;<\/p>\n<p>Se aprob\u00f3 por Disposici\u00f3n <a href=\"https:\/\/www.inet.edu.ar\/wp-content\/uploads\/2020\/06\/DI-2020-41671995-APN-INETME-1.pdf\" target=\"_blank\" rel=\"noopener\">DI-2020-41671995-APN-INET-ME<\/a>, el Reglamento para la Presentaci\u00f3n, Evaluaci\u00f3n, Asignaci\u00f3n y Rendici\u00f3n de los Proyectos del marco del R\u00e9gimen de Cr\u00e9dito Fiscal de la Ley N\u00b0 22.317.<\/p>\n<p>Disposici\u00f3n:\u00a0<a href=\"https:\/\/www.inet.edu.ar\/wp-content\/uploads\/2020\/06\/DI-2020-41671995-APN-INETME-1.pdf\" target=\"_blank\" rel=\"noopener\">DI-2020-41671995-APN-INET-ME<\/a><\/p>\n<p>Reglamento:\u00a0<a href=\"https:\/\/www.inet.edu.ar\/wp-content\/uploads\/2020\/06\/IF-2020-40588804-APN-INETME.pdf\" target=\"_blank\" rel=\"noopener\">IF-2020-40588804-APN-INET-ME<\/a><\/p>\n<p>&nbsp;<\/p>\n<p>Para ingresar a la Plataforma de Inscripci\u00f3n, haga <a href=\"http:\/\/creditofiscal.inet.edu.ar\/login\" target=\"_blank\" rel=\"noopener\">clic aqu\u00ed<\/a>.<\/p>\n<p>&nbsp;<\/p>\n<p><strong>Contacto:\u00a0<\/strong><a href=\"mailto:creditofiscal.inet@educacion.gob.ar\">creditofiscal.inet@educacion.gob.ar<\/a><\/p>\n<p><strong>Servicio t\u00e9cnico plataforma web<\/strong>: <a href=\"mailto:soporte.app.inet@educacion.gob.ar\">soporte.app.inet@educacion.gob.ar<\/a><\/p>\n","protected":false},"excerpt":{"rendered":"<p>&nbsp; Segunda Asignaci\u00f3n para proyectos Educaci\u00f3n\u2013Trabajo y\/o Proyectos de Innovaci\u00f3n y\/o Capacitaci\u00f3n Tecnol\u00f3gica por Disposici\u00f3n DI-2020-91367476 Bajar Disposici\u00f3n Bajar Anexo &nbsp; Disposici\u00f3n DI-2020-88687536 y Anexo I con los Proyectos Aprobados para la Convocatoria 2020. Bajar Disposici\u00f3n Bajar Anexo I \u00a0 Adjuntamos la\u00a0Orden de m\u00e9rito 2020 &nbsp; Se aprob\u00f3 por Disposici\u00f3n DI-2020-41671995-APN-INET-ME, el Reglamento para la [&hellip;]<\/p>\n","protected":false},"author":7,"featured_media":0,"parent":56,"menu_order":3,"comment_status":"closed","ping_status":"closed","template":"","meta":{"footnotes":""},"class_list":["post-33189","page","type-page","status-publish","hentry"],"_links":{"self":[{"href":"https:\/\/www.inet.edu.ar\/index.php\/wp-json\/wp\/v2\/pages\/33189","targetHints":{"allow":["GET"]}}],"collection":[{"href":"https:\/\/www.inet.edu.ar\/index.php\/wp-json\/wp\/v2\/pages"}],"about":[{"href":"https:\/\/www.inet.edu.ar\/index.php\/wp-json\/wp\/v2\/types\/page"}],"author":[{"embeddable":true,"href":"https:\/\/www.inet.edu.ar\/index.php\/wp-json\/wp\/v2\/users\/7"}],"replies":[{"embeddable":true,"href":"https:\/\/www.inet.edu.ar\/index.php\/wp-json\/wp\/v2\/comments?post=33189"}],"version-history":[{"count":16,"href":"https:\/\/www.inet.edu.ar\/index.php\/wp-json\/wp\/v2\/pages\/33189\/revisions"}],"predecessor-version":[{"id":34324,"href":"https:\/\/www.inet.edu.ar\/index.php\/wp-json\/wp\/v2\/pages\/33189\/revisions\/34324"}],"up":[{"embeddable":true,"href":"https:\/\/www.inet.edu.ar\/index.php\/wp-json\/wp\/v2\/pages\/56"}],"wp:attachment":[{"href":"https:\/\/www.inet.edu.ar\/index.php\/wp-json\/wp\/v2\/media?parent=33189"}],"curies":[{"name":"wp","href":"https:\/\/api.w.org\/{rel}","templated":true}]}}