{"id":33232,"date":"2020-07-14T15:06:15","date_gmt":"2020-07-14T18:06:15","guid":{"rendered":"https:\/\/www.inet.edu.ar\/?page_id=33232"},"modified":"2023-08-18T17:43:02","modified_gmt":"2023-08-18T20:43:02","slug":"programando-futuro-2020","status":"publish","type":"page","link":"https:\/\/www.inet.edu.ar\/index.php\/estudios-investigaciones\/equidad-de-genero-en-la-educacion-tecnico-profesional\/programando-futuro-2020\/","title":{"rendered":"Programando Futuro 2020"},"content":{"rendered":"<p><a href=\"https:\/\/www.inet.edu.ar\/wp-content\/uploads\/2020\/09\/PF-Web-08.png\"><img loading=\"lazy\" decoding=\"async\" class=\"aligncenter wp-image-33592\" src=\"https:\/\/www.inet.edu.ar\/wp-content\/uploads\/2020\/09\/PF-Web-08.png\" alt=\"\" width=\"750\" height=\"313\" srcset=\"https:\/\/www.inet.edu.ar\/wp-content\/uploads\/2020\/09\/PF-Web-08.png 1398w, https:\/\/www.inet.edu.ar\/wp-content\/uploads\/2020\/09\/PF-Web-08-240x100.png 240w, https:\/\/www.inet.edu.ar\/wp-content\/uploads\/2020\/09\/PF-Web-08-768x320.png 768w, https:\/\/www.inet.edu.ar\/wp-content\/uploads\/2020\/09\/PF-Web-08-468x195.png 468w\" sizes=\"auto, (max-width: 750px) 100vw, 750px\" \/><\/a><\/p>\n<p><strong>\u00a1Hola, les damos la bienvenida!<\/strong><\/p>\n<p>Programando Futuro es un espacio de encuentro para estudiantes y docentes de la Educaci\u00f3n T\u00e9cnico Profesional (ETP).<\/p>\n<p>Te invitamos a sumarte, compartir y participar de las distintas propuestas. El objetivo es conocernos y dar a conocer a las mujeres de la ETP.<\/p>\n<p>Buscamos visibilizar el enorme trabajo que hacen las estudiantes y docentes mujeres en la escuela y revalorizar su aporte en las distintas disciplinas en las que se desenvuelven.<\/p>\n<p>Queremos alentar y motivar a las mujeres para que sean ellas las futuras creadoras, dise\u00f1adoras y productoras de las nuevas tecnolog\u00edas, y alentarlas a que se sumen a estudiar carreras CTIM (Ciencias, Tecnolog\u00eda, Ingenier\u00edas y Matem\u00e1ticas)<\/p>\n<p>Esta iniciativa se enmarca dentro de las actividades que viene desarrollando el INET junto al Ministerio de Educaci\u00f3n de la Naci\u00f3n, con el objetivo de disminuir las brechas de g\u00e9nero en la modalidad, y en concordancia con el art. 40 de la Ley N\u00b0 26.058.<\/p>\n<p>Desde el <strong>19 al 30 de octubre<\/strong> encontrar\u00e1n aqu\u00ed y en el canal de Youtube del INET, las distintas propuestas para compartir:<\/p>\n<ul>\n<li><a href=\"https:\/\/www.inet.edu.ar\/index.php\/equidad-de-genero-en-la-educacion-tecnico-profesional\/programando-futuro-2020\/trabajos-escritos-y-videos\/\"><strong>Trabajos escritos y videos<\/strong><\/a> realizados por estudiantes y docentes de la ETP sobre diversas tem\u00e1ticas: Nuevas tecnolog\u00edas\/ Dise\u00f1o audiovisual (apps, juegos, arte tec) \/Automatizaci\u00f3n y Rob\u00f3tica \/ Alimentaci\u00f3n Sustentable y Agro \/ Energ\u00edas Renovables y Nuevos Materiales \/ La ESI en la T\u00e9cnica.<\/li>\n<li><a href=\"https:\/\/www.inet.edu.ar\/index.php\/equidad-de-genero-en-la-educacion-tecnico-profesional\/programando-futuro-2020\/conversatorios\/\"><strong>Conversatorios sobre ESI en la T\u00e9cnica y OLA<\/strong><\/a> (Oportunidades Acad\u00e9micas y Laborales para egresadas\/os de las escuelas secundarias t\u00e9cnicas) con otras voces y miradas por fuera de la escuela, relativas al \u00e1mbito profesional.<\/li>\n<li><a href=\"https:\/\/www.inet.edu.ar\/index.php\/equidad-de-genero-en-la-educacion-tecnico-profesional\/programando-futuro-2020\/ciclo-de-charlas-entre-cientificxs\/\"><strong>Entrevistas Charlas Entre Cient\u00edficxs <\/strong><\/a>conducidas por Nadia Chiaramoni y Valeria Edelstein con referentes mujeres de la tecnolog\u00eda, el agro y la industria.<\/li>\n<li><a href=\"https:\/\/www.inet.edu.ar\/index.php\/equidad-de-genero-en-la-educacion-tecnico-profesional\/programando-futuro-2020\/talleres\/\"><strong>Talleres sobre ESI<\/strong><\/a> para equipos directivos y docentes, requieren inscripci\u00f3n previa.<\/li>\n<\/ul>\n<p>Pod\u00e9s encontrar toda la programaci\u00f3n <a href=\"https:\/\/www.inet.edu.ar\/index.php\/equidad-de-genero-en-la-educacion-tecnico-profesional\/programando-futuro-2020\/agenda\/\">ac\u00e1<\/a>.<\/p>\n<p><a href=\"https:\/\/www.youtube.com\/channel\/UCKpd-B8McDUTwc_3kbZm18g\" target=\"_blank\" rel=\"noopener\">Ir al Youtube del INET, haciendo clic aqu\u00ed<\/a><\/p>\n<p>Instituciones que participan y apoyan este evento:<\/p>\n<p><a href=\"https:\/\/www.inet.edu.ar\/wp-content\/uploads\/2020\/10\/auspician-02-1.jpg\"><img loading=\"lazy\" decoding=\"async\" class=\"aligncenter wp-image-33702\" src=\"https:\/\/www.inet.edu.ar\/wp-content\/uploads\/2020\/10\/auspician-02-1.jpg\" alt=\"\" width=\"750\" height=\"669\" srcset=\"https:\/\/www.inet.edu.ar\/wp-content\/uploads\/2020\/10\/auspician-02-1.jpg 4575w, https:\/\/www.inet.edu.ar\/wp-content\/uploads\/2020\/10\/auspician-02-1-240x214.jpg 240w, https:\/\/www.inet.edu.ar\/wp-content\/uploads\/2020\/10\/auspician-02-1-768x685.jpg 768w, https:\/\/www.inet.edu.ar\/wp-content\/uploads\/2020\/10\/auspician-02-1-468x417.jpg 468w\" sizes=\"auto, (max-width: 750px) 100vw, 750px\" \/><\/a><\/p>\n","protected":false},"excerpt":{"rendered":"<p>\u00a1Hola, les damos la bienvenida! Programando Futuro es un espacio de encuentro para estudiantes y docentes de la Educaci\u00f3n T\u00e9cnico Profesional (ETP). Te invitamos a sumarte, compartir y participar de las distintas propuestas. El objetivo es conocernos y dar a conocer a las mujeres de la ETP. Buscamos visibilizar el enorme trabajo que hacen las [&hellip;]<\/p>\n","protected":false},"author":7,"featured_media":0,"parent":23912,"menu_order":8,"comment_status":"closed","ping_status":"closed","template":"","meta":{"footnotes":""},"class_list":["post-33232","page","type-page","status-publish","hentry"],"_links":{"self":[{"href":"https:\/\/www.inet.edu.ar\/index.php\/wp-json\/wp\/v2\/pages\/33232","targetHints":{"allow":["GET"]}}],"collection":[{"href":"https:\/\/www.inet.edu.ar\/index.php\/wp-json\/wp\/v2\/pages"}],"about":[{"href":"https:\/\/www.inet.edu.ar\/index.php\/wp-json\/wp\/v2\/types\/page"}],"author":[{"embeddable":true,"href":"https:\/\/www.inet.edu.ar\/index.php\/wp-json\/wp\/v2\/users\/7"}],"replies":[{"embeddable":true,"href":"https:\/\/www.inet.edu.ar\/index.php\/wp-json\/wp\/v2\/comments?post=33232"}],"version-history":[{"count":21,"href":"https:\/\/www.inet.edu.ar\/index.php\/wp-json\/wp\/v2\/pages\/33232\/revisions"}],"predecessor-version":[{"id":33711,"href":"https:\/\/www.inet.edu.ar\/index.php\/wp-json\/wp\/v2\/pages\/33232\/revisions\/33711"}],"up":[{"embeddable":true,"href":"https:\/\/www.inet.edu.ar\/index.php\/wp-json\/wp\/v2\/pages\/23912"}],"wp:attachment":[{"href":"https:\/\/www.inet.edu.ar\/index.php\/wp-json\/wp\/v2\/media?parent=33232"}],"curies":[{"name":"wp","href":"https:\/\/api.w.org\/{rel}","templated":true}]}}