{"id":33257,"date":"2020-07-15T16:49:23","date_gmt":"2020-07-15T19:49:23","guid":{"rendered":"https:\/\/www.inet.edu.ar\/?page_id=33257"},"modified":"2020-07-17T13:43:29","modified_gmt":"2020-07-17T16:43:29","slug":"inet-te-acompana","status":"publish","type":"page","link":"https:\/\/www.inet.edu.ar\/index.php\/material-de-capacitacion\/inet-te-acompana\/","title":{"rendered":"INET te acompa\u00f1a"},"content":{"rendered":"<p>&nbsp;<\/p>\n<p>Cuadernillo para docentes sobre ense\u00f1anza digital, compuesto por cinco documentos:<\/p>\n<ol>\n<li>La Escuela Secundaria T\u00e9cnica en cuarentena<\/li>\n<li>Construcci\u00f3n de v\u00ednculos pedag\u00f3gicos en la virtualidad<\/li>\n<li>Acompa\u00f1amiento y evaluaci\u00f3n en la virtualidad<\/li>\n<li>Plataformas para la creaci\u00f3n de aulas virtuales<\/li>\n<li>Recursos gratuitos para el dise\u00f1o de secuencias did\u00e1cticas<\/li>\n<\/ol>\n<p>&nbsp;<\/p>\n<p><a href=\"https:\/\/www.inet.edu.ar\/wp-content\/uploads\/2020\/07\/INET_Te_acompa--a.pdf\">Bajar Archivo<\/a><\/p>\n","protected":false},"excerpt":{"rendered":"<p>&nbsp; Cuadernillo para docentes sobre ense\u00f1anza digital, compuesto por cinco documentos: La Escuela Secundaria T\u00e9cnica en cuarentena Construcci\u00f3n de v\u00ednculos pedag\u00f3gicos en la virtualidad Acompa\u00f1amiento y evaluaci\u00f3n en la virtualidad Plataformas para la creaci\u00f3n de aulas virtuales Recursos gratuitos para el dise\u00f1o de secuencias did\u00e1cticas &nbsp; Bajar Archivo<\/p>\n","protected":false},"author":3,"featured_media":0,"parent":314,"menu_order":15,"comment_status":"closed","ping_status":"closed","template":"","meta":{"footnotes":""},"class_list":["post-33257","page","type-page","status-publish","hentry"],"_links":{"self":[{"href":"https:\/\/www.inet.edu.ar\/index.php\/wp-json\/wp\/v2\/pages\/33257","targetHints":{"allow":["GET"]}}],"collection":[{"href":"https:\/\/www.inet.edu.ar\/index.php\/wp-json\/wp\/v2\/pages"}],"about":[{"href":"https:\/\/www.inet.edu.ar\/index.php\/wp-json\/wp\/v2\/types\/page"}],"author":[{"embeddable":true,"href":"https:\/\/www.inet.edu.ar\/index.php\/wp-json\/wp\/v2\/users\/3"}],"replies":[{"embeddable":true,"href":"https:\/\/www.inet.edu.ar\/index.php\/wp-json\/wp\/v2\/comments?post=33257"}],"version-history":[{"count":3,"href":"https:\/\/www.inet.edu.ar\/index.php\/wp-json\/wp\/v2\/pages\/33257\/revisions"}],"predecessor-version":[{"id":33315,"href":"https:\/\/www.inet.edu.ar\/index.php\/wp-json\/wp\/v2\/pages\/33257\/revisions\/33315"}],"up":[{"embeddable":true,"href":"https:\/\/www.inet.edu.ar\/index.php\/wp-json\/wp\/v2\/pages\/314"}],"wp:attachment":[{"href":"https:\/\/www.inet.edu.ar\/index.php\/wp-json\/wp\/v2\/media?parent=33257"}],"curies":[{"name":"wp","href":"https:\/\/api.w.org\/{rel}","templated":true}]}}