{"id":33329,"date":"2020-07-20T20:15:52","date_gmt":"2020-07-20T23:15:52","guid":{"rendered":"https:\/\/www.inet.edu.ar\/?page_id=33329"},"modified":"2023-06-06T12:10:44","modified_gmt":"2023-06-06T15:10:44","slug":"guias-de-estudio-informatica","status":"publish","type":"page","link":"https:\/\/www.inet.edu.ar\/index.php\/material-de-capacitacion\/guias-de-estudio-informatica\/","title":{"rendered":"Gu\u00edas de Estudio &#8211; Inform\u00e1tica"},"content":{"rendered":"<h3>Redes<\/h3>\n<p><a href=\"https:\/\/www.inet.edu.ar\/wp-content\/uploads\/2020\/07\/REDES_Guias-de-estudio.zip\">Bajar todas las Gu\u00edas de estudio<\/a><\/p>\n<p><a href=\"https:\/\/www.inet.edu.ar\/wp-content\/uploads\/2020\/07\/REDES_Gu--a01_Introduccion.pdf\">Gu\u00eda 01_<\/a><a href=\"https:\/\/www.inet.edu.ar\/wp-content\/uploads\/2020\/07\/REDES_Gu--a01_Introduccion.pdf\">Introducci\u00f3n<\/a><\/p>\n<p><a href=\"https:\/\/www.inet.edu.ar\/wp-content\/uploads\/2020\/07\/REDES_Gu--a02_Topolog--as.pdf\">Gu\u00eda 02_Topolog\u00edas<\/a><\/p>\n<p><a href=\"https:\/\/www.inet.edu.ar\/wp-content\/uploads\/2020\/07\/REDES_Gu--a03_Internet.pdf\">Gu\u00eda 03_Internet<\/a><\/p>\n<p><a href=\"https:\/\/www.inet.edu.ar\/wp-content\/uploads\/2020\/07\/REDES_Gu--a04_Modelo-OSI.pdf\">Gu\u00eda 04_Modelo OSI<\/a><\/p>\n<p><a href=\"https:\/\/www.inet.edu.ar\/wp-content\/uploads\/2020\/07\/REDES_Gu--a05_Modelo-TCP-IP.pdf\">Gu\u00eda 05_Modelo TCP-IP<\/a><\/p>\n<p><a href=\"https:\/\/www.inet.edu.ar\/wp-content\/uploads\/2020\/07\/REDES_Gu--a06_Direccionamiento-IP.pdf\">Gu\u00eda 06_Direccionamiento IP<\/a><\/p>\n<p><a href=\"https:\/\/www.inet.edu.ar\/wp-content\/uploads\/2020\/07\/REDES_Gu--a07_M--scara-de-subred.pdf\">Gu\u00eda 07_M\u00e1scara de subred<\/a><\/p>\n<p><a href=\"https:\/\/www.inet.edu.ar\/wp-content\/uploads\/2020\/07\/REDES_Gu--a08_Subnetting_1.pdf\">Gu\u00eda 08_Subnetting_1<\/a><\/p>\n<p><a href=\"https:\/\/www.inet.edu.ar\/wp-content\/uploads\/2020\/07\/REDES_Gu--a09_Subnetting_2.pdf\">Gu\u00eda 09_Subnetting_2<\/a><\/p>\n<h3>Pr\u00e1ctica con Redes<\/h3>\n<p><a href=\"https:\/\/www.inet.edu.ar\/wp-content\/uploads\/2020\/07\/REDES-PRACTICA_Guias-de-estudio.zip\">Bajar todas las Gu\u00edas de estudio<\/a><\/p>\n<p><a href=\"https:\/\/www.inet.edu.ar\/wp-content\/uploads\/2020\/07\/REDES-PRACTICA_Gu--a01_Ping.pdf\">Gu\u00eda 01_Ping<\/a><\/p>\n<p><a href=\"https:\/\/www.inet.edu.ar\/wp-content\/uploads\/2020\/07\/REDES-PRACTICA_Gu--a02_Tracert1.pdf\">Gu\u00eda 02_Tracert1<\/a><\/p>\n<p><a href=\"https:\/\/www.inet.edu.ar\/wp-content\/uploads\/2020\/07\/REDES-PRACTICA_Gu--a03_tracert2.pdf\">Gu\u00eda 03_Tracert2<\/a><\/p>\n<p><a href=\"https:\/\/www.inet.edu.ar\/wp-content\/uploads\/2020\/07\/REDES-PRACTICA_Gu--a04_ipconfig.pdf\">Gu\u00eda 04_Ipconfig<\/a><\/p>\n<p><a href=\"https:\/\/www.inet.edu.ar\/wp-content\/uploads\/2020\/07\/REDES-PRACTICA_Gu--a05_ARP.pdf\">Gu\u00eda 05_ARP<\/a><\/p>\n<p><a href=\"https:\/\/www.inet.edu.ar\/wp-content\/uploads\/2020\/07\/REDES-PRACTICA_Gu--a06_route.pdf\">Gu\u00eda 06_Route<\/a><\/p>\n<p><a href=\"https:\/\/www.inet.edu.ar\/wp-content\/uploads\/2020\/07\/REDES-PRACTICA_Gu--a07_netstat.pdf\">Gu\u00eda 07_Netstat<\/a><\/p>\n<p><a href=\"https:\/\/www.inet.edu.ar\/wp-content\/uploads\/2020\/07\/REDES-PRACTICA_Gu--a08_netsh.pdf\">Gu\u00eda 08_Netsh<\/a><\/p>\n","protected":false},"excerpt":{"rendered":"<p>Redes Bajar todas las Gu\u00edas de estudio Gu\u00eda 01_Introducci\u00f3n Gu\u00eda 02_Topolog\u00edas Gu\u00eda 03_Internet Gu\u00eda 04_Modelo OSI Gu\u00eda 05_Modelo TCP-IP Gu\u00eda 06_Direccionamiento IP Gu\u00eda 07_M\u00e1scara de subred Gu\u00eda 08_Subnetting_1 Gu\u00eda 09_Subnetting_2 Pr\u00e1ctica con Redes Bajar todas las Gu\u00edas de estudio Gu\u00eda 01_Ping Gu\u00eda 02_Tracert1 Gu\u00eda 03_Tracert2 Gu\u00eda 04_Ipconfig Gu\u00eda 05_ARP Gu\u00eda 06_Route Gu\u00eda 07_Netstat Gu\u00eda 08_Netsh<\/p>\n","protected":false},"author":3,"featured_media":0,"parent":314,"menu_order":18,"comment_status":"closed","ping_status":"closed","template":"","meta":{"footnotes":""},"class_list":["post-33329","page","type-page","status-publish","hentry"],"_links":{"self":[{"href":"https:\/\/www.inet.edu.ar\/index.php\/wp-json\/wp\/v2\/pages\/33329","targetHints":{"allow":["GET"]}}],"collection":[{"href":"https:\/\/www.inet.edu.ar\/index.php\/wp-json\/wp\/v2\/pages"}],"about":[{"href":"https:\/\/www.inet.edu.ar\/index.php\/wp-json\/wp\/v2\/types\/page"}],"author":[{"embeddable":true,"href":"https:\/\/www.inet.edu.ar\/index.php\/wp-json\/wp\/v2\/users\/3"}],"replies":[{"embeddable":true,"href":"https:\/\/www.inet.edu.ar\/index.php\/wp-json\/wp\/v2\/comments?post=33329"}],"version-history":[{"count":2,"href":"https:\/\/www.inet.edu.ar\/index.php\/wp-json\/wp\/v2\/pages\/33329\/revisions"}],"predecessor-version":[{"id":37703,"href":"https:\/\/www.inet.edu.ar\/index.php\/wp-json\/wp\/v2\/pages\/33329\/revisions\/37703"}],"up":[{"embeddable":true,"href":"https:\/\/www.inet.edu.ar\/index.php\/wp-json\/wp\/v2\/pages\/314"}],"wp:attachment":[{"href":"https:\/\/www.inet.edu.ar\/index.php\/wp-json\/wp\/v2\/media?parent=33329"}],"curies":[{"name":"wp","href":"https:\/\/api.w.org\/{rel}","templated":true}]}}