{"id":33350,"date":"2020-07-20T20:30:37","date_gmt":"2020-07-20T23:30:37","guid":{"rendered":"https:\/\/www.inet.edu.ar\/?page_id=33350"},"modified":"2023-06-06T12:15:58","modified_gmt":"2023-06-06T15:15:58","slug":"guias-de-estudio-programacion","status":"publish","type":"page","link":"https:\/\/www.inet.edu.ar\/index.php\/material-de-capacitacion\/guias-de-estudio-programacion\/","title":{"rendered":"Gu\u00edas de Estudio &#8211; Programaci\u00f3n"},"content":{"rendered":"<h3>Introducci\u00f3n<\/h3>\n<p><a href=\"https:\/\/www.inet.edu.ar\/wp-content\/uploads\/2020\/07\/PROGRAMACION_Introduccion.zip\">Bajar todas las Gu\u00edas de Estudio &#8211; Introducci\u00f3n<\/a><\/p>\n<p><a href=\"https:\/\/www.inet.edu.ar\/wp-content\/uploads\/2020\/07\/Programacion_01-Lenguajes-de-programacion-Parte-1.pdf\">Gu\u00eda 01-Lenguajes de programaci\u00f3n Parte 1<\/a><\/p>\n<p><a href=\"https:\/\/www.inet.edu.ar\/wp-content\/uploads\/2020\/07\/Programacion_02-Lenguajes-de-programacion-Parte-2.pdf\">Gu\u00eda 02-Lenguajes de programaci\u00f3n Parte 2<\/a><\/p>\n<p><a href=\"https:\/\/www.inet.edu.ar\/wp-content\/uploads\/2020\/07\/Programacion_03-Metodolog--as---giles.pdf\">Gu\u00eda 03-Metodolog\u00edas \u00c1giles<\/a><\/p>\n<h3>C#<\/h3>\n<p><a href=\"https:\/\/www.inet.edu.ar\/wp-content\/uploads\/2020\/07\/PROGRAMACION_C.zip\">Bajar todas las Gu\u00edas de Estudio C#<\/a><\/p>\n<p><a href=\"https:\/\/www.inet.edu.ar\/wp-content\/uploads\/2020\/07\/C_01_Comenzando-con-Visual-Studio.pdf\">C#_01_Comenzando con Visual Studio<\/a><\/p>\n<p><a href=\"https:\/\/www.inet.edu.ar\/wp-content\/uploads\/2020\/07\/C_02_Variables.pdf\">C#_02_Variables<\/a><\/p>\n<p><a href=\"https:\/\/www.inet.edu.ar\/wp-content\/uploads\/2020\/07\/C_03_Operadores-y-lectura.pdf\">C#_03_Operadores y lectura<\/a><\/p>\n<p><a href=\"https:\/\/www.inet.edu.ar\/wp-content\/uploads\/2020\/07\/C_04_Condicionales.pdf\">C#_04_Condicionales<\/a><\/p>\n<p><a href=\"https:\/\/www.inet.edu.ar\/wp-content\/uploads\/2020\/07\/C_05_Estructuras-iterativas.pdf\">C#_05_Estructuras iterativas<\/a><\/p>\n<p><a href=\"https:\/\/www.inet.edu.ar\/wp-content\/uploads\/2020\/07\/C_06_Funciones.pdf\">C#_06_Funciones<\/a><\/p>\n<p><a href=\"https:\/\/www.inet.edu.ar\/wp-content\/uploads\/2020\/07\/C_07_Funciones-con-par--metros.pdf\">C#_07_Funciones con par\u00e1metros<\/a><\/p>\n<p><a href=\"https:\/\/www.inet.edu.ar\/wp-content\/uploads\/2020\/07\/C_08_Arreglos.pdf\">C#_08_Arreglos<\/a><\/p>\n<p><a href=\"https:\/\/www.inet.edu.ar\/wp-content\/uploads\/2020\/07\/C_09_Recorrer-arreglos.pdf\">C#_09_Recorrer arreglos<\/a><\/p>\n<p><a href=\"https:\/\/www.inet.edu.ar\/wp-content\/uploads\/2020\/07\/C_10_Matrices.pdf\">C#_10_Matrices<\/a><\/p>\n<p><a href=\"https:\/\/www.inet.edu.ar\/wp-content\/uploads\/2020\/07\/C_11_Array-List.pdf\">C#_11_Array List<\/a><\/p>\n<p><a href=\"https:\/\/www.inet.edu.ar\/wp-content\/uploads\/2020\/07\/C_12_Pilas.pdf\">C#_12_Pilas<\/a><\/p>\n<p><a href=\"https:\/\/www.inet.edu.ar\/wp-content\/uploads\/2020\/07\/C_13_Colas.pdf\">C#_13_Colas<\/a><\/p>\n<h3>Python<\/h3>\n<p><a href=\"https:\/\/www.inet.edu.ar\/wp-content\/uploads\/2023\/06\/PROGRAMACION_Python.zip\">Bajar todas las Gu\u00edas de Python<\/a><\/p>\n<p><a href=\"https:\/\/www.inet.edu.ar\/wp-content\/uploads\/2020\/07\/Python_01-Introduccion.pdf\">Python_01-Introducci\u00f3n<\/a><\/p>\n<p><a href=\"https:\/\/www.inet.edu.ar\/wp-content\/uploads\/2020\/07\/Python_02-Introduccion-a-Pyhton.pdf\">Python_02-Introducci\u00f3n a Pyhton<\/a><\/p>\n<p><a href=\"https:\/\/www.inet.edu.ar\/wp-content\/uploads\/2020\/07\/Python_03-Variables.pdf\">Python_03-Variables<\/a><\/p>\n<p><a href=\"https:\/\/www.inet.edu.ar\/wp-content\/uploads\/2020\/07\/Python_04-Comentarios-y-Operadores.pdf\">Python_04-Comentarios y Operadores<\/a><\/p>\n<p><a href=\"https:\/\/www.inet.edu.ar\/wp-content\/uploads\/2020\/07\/Python_05-Operadores.pdf\">Python_05-Operadores<\/a><\/p>\n<p><a href=\"https:\/\/www.inet.edu.ar\/wp-content\/uploads\/2020\/07\/Python_06-Funciones-integradas.pdf\">Python_06-Funciones integradas<\/a><\/p>\n<p><a href=\"https:\/\/www.inet.edu.ar\/wp-content\/uploads\/2020\/07\/Python_07-Entrada-y-salida-de-datos.pdf\">Python_07-Entrada y salida de datos<\/a><\/p>\n<p><a href=\"https:\/\/www.inet.edu.ar\/wp-content\/uploads\/2020\/07\/Python_08-Funciones-integradas.pdf\">Python_08-Funciones integradas<\/a><\/p>\n<p><a href=\"https:\/\/www.inet.edu.ar\/wp-content\/uploads\/2020\/07\/Python_09-Estructuras-condicionales.pdf\">Python_09-Estructuras condicionales<\/a><\/p>\n<p><a href=\"https:\/\/www.inet.edu.ar\/wp-content\/uploads\/2020\/07\/Python_10-Listas.pdf\">Python_10-Listas<\/a><\/p>\n<p><a href=\"https:\/\/www.inet.edu.ar\/wp-content\/uploads\/2020\/07\/Python_11-Tuplas-y-conjuntos.pdf\">Python_11-Tuplas y conjuntos<\/a><\/p>\n<p><a href=\"https:\/\/www.inet.edu.ar\/wp-content\/uploads\/2020\/07\/Python_12-Diccionarios.pdf\">Python_12-Diccionarios<\/a><\/p>\n<p><a href=\"https:\/\/www.inet.edu.ar\/wp-content\/uploads\/2020\/07\/Python_13-Pilas-y-colas.pdf\">Python_13-Pilas y colas<\/a><\/p>\n<p><a href=\"https:\/\/www.inet.edu.ar\/wp-content\/uploads\/2020\/07\/Python_14-Bucles.pdf\">Python_14-Bucles<\/a><\/p>\n","protected":false},"excerpt":{"rendered":"<p>Introducci\u00f3n Bajar todas las Gu\u00edas de Estudio &#8211; Introducci\u00f3n Gu\u00eda 01-Lenguajes de programaci\u00f3n Parte 1 Gu\u00eda 02-Lenguajes de programaci\u00f3n Parte 2 Gu\u00eda 03-Metodolog\u00edas \u00c1giles C# Bajar todas las Gu\u00edas de Estudio C# C#_01_Comenzando con Visual Studio C#_02_Variables C#_03_Operadores y lectura C#_04_Condicionales C#_05_Estructuras iterativas C#_06_Funciones C#_07_Funciones con par\u00e1metros C#_08_Arreglos C#_09_Recorrer arreglos C#_10_Matrices C#_11_Array List C#_12_Pilas C#_13_Colas [&hellip;]<\/p>\n","protected":false},"author":3,"featured_media":0,"parent":314,"menu_order":19,"comment_status":"closed","ping_status":"closed","template":"","meta":{"footnotes":""},"class_list":["post-33350","page","type-page","status-publish","hentry"],"_links":{"self":[{"href":"https:\/\/www.inet.edu.ar\/index.php\/wp-json\/wp\/v2\/pages\/33350","targetHints":{"allow":["GET"]}}],"collection":[{"href":"https:\/\/www.inet.edu.ar\/index.php\/wp-json\/wp\/v2\/pages"}],"about":[{"href":"https:\/\/www.inet.edu.ar\/index.php\/wp-json\/wp\/v2\/types\/page"}],"author":[{"embeddable":true,"href":"https:\/\/www.inet.edu.ar\/index.php\/wp-json\/wp\/v2\/users\/3"}],"replies":[{"embeddable":true,"href":"https:\/\/www.inet.edu.ar\/index.php\/wp-json\/wp\/v2\/comments?post=33350"}],"version-history":[{"count":4,"href":"https:\/\/www.inet.edu.ar\/index.php\/wp-json\/wp\/v2\/pages\/33350\/revisions"}],"predecessor-version":[{"id":37706,"href":"https:\/\/www.inet.edu.ar\/index.php\/wp-json\/wp\/v2\/pages\/33350\/revisions\/37706"}],"up":[{"embeddable":true,"href":"https:\/\/www.inet.edu.ar\/index.php\/wp-json\/wp\/v2\/pages\/314"}],"wp:attachment":[{"href":"https:\/\/www.inet.edu.ar\/index.php\/wp-json\/wp\/v2\/media?parent=33350"}],"curies":[{"name":"wp","href":"https:\/\/api.w.org\/{rel}","templated":true}]}}