{"id":34020,"date":"2020-12-11T16:21:11","date_gmt":"2020-12-11T19:21:11","guid":{"rendered":"https:\/\/www.inet.edu.ar\/?page_id=34020"},"modified":"2025-09-11T15:19:31","modified_gmt":"2025-09-11T18:19:31","slug":"recursos-didacticos","status":"publish","type":"page","link":"https:\/\/www.inet.edu.ar\/index.php\/pronafe\/recursos-didacticos\/","title":{"rendered":"Recursos Did\u00e1cticos"},"content":{"rendered":"<p>\u00a0<\/p>\n<p>Ense\u00f1ar y aprender en el contexto actual es a la vez un desaf\u00edo y una oportunidad. Un desaf\u00edo, porque interpela directamente en la tarea docente. Pero a la vez es una oportunidad para explorar la potencialidad que ofrecen diversas tecnolog\u00edas para recrear las pr\u00e1cticas de ense\u00f1anza de la enfermer\u00eda en entornos virtuales.<\/p>\n<p>Los\/as estudiantes no aprenden leyendo un texto o escuchando y mirando un video. S\u00ed lo hacen participando de actividades de aprendizaje que, eventualmente, pueden incluir la lectura o escucha y la resoluci\u00f3n de una gu\u00eda de preguntas. Lo que hace la diferencia es la elecci\u00f3n de las estrategias de ense\u00f1anza adecuadas para cada contenido, destinatario y situaci\u00f3n.<\/p>\n<p>Frente a las dificultades de encontrar los recursos did\u00e1cticos espec\u00edficos y convenientes para realizar esas estrategias es que el <strong>INET<\/strong> crea el<strong> <a href=\"https:\/\/www.bidi.la\/inet\">CENTRO DE RECURSOS DID\u00c1CTICOS PRONAFE<\/a>,<\/strong> destinado a todos\/as los\/as docentes y estudiantes de Enfermer\u00eda de la Argentina.<\/p>\n<p>El mismo se estructura en dos grandes espacios, llamados \u201cEspacio para estudiantes\u201d y \u201cEspacio para docentes\u201d, donde se puede encontrar:<\/p>\n<ul>\n<li>Cursos de Formaci\u00f3n Docente<\/li>\n<li>Gu\u00edas para realizar clases virtuales<\/li>\n<li>Recursos para la Educaci\u00f3n Virtual<br \/>1) Recursos digitales <a href=\"http:\/\/www.educ.ar\">www.educ.ar<\/a>.<br \/>2) Todo sobre Internet.<br \/>3) Producci\u00f3n de material audiovisual y de dise\u00f1o gr\u00e1fico.<br \/>4) Establecer las bases fundamentales de la inform\u00e1tica para principiantes.<br \/>5) Conceptos de la producci\u00f3n de material colaborativo.<br \/>6) Diferentes formas de establecer una efectiva comunicaci\u00f3n desde la virtualidad.<\/li>\n<\/ul>\n<ul>\n<li>Recursos para la simulaci\u00f3n cl\u00ednica presencial y virtual.<\/li>\n<li>Biblioteca digital de enfermer\u00eda.<\/li>\n<li>Pr\u00e1cticas profesionalizantes basadas en simulaci\u00f3n cl\u00ednica.<\/li>\n<li>Recursos audiovisuales PRONAFE.<\/li>\n<\/ul>\n<p>Ir al\u00a0<strong><a href=\"https:\/\/www.bidi.la\/inet\">CENTRO DE RECURSOS DID\u00c1CTICOS PRONAFE<\/a><\/strong><\/p>\n<p>\u00a0<\/p>\n<p><strong>APP PRONAFE<\/strong><\/p>\n<p>La APP PRONAFE fue construida de forma federal, con desarrollo de contenidos por parte de Docentes de Instituciones del pa\u00eds, que contribuyeron con temas y contenidos, para que se logre tener esta importante herramienta de descarga gratuita para la utilizaci\u00f3n en el aula virtual y en la presencialidad.<\/p>\n<p>Tiene 11 m\u00f3dulos, con un promedio de 10 unidades cada uno que desarrollan los temas de la formaci\u00f3n de enfermer\u00eda priorizados, tomando cuenta el marco de referencia de la carrera. Su dise\u00f1o en m\u00f3dulos habilita un trayecto formativo, \u00e1gil y din\u00e1mico.<\/p>\n<p>En este momento se est\u00e1 trabajando en la actualizaci\u00f3n de la APP PRONAFE, herramienta que permite el aprendizaje de contenidos esenciales de la carrera de Enfermer\u00eda.<\/p>\n<p>\u00a0<\/p>\n\n\n<figure class=\"wp-block-image size-large\"><img loading=\"lazy\" decoding=\"async\" width=\"468\" height=\"252\" src=\"https:\/\/www.inet.edu.ar\/wp-content\/uploads\/2024\/03\/AppPRONAFE-468x252.jpg\" alt=\"\" class=\"wp-image-39049\" srcset=\"https:\/\/www.inet.edu.ar\/wp-content\/uploads\/2024\/03\/AppPRONAFE-468x252.jpg 468w, https:\/\/www.inet.edu.ar\/wp-content\/uploads\/2024\/03\/AppPRONAFE-240x129.jpg 240w, https:\/\/www.inet.edu.ar\/wp-content\/uploads\/2024\/03\/AppPRONAFE.jpg 567w\" sizes=\"auto, (max-width: 468px) 100vw, 468px\" \/><\/figure>\n","protected":false},"excerpt":{"rendered":"<p>\u00a0 Ense\u00f1ar y aprender en el contexto actual es a la vez un desaf\u00edo y una oportunidad. Un desaf\u00edo, porque interpela directamente en la tarea docente. Pero a la vez es una oportunidad para explorar la potencialidad que ofrecen diversas tecnolog\u00edas para recrear las pr\u00e1cticas de ense\u00f1anza de la enfermer\u00eda en entornos virtuales. Los\/as estudiantes [&hellip;]<\/p>\n","protected":false},"author":3,"featured_media":0,"parent":16676,"menu_order":4,"comment_status":"closed","ping_status":"closed","template":"","meta":{"footnotes":""},"class_list":["post-34020","page","type-page","status-publish","hentry"],"_links":{"self":[{"href":"https:\/\/www.inet.edu.ar\/index.php\/wp-json\/wp\/v2\/pages\/34020","targetHints":{"allow":["GET"]}}],"collection":[{"href":"https:\/\/www.inet.edu.ar\/index.php\/wp-json\/wp\/v2\/pages"}],"about":[{"href":"https:\/\/www.inet.edu.ar\/index.php\/wp-json\/wp\/v2\/types\/page"}],"author":[{"embeddable":true,"href":"https:\/\/www.inet.edu.ar\/index.php\/wp-json\/wp\/v2\/users\/3"}],"replies":[{"embeddable":true,"href":"https:\/\/www.inet.edu.ar\/index.php\/wp-json\/wp\/v2\/comments?post=34020"}],"version-history":[{"count":6,"href":"https:\/\/www.inet.edu.ar\/index.php\/wp-json\/wp\/v2\/pages\/34020\/revisions"}],"predecessor-version":[{"id":39050,"href":"https:\/\/www.inet.edu.ar\/index.php\/wp-json\/wp\/v2\/pages\/34020\/revisions\/39050"}],"up":[{"embeddable":true,"href":"https:\/\/www.inet.edu.ar\/index.php\/wp-json\/wp\/v2\/pages\/16676"}],"wp:attachment":[{"href":"https:\/\/www.inet.edu.ar\/index.php\/wp-json\/wp\/v2\/media?parent=34020"}],"curies":[{"name":"wp","href":"https:\/\/api.w.org\/{rel}","templated":true}]}}